{"id":694402,"date":"2024-09-16T14:42:04","date_gmt":"2024-09-16T11:42:04","guid":{"rendered":"https:\/\/nbg.eu\/product\/slide-stop-kmr-s\/"},"modified":"2026-05-13T16:02:56","modified_gmt":"2026-05-13T13:02:56","slug":"slide-stop-kmr-s","status":"publish","type":"product","link":"https:\/\/nbg.eu\/cs\/produkt\/slide-stop-kmr-s\/","title":{"rendered":"KMR Z\u00e1chyt Z\u00e1v\u011bru S"},"content":{"rendered":"<h2>SLIDE STOP S &#8211; Nezbytn\u00e1 bezpe\u010dnostn\u00ed funkce pro va\u0161e zbran\u011b<\/h2>\n<p>SLIDE STOP S je z\u00e1sadn\u00ed sou\u010d\u00e1st\u00ed va\u0161\u00ed zbran\u011b, navr\u017een\u00e1 pro zv\u00fd\u0161en\u00ed bezpe\u010dnosti a funk\u010dnosti. Kdy\u017e je z\u00e1sobn\u00edk pr\u00e1zdn\u00fd, automaticky se uzamkne z\u00e1v\u011br v zadn\u00ed pozici, z\u0159eteln\u011b signalizuj\u00edc\u00ed st\u0159elci, \u017ee je t\u0159eba vlo\u017eit nov\u00fd z\u00e1sobn\u00edk.<\/p>\n<p>Tato funkce umo\u017e\u0148uje plynul\u00e9 p\u0159eb\u00edjen\u00ed, kdy st\u0159elec jednodu\u0161e stiskne uz\u00e1v\u011br z\u00e1v\u011bru a uvoln\u00ed jej, \u010d\u00edm\u017e se do n\u00e1bojov\u00e9 komory zavede prvn\u00ed n\u00e1boj. SLIDE STOP S slou\u017e\u00ed jako bezpe\u010dnostn\u00ed mechanismus, kter\u00fd zabra\u0148uje necht\u011blen\u00e9mu v\u00fdst\u0159elu, dokud nen\u00ed spr\u00e1vn\u011b vlo\u017een z\u00e1sobn\u00edk a zbra\u0148 je p\u0159ipravena k pou\u017eit\u00ed.<\/p>\n<p>Kompatibiln\u00ed s n\u00e1sleduj\u00edc\u00edmi modely zbran\u00ed:<\/p>\n<p>KMR S-01 LANCE (OR)<\/p>\n<p>KMR S-02 75 (OR) SR ADA,<\/p>\n<p>KMR S-02 FROM 2024,<\/p>\n<p>KMR S-02 SH1 (OR) SR ADA,<\/p>\n<p>KMR S-02 UNTIL 2023.<\/p>\n<p>\u010c\u00edslo polo\u017eky: 1110-01503-0400.<\/p>\n","protected":false},"excerpt":{"rendered":"<p>Z\u00e1padka v zadn\u00ed poloze signalizuje pr\u00e1zdn\u00fd z\u00e1sobn\u00edk. Umo\u017e\u0148uje na\u010dten\u00ed nov\u00e9 munice. Bezpe\u010dnostn\u00ed funkce zabra\u0148uj\u00edc\u00ed necht\u011bn\u00e9mu v\u00fdst\u0159elu.<\/p>\n","protected":false},"featured_media":25884,"template":"","meta":{"_acf_changed":false},"product_brand":[11490],"product_cat":[12659],"product_tag":[],"class_list":{"0":"post-694402","1":"product","2":"type-product","3":"status-publish","4":"has-post-thumbnail","6":"product_brand-kmr-precision","7":"product_cat-kmr-dily","9":"first","10":"instock","11":"taxable","12":"shipping-taxable","13":"product-type-simple"},"acf":[],"_links":{"self":[{"href":"https:\/\/nbg.eu\/cs\/wp-json\/wp\/v2\/product\/694402","targetHints":{"allow":["GET"]}}],"collection":[{"href":"https:\/\/nbg.eu\/cs\/wp-json\/wp\/v2\/product"}],"about":[{"href":"https:\/\/nbg.eu\/cs\/wp-json\/wp\/v2\/types\/product"}],"wp:featuredmedia":[{"embeddable":true,"href":"https:\/\/nbg.eu\/cs\/wp-json\/wp\/v2\/media\/25884"}],"wp:attachment":[{"href":"https:\/\/nbg.eu\/cs\/wp-json\/wp\/v2\/media?parent=694402"}],"wp:term":[{"taxonomy":"product_brand","embeddable":true,"href":"https:\/\/nbg.eu\/cs\/wp-json\/wp\/v2\/product_brand?post=694402"},{"taxonomy":"product_cat","embeddable":true,"href":"https:\/\/nbg.eu\/cs\/wp-json\/wp\/v2\/product_cat?post=694402"},{"taxonomy":"product_tag","embeddable":true,"href":"https:\/\/nbg.eu\/cs\/wp-json\/wp\/v2\/product_tag?post=694402"}],"curies":[{"name":"wp","href":"https:\/\/api.w.org\/{rel}","templated":true}]}}