{"id":694446,"date":"2024-09-16T14:36:57","date_gmt":"2024-09-16T11:36:57","guid":{"rendered":"https:\/\/nbg.eu\/product\/slide-stop-27-kmr\/"},"modified":"2026-02-02T18:40:59","modified_gmt":"2026-02-02T15:40:59","slug":"slide-stop-27-kmr","status":"publish","type":"product","link":"https:\/\/nbg.eu\/cs\/produkt\/slide-stop-27-kmr\/","title":{"rendered":"ZASTAVEN\u00cd SKLUZAVKY 27 KMR"},"content":{"rendered":"<h2>SLIDE STOP 27 KMR &#8211; Spolehliv\u00fd ukazatel bezpe\u010dnosti a op\u011btovn\u00e9ho nabit\u00ed zbran\u011b<\/h2>\n<p>SLIDE STOP 27 KMR je d\u016fle\u017eit\u00e1 funkce, kter\u00e1 zvy\u0161uje bezpe\u010dnost a funk\u010dnost va\u0161\u00ed zbran\u011b. Kdy\u017e je z\u00e1sobn\u00edk pr\u00e1zdn\u00fd, z\u00e1chyt z\u00e1v\u011bru automaticky zablokuje z\u00e1v\u011br v zadn\u00ed poloze, co\u017e poskytuje jasn\u00fd vizu\u00e1ln\u00ed sign\u00e1l, \u017ee je pot\u0159eba vym\u011bnit z\u00e1sobn\u00edk.<\/p>\n<p>Tato funkce umo\u017e\u0148uje snadn\u00e9 op\u011btovn\u00e9 nabit\u00ed, proto\u017ee st\u0159elec m\u016f\u017ee jednodu\u0161e stla\u010dit z\u00e1chyt z\u00e1v\u011bru, aby uvolnil z\u00e1v\u011br a nabil prvn\u00ed n\u00e1boj do komory, jakmile je vlo\u017een nov\u00fd z\u00e1sobn\u00edk. SLIDE STOP 27 KMR p\u016fsob\u00ed jako spolehliv\u00fd bezpe\u010dnostn\u00ed mechanismus, kter\u00fd zabra\u0148uje n\u00e1hodn\u00e9mu v\u00fdst\u0159elu, dokud nen\u00ed z\u00e1sobn\u00edk \u0159\u00e1dn\u011b zaji\u0161t\u011bn a zbra\u0148 p\u0159ipravena k pou\u017eit\u00ed.<\/p>\n<p>Vyrobeno s p\u0159esnost\u00ed a pozornost\u00ed k detailu, SLIDE STOP 27 KMR je cenn\u00fdm dopl\u0148kem ka\u017ed\u00e9 zbran\u011b, kter\u00fd zaji\u0161\u0165uje bezpe\u010dn\u011bj\u0161\u00ed a efektivn\u011bj\u0161\u00ed st\u0159eleck\u00fd z\u00e1\u017eitek. A\u0165 u\u017e jste ost\u0159\u00edlen\u00fd st\u0159elec nebo za\u010d\u00e1te\u010dn\u00edk, tato funkce v\u00e1m poskytne pocit klidu a sebed\u016fv\u011bry na st\u0159elnici nebo v ter\u00e9nu.<\/p>\n<p>Pro zbran\u011b KMR<br \/>\nKMR L-02 SPECTRA UNTIL 2023<br \/>\nKMR W-02 CUDA (OR)<br \/>\nKMR W-02 UMBRA<br \/>\nKMR W-02 UMBRA (OR)<\/p>\n","protected":false},"excerpt":{"rendered":"<p>Funkce z\u00e1mku posuvu automaticky zamyk\u00e1 posuv, kdy\u017e je z\u00e1sobn\u00edk pr\u00e1zdn\u00fd, umo\u017e\u0148uje nalo\u017een\u00ed nov\u00e9 munice a zabra\u0148uje n\u00e1hodn\u00e9mu v\u00fdst\u0159elu.<\/p>\n","protected":false},"featured_media":25861,"template":"","meta":{"_acf_changed":false},"product_brand":[11490],"product_cat":[12659],"product_tag":[],"class_list":{"0":"post-694446","1":"product","2":"type-product","3":"status-publish","4":"has-post-thumbnail","6":"product_brand-kmr-precision","7":"product_cat-kmr-dily","9":"first","10":"instock","11":"taxable","12":"shipping-taxable","13":"product-type-simple"},"acf":[],"_links":{"self":[{"href":"https:\/\/nbg.eu\/cs\/wp-json\/wp\/v2\/product\/694446","targetHints":{"allow":["GET"]}}],"collection":[{"href":"https:\/\/nbg.eu\/cs\/wp-json\/wp\/v2\/product"}],"about":[{"href":"https:\/\/nbg.eu\/cs\/wp-json\/wp\/v2\/types\/product"}],"wp:featuredmedia":[{"embeddable":true,"href":"https:\/\/nbg.eu\/cs\/wp-json\/wp\/v2\/media\/25861"}],"wp:attachment":[{"href":"https:\/\/nbg.eu\/cs\/wp-json\/wp\/v2\/media?parent=694446"}],"wp:term":[{"taxonomy":"product_brand","embeddable":true,"href":"https:\/\/nbg.eu\/cs\/wp-json\/wp\/v2\/product_brand?post=694446"},{"taxonomy":"product_cat","embeddable":true,"href":"https:\/\/nbg.eu\/cs\/wp-json\/wp\/v2\/product_cat?post=694446"},{"taxonomy":"product_tag","embeddable":true,"href":"https:\/\/nbg.eu\/cs\/wp-json\/wp\/v2\/product_tag?post=694446"}],"curies":[{"name":"wp","href":"https:\/\/api.w.org\/{rel}","templated":true}]}}