{"id":694489,"date":"2024-09-17T22:47:08","date_gmt":"2024-09-17T19:47:08","guid":{"rendered":"https:\/\/nbg.eu\/product\/slide-stop-spring-22-lr-kmr\/"},"modified":"2026-02-13T18:49:52","modified_gmt":"2026-02-13T15:49:52","slug":"slide-stop-spring-22-lr-kmr","status":"publish","type":"product","link":"https:\/\/nbg.eu\/cs\/produkt\/slide-stop-spring-22-lr-kmr\/","title":{"rendered":"P\u0159ep\u00edna\u010d z\u00e1sobn\u00edku 22 LR KMR"},"content":{"rendered":"<h2>SLIDE STOP SPRING 22 LR KMR pro zbran\u011b KMR<\/h2>\n<p>Ur\u010deno pro pou\u017eit\u00ed se zbran\u011bmi \u0159ady KMR, SLIDE STOP SPRING 22 LR KMR je trvanliv\u00e9 a spolehliv\u00e9 p\u0159\u00edslu\u0161enstv\u00ed, kter\u00e9 zaji\u0161\u0165uje hladk\u00fd provoz a vylep\u0161enou funk\u010dnost.<\/p>\n<p>Vyrobeno s preciznost\u00ed a pozornost\u00ed k detailu, SLIDE STOP SPRING 22 LR KMR zaji\u0161\u0165uje spolehliv\u00fd v\u00fdkon a prodlou\u017eenou \u017eivotnost, co\u017e z n\u011bj d\u011bl\u00e1 nezbytnou sou\u010d\u00e1st pro nad\u0161ence a profesion\u00e1ly se zbran\u011bmi KMR. Tato pru\u017eina je kompatibiln\u00ed se v\u0161emi modely KMR a\u017e do roku 2023, poskytuj\u00edc\u00ed trval\u00e9 \u0159e\u0161en\u00ed pro \u00fadr\u017ebu a upgrade va\u0161ich paln\u00fdch zbran\u00ed.<\/p>\n<p>Pro zbran\u011b KMR<\/p>\n<p>KMR S-01 LANCE (OR)<\/p>\n<p>KMR S-02 10 (OR) SR ADA<\/p>\n<p>KMR S-02 75 (OR) SR ADA<\/p>\n<p>KMR S-02 SH1 (OR) SR ADA<\/p>\n<p>KMR S-02 SH2 (OR) SR ADA<\/p>\n<p>KMR S-02 TS (OR) SR ADA<\/p>\n<p>KMR S-02 a\u017e do roku 2023<\/p>\n","protected":false},"excerpt":{"rendered":"<p>N\u00e1hradn\u00ed pru\u017eina z\u00e1st\u0159eln\u00edku pro zbran\u011b KMR.<\/p>\n","protected":false},"featured_media":24892,"template":"","meta":{"_acf_changed":false},"product_brand":[11490],"product_cat":[12659,12677],"product_tag":[],"class_list":{"0":"post-694489","1":"product","2":"type-product","3":"status-publish","4":"has-post-thumbnail","6":"product_brand-kmr-precision","7":"product_cat-kmr-dily","8":"product_cat-pruziny","10":"first","11":"instock","12":"taxable","13":"shipping-taxable","14":"product-type-simple"},"acf":[],"_links":{"self":[{"href":"https:\/\/nbg.eu\/cs\/wp-json\/wp\/v2\/product\/694489","targetHints":{"allow":["GET"]}}],"collection":[{"href":"https:\/\/nbg.eu\/cs\/wp-json\/wp\/v2\/product"}],"about":[{"href":"https:\/\/nbg.eu\/cs\/wp-json\/wp\/v2\/types\/product"}],"wp:featuredmedia":[{"embeddable":true,"href":"https:\/\/nbg.eu\/cs\/wp-json\/wp\/v2\/media\/24892"}],"wp:attachment":[{"href":"https:\/\/nbg.eu\/cs\/wp-json\/wp\/v2\/media?parent=694489"}],"wp:term":[{"taxonomy":"product_brand","embeddable":true,"href":"https:\/\/nbg.eu\/cs\/wp-json\/wp\/v2\/product_brand?post=694489"},{"taxonomy":"product_cat","embeddable":true,"href":"https:\/\/nbg.eu\/cs\/wp-json\/wp\/v2\/product_cat?post=694489"},{"taxonomy":"product_tag","embeddable":true,"href":"https:\/\/nbg.eu\/cs\/wp-json\/wp\/v2\/product_tag?post=694489"}],"curies":[{"name":"wp","href":"https:\/\/api.w.org\/{rel}","templated":true}]}}