{"id":694732,"date":"2024-08-17T15:43:53","date_gmt":"2024-08-17T12:43:53","guid":{"rendered":"https:\/\/nbg.eu\/product\/thumbrest-4-48-alu-black-kmr\/"},"modified":"2026-05-13T16:03:17","modified_gmt":"2026-05-13T13:03:17","slug":"thumbrest-4-48-alu-black-kmr","status":"publish","type":"product","link":"https:\/\/nbg.eu\/cs\/produkt\/thumbrest-4-48-alu-black-kmr\/","title":{"rendered":"KMR Op\u011brka Palce 4-48\u00b0 ALU \u010cern\u00fd pro Orca 2023"},"content":{"rendered":"<h2>P\u00c1KA 4-48\u00b0 ALU \u010cERN\u00c1 KMR<\/h2>\n<p>Vylep\u0161ete sv\u016fj z\u00e1\u017eitek ze st\u0159elby s P\u00c1KOU 4-48\u00b0 ALU \u010cERN\u00c1 KMR. Tento inovativn\u00ed dopln\u011bk poskytuje pohodln\u00e9 a stabiln\u00ed uchopen\u00ed va\u0161\u00ed zbran\u011b, co\u017e v\u00e1m umo\u017en\u00ed l\u00e9pe kontrolovat a zv\u00fd\u0161it p\u0159esnost p\u0159i st\u0159elb\u011b.<\/p>\n<p>Navr\u017eeno pro pou\u017eit\u00ed se zbran\u011bmi KMR, konkr\u00e9tn\u011b s modelem KMR L-02 ORCA do roku 2023, p\u00e1ka m\u00e1 nastaviteln\u00fd rozsah \u00fahlu 4-48\u00b0. Tato nastavitelnost zaji\u0161\u0165uje p\u0159izp\u016fsoben\u00fd fit, kter\u00fd vyhovuje va\u0161emu osobn\u00edmu stylu a preferenc\u00edm p\u0159i st\u0159elb\u011b.<\/p>\n<p>Zlep\u0161ete sv\u016fj st\u0159eleck\u00fd v\u00fdkon a zvy\u0161te kontrolu s P\u00c1KOU 4-48\u00b0 ALU \u010cERN\u00c1 KMR. Vylep\u0161ete sv\u016fj st\u0159eleck\u00fd z\u00e1\u017eitek a posu\u0148te sv\u00e9 dovednosti na vy\u0161\u0161\u00ed \u00farove\u0148.<\/p>\n","protected":false},"excerpt":{"rendered":"<p>Pohodln\u00fd \u00fachop, stabilizovan\u00e1 zbra\u0148, lep\u0161\u00ed ovl\u00e1d\u00e1n\u00ed pro KMR L-02 ORCA.<\/p>\n","protected":false},"featured_media":24240,"template":"","meta":{"_acf_changed":false},"product_brand":[11490],"product_cat":[12659],"product_tag":[],"class_list":{"0":"post-694732","1":"product","2":"type-product","3":"status-publish","4":"has-post-thumbnail","6":"product_brand-kmr-precision","7":"product_cat-kmr-dily","9":"first","10":"instock","11":"taxable","12":"shipping-taxable","13":"product-type-simple"},"acf":[],"_links":{"self":[{"href":"https:\/\/nbg.eu\/cs\/wp-json\/wp\/v2\/product\/694732","targetHints":{"allow":["GET"]}}],"collection":[{"href":"https:\/\/nbg.eu\/cs\/wp-json\/wp\/v2\/product"}],"about":[{"href":"https:\/\/nbg.eu\/cs\/wp-json\/wp\/v2\/types\/product"}],"wp:featuredmedia":[{"embeddable":true,"href":"https:\/\/nbg.eu\/cs\/wp-json\/wp\/v2\/media\/24240"}],"wp:attachment":[{"href":"https:\/\/nbg.eu\/cs\/wp-json\/wp\/v2\/media?parent=694732"}],"wp:term":[{"taxonomy":"product_brand","embeddable":true,"href":"https:\/\/nbg.eu\/cs\/wp-json\/wp\/v2\/product_brand?post=694732"},{"taxonomy":"product_cat","embeddable":true,"href":"https:\/\/nbg.eu\/cs\/wp-json\/wp\/v2\/product_cat?post=694732"},{"taxonomy":"product_tag","embeddable":true,"href":"https:\/\/nbg.eu\/cs\/wp-json\/wp\/v2\/product_tag?post=694732"}],"curies":[{"name":"wp","href":"https:\/\/api.w.org\/{rel}","templated":true}]}}