{"id":694799,"date":"2024-09-17T08:12:35","date_gmt":"2024-09-17T05:12:35","guid":{"rendered":"https:\/\/nbg.eu\/product\/trigger-bar-sa-kmr-l\/"},"modified":"2026-05-13T15:59:47","modified_gmt":"2026-05-13T12:59:47","slug":"trigger-bar-sa-kmr-l","status":"publish","type":"product","link":"https:\/\/nbg.eu\/cs\/produkt\/trigger-bar-sa-kmr-l\/","title":{"rendered":"KMR Spou\u0161\u0165ov\u00e1 T\u00e1hla SA L"},"content":{"rendered":"<h2>Trigger Bar SA KMR L<\/h2>\n<p>Trigger Bar SA KMR L je kritick\u00e1 vnit\u0159n\u00ed sou\u010d\u00e1stka pro pistoli modelu KMR L v jednorann\u00e9 konfiguraci (SA). Tato sou\u010d\u00e1stka p\u0159en\u00e1\u0161\u00ed pohyb spou\u0161t\u011b na st\u0159eleck\u00fd mechanismus, co\u017e umo\u017e\u0148uje plynul\u00fd a spolehliv\u00fd provoz zbran\u011b.<\/p>\n<p>Ur\u010deno pro pou\u017eit\u00ed s n\u00e1sleduj\u00edc\u00edmi modely zbran\u00ed KMR:<\/p>\n<ul>\n<p>KMR L-02 EMIQ<\/p>\n<p>KMR L-02 EMIQ (OR)<\/p>\n<p>KMR L-02 ORCA UNTIL 2023<\/p>\n<\/ul>\n<p>Referen\u010dn\u00ed \u010d\u00edslo 0900-00303-0900<\/p>\n","protected":false},"excerpt":{"rendered":"<p>P\u0159en\u00e1\u0161\u00ed spou\u0161\u0165 pohyb do z\u00e1paln\u00e9ho mechanismu pistole KMR L SA.<\/p>\n","protected":false},"featured_media":63600,"template":"","meta":{"_acf_changed":false},"product_brand":[11490],"product_cat":[12659],"product_tag":[],"class_list":{"0":"post-694799","1":"product","2":"type-product","3":"status-publish","4":"has-post-thumbnail","6":"product_brand-kmr-precision","7":"product_cat-kmr-dily","9":"first","10":"outofstock","11":"taxable","12":"shipping-taxable","13":"product-type-simple"},"acf":[],"_links":{"self":[{"href":"https:\/\/nbg.eu\/cs\/wp-json\/wp\/v2\/product\/694799","targetHints":{"allow":["GET"]}}],"collection":[{"href":"https:\/\/nbg.eu\/cs\/wp-json\/wp\/v2\/product"}],"about":[{"href":"https:\/\/nbg.eu\/cs\/wp-json\/wp\/v2\/types\/product"}],"wp:featuredmedia":[{"embeddable":true,"href":"https:\/\/nbg.eu\/cs\/wp-json\/wp\/v2\/media\/63600"}],"wp:attachment":[{"href":"https:\/\/nbg.eu\/cs\/wp-json\/wp\/v2\/media?parent=694799"}],"wp:term":[{"taxonomy":"product_brand","embeddable":true,"href":"https:\/\/nbg.eu\/cs\/wp-json\/wp\/v2\/product_brand?post=694799"},{"taxonomy":"product_cat","embeddable":true,"href":"https:\/\/nbg.eu\/cs\/wp-json\/wp\/v2\/product_cat?post=694799"},{"taxonomy":"product_tag","embeddable":true,"href":"https:\/\/nbg.eu\/cs\/wp-json\/wp\/v2\/product_tag?post=694799"}],"curies":[{"name":"wp","href":"https:\/\/api.w.org\/{rel}","templated":true}]}}