{"id":694833,"date":"2024-09-17T08:32:39","date_gmt":"2024-09-17T05:32:39","guid":{"rendered":"https:\/\/nbg.eu\/product\/trigger-bar-sa-da-kmr-w\/"},"modified":"2026-05-13T16:00:54","modified_gmt":"2026-05-13T13:00:54","slug":"trigger-bar-sa-da-kmr-w","status":"publish","type":"product","link":"https:\/\/nbg.eu\/cs\/produkt\/trigger-bar-sa-da-kmr-w\/","title":{"rendered":"KMR Spou\u0161\u0165ov\u00e1 T\u00e1hla SA\/DA W"},"content":{"rendered":"<h2>Spou\u0161t\u011bc\u00ed li\u0161ta SA\/DA KMR W<\/h2>\n<p>Vnit\u0159n\u00ed sou\u010d\u00e1st pistole, kter\u00e1 p\u0159en\u00e1\u0161\u00ed pohyb spou\u0161t\u011b na spou\u0161\u0165ov\u00fd mechanismus modelu KMR W, a to jak v re\u017eimu samo-akce, tak i dvoj\u00ed akce (SA\/DA). Tato univerz\u00e1ln\u00ed spou\u0161t\u011bc\u00ed li\u0161ta je navr\u017eena tak, aby bezprobl\u00e9mov\u011b fungovala v n\u00e1sleduj\u00edc\u00edch modelech zbran\u011b KMR:<\/p>\n<ul>\n<p>KMR S-01 LANCE (OR)<\/p>\n<p>KMR S-02 OD 2024<\/p>\n<p>KMR S-02 DO 2023<\/p>\n<p>KMR W-02 CUDA DO 2023<\/p>\n<p>KMR W-02 UMBRA<\/p>\n<p>KMR W-02 UMBRA (OR)<\/p>\n<\/ul>\n<p>Referen\u010dn\u00ed \u010d\u00edslo: 0900-00401-0900.<\/p>\n","protected":false},"excerpt":{"rendered":"<p>P\u0159evody spou\u0161t\u011bj\u00ed pohyb mechanismu spou\u0161t\u011b na modelech KMR W, SA\/DA.<\/p>\n","protected":false},"featured_media":25515,"template":"","meta":{"_acf_changed":false},"product_brand":[11490],"product_cat":[12659],"product_tag":[],"class_list":{"0":"post-694833","1":"product","2":"type-product","3":"status-publish","4":"has-post-thumbnail","6":"product_brand-kmr-precision","7":"product_cat-kmr-dily","9":"first","10":"instock","11":"taxable","12":"shipping-taxable","13":"product-type-simple"},"acf":[],"_links":{"self":[{"href":"https:\/\/nbg.eu\/cs\/wp-json\/wp\/v2\/product\/694833","targetHints":{"allow":["GET"]}}],"collection":[{"href":"https:\/\/nbg.eu\/cs\/wp-json\/wp\/v2\/product"}],"about":[{"href":"https:\/\/nbg.eu\/cs\/wp-json\/wp\/v2\/types\/product"}],"wp:featuredmedia":[{"embeddable":true,"href":"https:\/\/nbg.eu\/cs\/wp-json\/wp\/v2\/media\/25515"}],"wp:attachment":[{"href":"https:\/\/nbg.eu\/cs\/wp-json\/wp\/v2\/media?parent=694833"}],"wp:term":[{"taxonomy":"product_brand","embeddable":true,"href":"https:\/\/nbg.eu\/cs\/wp-json\/wp\/v2\/product_brand?post=694833"},{"taxonomy":"product_cat","embeddable":true,"href":"https:\/\/nbg.eu\/cs\/wp-json\/wp\/v2\/product_cat?post=694833"},{"taxonomy":"product_tag","embeddable":true,"href":"https:\/\/nbg.eu\/cs\/wp-json\/wp\/v2\/product_tag?post=694833"}],"curies":[{"name":"wp","href":"https:\/\/api.w.org\/{rel}","templated":true}]}}