{"id":694842,"date":"2024-08-17T17:23:25","date_gmt":"2024-08-17T14:23:25","guid":{"rendered":"https:\/\/nbg.eu\/product\/trigger-bar-spring-kmr\/"},"modified":"2026-02-26T12:13:56","modified_gmt":"2026-02-26T09:13:56","slug":"trigger-bar-spring-kmr","status":"publish","type":"product","link":"https:\/\/nbg.eu\/cs\/produkt\/trigger-bar-spring-kmr\/","title":{"rendered":"Spou\u0161t\u011bc\u00ed ty\u010d pru\u017eina KMR"},"content":{"rendered":"<h2>Pru\u017eina spou\u0161t\u011b KMR pro zbran\u011b KMR<\/h2>\n<p>Tato pru\u017eina je navr\u017eena s preciznost\u00ed a trvanlivost\u00ed, zaji\u0161\u0165uje hladk\u00fd a spolehliv\u00fd chod spou\u0161t\u011b pro tyto pokro\u010dil\u00e9 zbra\u0148ov\u00e9 syst\u00e9my. Jej\u00ed robustn\u00ed konstrukce a pe\u010dliv\u00fd design zaji\u0161\u0165uj\u00ed konzistentn\u00ed v\u00fdkon, a to i v nejn\u00e1ro\u010dn\u011bj\u0161\u00edch prost\u0159ed\u00edch.<\/p>\n<p>A\u0165 u\u017e jste profesion\u00e1ln\u00ed st\u0159elec nebo v\u00e1\u0161niv\u00fd nad\u0161enec, tato sou\u010d\u00e1stka je nezbytnou n\u00e1hradn\u00ed sou\u010d\u00e1stkou pro udr\u017een\u00ed optim\u00e1ln\u00ed funk\u010dnosti va\u0161ich zbran\u00ed KMR. Investujte do t\u00e9to vysoce kvalitn\u00ed komponenty, abyste udr\u017eeli sv\u00e9 paln\u00e9 zbran\u011b na vrcholu jejich v\u00fdkonu.<\/p>\n<p>Pro zbran\u011b KMR:<\/p>\n<p>KMR L-02 SPECTRA OD ROKU 2024<\/p>\n<p>KMR L-02 SPECTRA DO ROKU 2023<\/p>\n<p>KMR L-02 UMBRA (OR) SR<\/p>\n<p>KMR S-01 LANCE (OR)<\/p>\n<p>KMR S-02 OD ROKU 2024<\/p>\n<p>KMR S-02 DO ROKU 2023<\/p>\n<p>KMR W-02 CUDA (OR)<\/p>\n<p>KMR W-02 UMBRA<\/p>\n<p>KMR W-02 UMBRA (OR)<\/p>\n","protected":false},"excerpt":{"rendered":"<p>Spou\u0161\u0165ov\u00e1 ty\u010dov\u00e1 pru\u017eina pro modely KMR.<\/p>\n","protected":false},"featured_media":24633,"template":"","meta":{"_acf_changed":false},"product_brand":[11490],"product_cat":[12659,12677],"product_tag":[],"class_list":{"0":"post-694842","1":"product","2":"type-product","3":"status-publish","4":"has-post-thumbnail","6":"product_brand-kmr-precision","7":"product_cat-kmr-dily","8":"product_cat-pruziny","10":"first","11":"instock","12":"taxable","13":"shipping-taxable","14":"product-type-simple"},"acf":[],"_links":{"self":[{"href":"https:\/\/nbg.eu\/cs\/wp-json\/wp\/v2\/product\/694842","targetHints":{"allow":["GET"]}}],"collection":[{"href":"https:\/\/nbg.eu\/cs\/wp-json\/wp\/v2\/product"}],"about":[{"href":"https:\/\/nbg.eu\/cs\/wp-json\/wp\/v2\/types\/product"}],"wp:featuredmedia":[{"embeddable":true,"href":"https:\/\/nbg.eu\/cs\/wp-json\/wp\/v2\/media\/24633"}],"wp:attachment":[{"href":"https:\/\/nbg.eu\/cs\/wp-json\/wp\/v2\/media?parent=694842"}],"wp:term":[{"taxonomy":"product_brand","embeddable":true,"href":"https:\/\/nbg.eu\/cs\/wp-json\/wp\/v2\/product_brand?post=694842"},{"taxonomy":"product_cat","embeddable":true,"href":"https:\/\/nbg.eu\/cs\/wp-json\/wp\/v2\/product_cat?post=694842"},{"taxonomy":"product_tag","embeddable":true,"href":"https:\/\/nbg.eu\/cs\/wp-json\/wp\/v2\/product_tag?post=694842"}],"curies":[{"name":"wp","href":"https:\/\/api.w.org\/{rel}","templated":true}]}}