{"id":694866,"date":"2025-03-09T15:43:31","date_gmt":"2025-03-09T12:43:31","guid":{"rendered":"https:\/\/nbg.eu\/product\/blue-force-gear-trauma-kit-now-medium-medical-supplies\/"},"modified":"2026-05-13T16:43:13","modified_gmt":"2026-05-13T13:43:13","slug":"blue-force-gear-trauma-kit-now-medium-medical-supplies","status":"publish","type":"product","link":"https:\/\/nbg.eu\/cs\/produkt\/blue-force-gear-trauma-kit-now-medium-medical-supplies\/","title":{"rendered":"Blue Force Gear Trauma Kit NOW! Medium Medical Supplies"},"content":{"rendered":"<h2>Trauma Kit NOW! (Medium) od Blue Force Gear<\/h2>\n<p>Rychle p\u0159\u00edstupn\u00e9 nezbytn\u00e9 z\u00e1chrann\u00e9 l\u00e9ka\u0159sk\u00e9 vybaven\u00ed s Trauma Kit NOW! (Medium) od Blue Force Gear. Navr\u017eeno pro &#8222;okam\u017eitou akci&#8220; p\u0159i l\u00e9ka\u0159sk\u00fdch nouzov\u00fdch situac\u00edch, s vysokou rychlost\u00ed a jednoru\u010dn\u00ed obsluhou. Konstrukce s ta\u017en\u00fdm dr\u017eadlem umo\u017e\u0148uje celou l\u00e9ka\u0159skou vlo\u017eku vysunout jedin\u00fdm pohybem ka\u017edou rukou, zaji\u0161\u0165uje tak kritick\u00e9 vybaven\u00ed, jako jsou turnikety, hrudn\u00ed pe\u010det\u011b a hemostatick\u00e9 prost\u0159edky, dostupn\u00e9 b\u011bhem sekund, kdy ka\u017ed\u00e1 chv\u00edle m\u00e1 v\u00fdznam.<\/p>\n<p>Vyrobeno s technologi\u00ed BLIP (Ballistic Line Integrated Pull), upev\u0148ovac\u00edm syst\u00e9mem Helium Whisper a konstrukc\u00ed z MIL-SPEC 500D Cordura, Trauma Kit NOW! (Medium) je odoln\u00e9 a spolehliv\u00e9 \u0159e\u0161en\u00ed pro va\u0161e l\u00e9ka\u0159sk\u00e9 pohotovostn\u00ed pot\u0159eby. Dvoukus\u00e9 proveden\u00ed s vn\u011bj\u0161\u00edm obalem a odn\u00edmateln\u00fdm vnit\u0159n\u00edm nosi\u010dem poskytuje flexibilitu a organizaci, co\u017e v\u00e1m pom\u016f\u017ee b\u00fdt p\u0159ipraveni na jakoukoliv nouzi.<\/p>\n","protected":false},"excerpt":{"rendered":"<p>Sada pro rychl\u00fd p\u0159\u00edstup k traumatick\u00e9mu o\u0161et\u0159en\u00ed s nezbytn\u00fdm vybaven\u00edm pro z\u00e1chranu \u017eivota.<\/p>\n","protected":false},"featured_media":251676,"template":"","meta":{"_acf_changed":false},"product_brand":[11125],"product_cat":[12666],"product_tag":[],"class_list":{"0":"post-694866","1":"product","2":"type-product","3":"status-publish","4":"has-post-thumbnail","6":"product_brand-blue-force-gear","7":"product_cat-zdravotnicke","9":"first","10":"instock","11":"taxable","12":"shipping-taxable","13":"purchasable","14":"product-type-variable","15":"wvs-archive-product-wrapper"},"acf":[],"_links":{"self":[{"href":"https:\/\/nbg.eu\/cs\/wp-json\/wp\/v2\/product\/694866","targetHints":{"allow":["GET"]}}],"collection":[{"href":"https:\/\/nbg.eu\/cs\/wp-json\/wp\/v2\/product"}],"about":[{"href":"https:\/\/nbg.eu\/cs\/wp-json\/wp\/v2\/types\/product"}],"wp:featuredmedia":[{"embeddable":true,"href":"https:\/\/nbg.eu\/cs\/wp-json\/wp\/v2\/media\/251676"}],"wp:attachment":[{"href":"https:\/\/nbg.eu\/cs\/wp-json\/wp\/v2\/media?parent=694866"}],"wp:term":[{"taxonomy":"product_brand","embeddable":true,"href":"https:\/\/nbg.eu\/cs\/wp-json\/wp\/v2\/product_brand?post=694866"},{"taxonomy":"product_cat","embeddable":true,"href":"https:\/\/nbg.eu\/cs\/wp-json\/wp\/v2\/product_cat?post=694866"},{"taxonomy":"product_tag","embeddable":true,"href":"https:\/\/nbg.eu\/cs\/wp-json\/wp\/v2\/product_tag?post=694866"}],"curies":[{"name":"wp","href":"https:\/\/api.w.org\/{rel}","templated":true}]}}