{"id":694888,"date":"2024-08-18T11:20:42","date_gmt":"2024-08-18T08:20:42","guid":{"rendered":"https:\/\/nbg.eu\/product\/trigger-bar-sa-da-kmr-l\/"},"modified":"2026-05-13T16:02:50","modified_gmt":"2026-05-13T13:02:50","slug":"trigger-bar-sa-da-kmr-l","status":"publish","type":"product","link":"https:\/\/nbg.eu\/cs\/produkt\/trigger-bar-sa-da-kmr-l\/","title":{"rendered":"KMR Spou\u0161\u0165ov\u00e1 T\u00e1hla SA\/DA L"},"content":{"rendered":"<h2>Spou\u0161\u0165ov\u00e1 li\u0161ta SA\/DA KMR L<\/h2>\n<p>Spou\u0161\u0165ov\u00e1 li\u0161ta SA\/DA KMR L je d\u016fle\u017eit\u00e1 vnit\u0159n\u00ed sou\u010d\u00e1stka pro model KMR L, umo\u017e\u0148uj\u00edc\u00ed jak jednoduchou akci (SA), tak i dvojitou akci (DA). Tato sou\u010d\u00e1stka p\u0159ev\u00e1d\u00ed pohyb spou\u0161t\u011b na st\u0159eleck\u00fd mechanismus, zaji\u0161\u0165uj\u00edc spolehliv\u00e9 a p\u0159esn\u00e9 st\u0159elen\u00ed v obou re\u017eimech.<\/p>\n<p>Pro zbran\u011b KMR:<\/p>\n<p>KMR L-02 SPECTRA OD ROKU 2024<\/p>\n<p>KMR L-02 SPECTRA DO ROKU 2023<\/p>\n<p>KMR L-02 UMBRA OD ROKU 2024<\/p>\n<p>KMR L-02 UMBRA DO ROKU 2023<\/p>\n","protected":false},"excerpt":{"rendered":"<p>P\u0159evody spou\u0161t\u011bj\u00ed pohyb v SA\/DA pro modely KMR L.<\/p>\n","protected":false},"featured_media":25538,"template":"","meta":{"_acf_changed":false},"product_brand":[11490],"product_cat":[12659],"product_tag":[],"class_list":{"0":"post-694888","1":"product","2":"type-product","3":"status-publish","4":"has-post-thumbnail","6":"product_brand-kmr-precision","7":"product_cat-kmr-dily","9":"first","10":"instock","11":"taxable","12":"shipping-taxable","13":"product-type-simple"},"acf":[],"_links":{"self":[{"href":"https:\/\/nbg.eu\/cs\/wp-json\/wp\/v2\/product\/694888","targetHints":{"allow":["GET"]}}],"collection":[{"href":"https:\/\/nbg.eu\/cs\/wp-json\/wp\/v2\/product"}],"about":[{"href":"https:\/\/nbg.eu\/cs\/wp-json\/wp\/v2\/types\/product"}],"wp:featuredmedia":[{"embeddable":true,"href":"https:\/\/nbg.eu\/cs\/wp-json\/wp\/v2\/media\/25538"}],"wp:attachment":[{"href":"https:\/\/nbg.eu\/cs\/wp-json\/wp\/v2\/media?parent=694888"}],"wp:term":[{"taxonomy":"product_brand","embeddable":true,"href":"https:\/\/nbg.eu\/cs\/wp-json\/wp\/v2\/product_brand?post=694888"},{"taxonomy":"product_cat","embeddable":true,"href":"https:\/\/nbg.eu\/cs\/wp-json\/wp\/v2\/product_cat?post=694888"},{"taxonomy":"product_tag","embeddable":true,"href":"https:\/\/nbg.eu\/cs\/wp-json\/wp\/v2\/product_tag?post=694888"}],"curies":[{"name":"wp","href":"https:\/\/api.w.org\/{rel}","templated":true}]}}