{"id":695153,"date":"2024-08-16T23:17:10","date_gmt":"2024-08-16T20:17:10","guid":{"rendered":"https:\/\/nbg.eu\/product\/trigger-hammer-pin-kmr\/"},"modified":"2026-05-13T16:02:03","modified_gmt":"2026-05-13T13:02:03","slug":"trigger-hammer-pin-kmr","status":"publish","type":"product","link":"https:\/\/nbg.eu\/cs\/produkt\/trigger-hammer-pin-kmr\/","title":{"rendered":"KMR Spou\u0161\u0165 &amp; Hammer Pin"},"content":{"rendered":"<h2>SPOU\u0160T\u011a\u010c A POJISTKA<\/h2>\n<p>Vylep\u0161ete v\u00fdkon va\u0161\u00ed st\u0159eln\u00e9 zbran\u011b pomoc\u00ed SPOU\u0160T\u011a\u010cE A POJISTKY, pr\u00e9miov\u00e9 n\u00e1hradn\u00ed sou\u010d\u00e1stky navr\u017een\u00e9 pro zlep\u0161en\u00ed chodu spou\u0161t\u011b a celkov\u00e9ho z\u00e1\u017eitku ze st\u0159elby. Vyrobeno z vysoce kvalitn\u00edch materi\u00e1l\u016f, tato sada \u010dep\u016f je navr\u017eena tak, aby zajistila hladk\u00fd a konzistentn\u00ed chod spou\u0161t\u011b, co\u017e vede ke zlep\u0161en\u00e9 p\u0159esnosti a ovladatelnosti.<\/p>\n<p>D\u00edky precizn\u00edmu strojn\u00edmu zpracov\u00e1n\u00ed zaji\u0161\u0165uje SPOU\u0160T\u011a\u010c A POJISTKA perfektn\u00ed zapadnut\u00ed do va\u0161\u00ed zbran\u011b, minimalizuje v\u016fli a zlep\u0161uje odezvu spou\u0161t\u011b. Jeho odoln\u00e1 konstrukce je postavena tak, aby vydr\u017eela n\u00e1ro\u010dn\u00e9 pou\u017eit\u00ed a zajistila dlouhodobou spolehlivost a v\u00fdkon.<\/p>\n<p>Navr\u017eeno jako jednoduch\u00e1 v\u00fdm\u011bna, SPOU\u0160T\u011a\u010c A POJISTKA se snadno instaluje, co\u017e v\u00e1m umo\u017en\u00ed rychle a jednodu\u0161e vylep\u0161it va\u0161i zbra\u0148 bez pot\u0159eby speci\u00e1ln\u00edho n\u00e1\u0159ad\u00ed nebo rozs\u00e1hl\u00fdch \u00faprav. A\u0165 u\u017e jste z\u00e1vodn\u00ed st\u0159elec, taktick\u00fd oper\u00e1tor nebo v\u00e1\u0161niv\u00fd nad\u0161enec, tato sada \u010dep\u016f zv\u00fd\u0161\u00ed va\u0161e st\u0159eleck\u00e9 schopnosti a posunou v\u00fdkon va\u0161\u00ed zbran\u011b na novou \u00farove\u0148.<\/p>\n<p>Pro zbran\u011b KMR, jako jsou:<br \/>\nKMR L-02 EMIQ<br \/>\nKMR L-02 EMIQ (OR)<br \/>\nKMR L-02 ORCA OD 2024<br \/>\nKMR L-02 ORCA DO 2023<br \/>\nKMR L-02 SPECTRA OD 2024<br \/>\nKMR L-02 SPECTRA DO 2023<br \/>\nKMR L-02 UMBRA OD 2024<br \/>\nKMR L-02 UMBRA DO 2023<br \/>\nKMR S-01 LANCE (OR)<br \/>\nKMR S-02 OD 2024<br \/>\nKMR S-02 DO 2023<br \/>\nKMR W-02 CUDA OD 2024<br \/>\nKMR W-02 CUDA DO 2023<br \/>\nKMR W-02 UMBRA<br \/>\nKMR W-02 UMBRA (OR)<\/p>\n","protected":false},"excerpt":{"rendered":"<p>Vysoce kvalitn\u00ed spou\u0161\u0165 a pojistka pro pistole KMR, precizn\u011b vyroben\u00e9.<\/p>\n","protected":false},"featured_media":720184,"template":"","meta":{"_acf_changed":false},"product_brand":[11490],"product_cat":[12659],"product_tag":[],"class_list":{"0":"post-695153","1":"product","2":"type-product","3":"status-publish","4":"has-post-thumbnail","6":"product_brand-kmr-precision","7":"product_cat-kmr-dily","9":"first","10":"instock","11":"taxable","12":"shipping-taxable","13":"product-type-simple"},"acf":[],"_links":{"self":[{"href":"https:\/\/nbg.eu\/cs\/wp-json\/wp\/v2\/product\/695153","targetHints":{"allow":["GET"]}}],"collection":[{"href":"https:\/\/nbg.eu\/cs\/wp-json\/wp\/v2\/product"}],"about":[{"href":"https:\/\/nbg.eu\/cs\/wp-json\/wp\/v2\/types\/product"}],"wp:featuredmedia":[{"embeddable":true,"href":"https:\/\/nbg.eu\/cs\/wp-json\/wp\/v2\/media\/720184"}],"wp:attachment":[{"href":"https:\/\/nbg.eu\/cs\/wp-json\/wp\/v2\/media?parent=695153"}],"wp:term":[{"taxonomy":"product_brand","embeddable":true,"href":"https:\/\/nbg.eu\/cs\/wp-json\/wp\/v2\/product_brand?post=695153"},{"taxonomy":"product_cat","embeddable":true,"href":"https:\/\/nbg.eu\/cs\/wp-json\/wp\/v2\/product_cat?post=695153"},{"taxonomy":"product_tag","embeddable":true,"href":"https:\/\/nbg.eu\/cs\/wp-json\/wp\/v2\/product_tag?post=695153"}],"curies":[{"name":"wp","href":"https:\/\/api.w.org\/{rel}","templated":true}]}}