{"id":695182,"date":"2024-08-16T23:16:32","date_gmt":"2024-08-16T20:16:32","guid":{"rendered":"https:\/\/nbg.eu\/product\/trigger-pin-kmr\/"},"modified":"2026-05-13T16:03:22","modified_gmt":"2026-05-13T13:03:22","slug":"trigger-pin-kmr","status":"publish","type":"product","link":"https:\/\/nbg.eu\/cs\/produkt\/trigger-pin-kmr\/","title":{"rendered":"KMR \u010cep Spou\u0161t\u011b"},"content":{"rendered":"<h2>P\u0159esn\u00e1 kol\u00edkov\u00e1 osa spou\u0161t\u011b pro pistole KMR<\/h2>\n<p>Odemkn\u011bte pln\u00fd potenci\u00e1l va\u0161\u00ed pistole KMR s na\u0161\u00ed pr\u00e9miovou kol\u00edkovou osou spou\u0161t\u011b. Vyrobeno z kalen\u00e9 n\u00e1strojov\u00e9 oceli a s pe\u010dliv\u011b hladk\u00fdm povrchov\u00fdm proveden\u00edm, tato sou\u010d\u00e1st poskytuje stabiln\u00ed, n\u00edzko-t\u0159ec\u00ed osu ot\u00e1\u010den\u00ed, kterou va\u0161e spou\u0161\u0165 pot\u0159ebuje pro plynulou funkci. Na rozd\u00edl od tov\u00e1rn\u00edch d\u00edl\u016f, na\u0161e kol\u00edkov\u00e1 osa spou\u0161t\u011b eliminuje bo\u010dn\u00ed &#8222;v\u016fli&#8220;, zaji\u0161\u0165uj\u00edc tak konzistentn\u00ed a opakovateln\u00fd tah spou\u0161t\u011b a zabra\u0148uje opot\u0159eben\u00ed r\u00e1mu po tis\u00edc\u00edch cyklech.<\/p>\n<p>Navr\u017eeno s p\u0159esn\u00fdmi tolerancemi KMR, na\u0161e kol\u00edkov\u00e1 osa spou\u0161t\u011b zaji\u0161\u0165uje perfektn\u00ed p\u0159ilnavost, hladce se integruj\u00edc\u00ed s tov\u00e1rn\u00ed sestavou spou\u0161t\u011b va\u0161eho pistole. Tento vysoce pevn\u00fd a odoln\u00fd design optimalizuje kritick\u00e9 rozhran\u00ed mezi va\u0161\u00edm prstem a spou\u0161t\u011bc\u00edm mechanismem, co\u017e se projev\u00ed zv\u00fd\u0161enou p\u0159esnost\u00ed, preciznost\u00ed a ovladatelnost\u00ed b\u011bhem ka\u017ed\u00e9ho v\u00fdst\u0159elu.<\/p>\n<p>A\u0165 u\u017e jste sout\u011b\u017en\u00ed st\u0159elec hledaj\u00edc\u00ed mo\u017enost jemn\u00e9ho dolad\u011bn\u00ed va\u0161eho vybaven\u00ed, nebo rekrea\u010dn\u00ed u\u017eivatel tou\u017e\u00edc\u00ed po vylep\u0161en\u00ed sv\u00e9 KMR, na\u0161e kol\u00edkov\u00e1 osa spou\u0161t\u011b je t\u00edm chyb\u011bj\u00edc\u00edm \u010dl\u00e1nkem k odemknut\u00ed pln\u00e9ho potenci\u00e1lu va\u0161\u00ed paln\u00e9 zbran\u011b. Za\u017eijte rozd\u00edl, kter\u00fd m\u016f\u017ee skute\u010dn\u011b p\u0159esn\u00e1 a n\u00edzko-t\u0159ec\u00ed kol\u00edkov\u00e1 osa spou\u0161t\u011b ud\u011blat na va\u0161\u00ed v\u00fdkonnosti a spolehlivosti.<\/p>\n","protected":false},"excerpt":{"rendered":"<p>P\u0159esn\u00e1 oto\u010dn\u00e1 osa pro spou\u0161\u0165ovou sestavu. P\u0159esn\u011b brou\u0161en\u00e1 kalen\u00e1 n\u00e1strojov\u00e1 ocel, ultrajemn\u00fd povrch a p\u0159esn\u00fd pr\u016fm\u011br pro tov\u00e1rn\u00ed tolerance KMR. Poskytuje stabiln\u00ed, n\u00edzkokoeficientn\u00ed osu pot\u0159ebnou pro hladk\u00e9 ot\u00e1\u010den\u00ed spou\u0161t\u011b; vysokopevnostn\u00ed konstrukce eliminuje bo\u010dn\u00ed &#8220;k\u00fdv\u00e1n\u00ed&#8221;, zaji\u0161\u0165uje konzistentn\u00ed a opakovateln\u00e9 stisknut\u00ed spou\u0161t\u011b a br\u00e1n\u00ed opot\u0159eben\u00ed r\u00e1mu po tis\u00edc\u00edch cyklech.<\/p>\n","protected":false},"featured_media":23726,"template":"","meta":{"_acf_changed":false},"product_brand":[11490],"product_cat":[12659],"product_tag":[],"class_list":{"0":"post-695182","1":"product","2":"type-product","3":"status-publish","4":"has-post-thumbnail","6":"product_brand-kmr-precision","7":"product_cat-kmr-dily","9":"first","10":"instock","11":"taxable","12":"shipping-taxable","13":"product-type-simple"},"acf":[],"_links":{"self":[{"href":"https:\/\/nbg.eu\/cs\/wp-json\/wp\/v2\/product\/695182","targetHints":{"allow":["GET"]}}],"collection":[{"href":"https:\/\/nbg.eu\/cs\/wp-json\/wp\/v2\/product"}],"about":[{"href":"https:\/\/nbg.eu\/cs\/wp-json\/wp\/v2\/types\/product"}],"wp:featuredmedia":[{"embeddable":true,"href":"https:\/\/nbg.eu\/cs\/wp-json\/wp\/v2\/media\/23726"}],"wp:attachment":[{"href":"https:\/\/nbg.eu\/cs\/wp-json\/wp\/v2\/media?parent=695182"}],"wp:term":[{"taxonomy":"product_brand","embeddable":true,"href":"https:\/\/nbg.eu\/cs\/wp-json\/wp\/v2\/product_brand?post=695182"},{"taxonomy":"product_cat","embeddable":true,"href":"https:\/\/nbg.eu\/cs\/wp-json\/wp\/v2\/product_cat?post=695182"},{"taxonomy":"product_tag","embeddable":true,"href":"https:\/\/nbg.eu\/cs\/wp-json\/wp\/v2\/product_tag?post=695182"}],"curies":[{"name":"wp","href":"https:\/\/api.w.org\/{rel}","templated":true}]}}