{"id":695233,"date":"2024-09-18T13:32:40","date_gmt":"2024-09-18T10:32:40","guid":{"rendered":"https:\/\/nbg.eu\/product\/trigger-spring-sa-kmr\/"},"modified":"2026-05-13T16:03:09","modified_gmt":"2026-05-13T13:03:09","slug":"trigger-spring-sa-kmr","status":"publish","type":"product","link":"https:\/\/nbg.eu\/cs\/produkt\/trigger-spring-sa-kmr\/","title":{"rendered":"KMR Pru\u017eina Spou\u0161t\u011b SA"},"content":{"rendered":"<h2>Vysokov\u00fdkonn\u00e9 vylep\u0161en\u00ed pro zbran\u011b KMR<\/h2>\n<p>Vylep\u0161ete v\u00fdkon sv\u00fdch zbran\u00ed KMR s touto spou\u0161t\u00ed, p\u0159esn\u011b vyrobenou n\u00e1hradn\u00ed sou\u010d\u00e1st\u00ed navr\u017een\u00e1 pro bezprobl\u00e9movou kompatibilitu. Vyroben\u00e1 z pr\u00e9miov\u00fdch materi\u00e1l\u016f, tato spou\u0161\u0165ov\u00e1 pru\u017eina poskytuje hladk\u00e9 a konzistentn\u00ed ta\u017een\u00ed spou\u0161t\u011b pro zv\u00fd\u0161enou p\u0159esnost a kontrolu p\u0159i st\u0159elb\u011b.<\/p>\n<p>Navr\u017een\u00e1 s pe\u010dlivou pozornost\u00ed k detail\u016fm, spou\u0161\u0165ov\u00e1 pru\u017eina m\u00e1 pe\u010dliv\u011b kalibrovan\u00e9 napru\u017een\u00ed, kter\u00e9 zaji\u0161\u0165uje \u010distou a p\u0159edv\u00eddatelnou odezvu spou\u0161t\u011b. Toto vylep\u0161en\u00ed podporuje zlep\u0161enou kontrolu spou\u0161t\u011b, co\u017e umo\u017e\u0148uje p\u0159esn\u011bj\u0161\u00ed um\u00edst\u011bn\u00ed v\u00fdst\u0159elu a rychlej\u0161\u00ed zam\u011b\u0159ov\u00e1n\u00ed na c\u00edl.<\/p>\n<p>Vyroben\u00e1 z odoln\u00fdch, vysoce kvalitn\u00edch materi\u00e1l\u016f, spou\u0161\u0165ov\u00e1 pru\u017eina je postavena tak, aby vydr\u017eela nam\u00e1h\u00e1n\u00ed \u010dast\u00e9ho pou\u017e\u00edv\u00e1n\u00ed. Jej\u00ed robustn\u00ed design a spolehliv\u00fd v\u00fdkon z n\u00ed d\u011blaj\u00ed nezbytn\u00e9 vylep\u0161en\u00ed pro ka\u017ed\u00e9ho, kdo hled\u00e1 zv\u00fd\u0161it schopnosti sv\u00fdch zbran\u00ed KMR.<\/p>\n<p>A\u0165 u\u017e jste sout\u011b\u017en\u00ed st\u0159elec, taktick\u00fd oper\u00e1tor nebo rekrea\u010dn\u00ed nad\u0161enec, spou\u0161\u0165ov\u00e1 pru\u017eina je tou pravou volbou pro vylep\u0161en\u00ed v\u00fdkonu va\u0161ich zbran\u00ed KMR. Poznejte rozd\u00edl, kter\u00fd vysoce kvalitn\u00ed spou\u0161\u0165ov\u00e1 pru\u017eina m\u016f\u017ee ud\u011blat, a posu\u0148te svou st\u0159elbu na novou \u00farove\u0148.<\/p>\n","protected":false},"excerpt":{"rendered":"<p>N\u00e1hradn\u00ed spou\u0161t\u011bc\u00ed pru\u017eina pro zbra\u0148ov\u00e9 modely KMR L-02 EMIQ a ORCA (do roku 2023).<\/p>\n","protected":false},"featured_media":24586,"template":"","meta":{"_acf_changed":false},"product_brand":[11490],"product_cat":[12659,12677,15041],"product_tag":[],"class_list":{"0":"post-695233","1":"product","2":"type-product","3":"status-publish","4":"has-post-thumbnail","6":"product_brand-kmr-precision","7":"product_cat-kmr-dily","8":"product_cat-pruziny","9":"product_cat-trigger-springs-cs-2","11":"first","12":"instock","13":"taxable","14":"shipping-taxable","15":"product-type-simple"},"acf":[],"_links":{"self":[{"href":"https:\/\/nbg.eu\/cs\/wp-json\/wp\/v2\/product\/695233","targetHints":{"allow":["GET"]}}],"collection":[{"href":"https:\/\/nbg.eu\/cs\/wp-json\/wp\/v2\/product"}],"about":[{"href":"https:\/\/nbg.eu\/cs\/wp-json\/wp\/v2\/types\/product"}],"wp:featuredmedia":[{"embeddable":true,"href":"https:\/\/nbg.eu\/cs\/wp-json\/wp\/v2\/media\/24586"}],"wp:attachment":[{"href":"https:\/\/nbg.eu\/cs\/wp-json\/wp\/v2\/media?parent=695233"}],"wp:term":[{"taxonomy":"product_brand","embeddable":true,"href":"https:\/\/nbg.eu\/cs\/wp-json\/wp\/v2\/product_brand?post=695233"},{"taxonomy":"product_cat","embeddable":true,"href":"https:\/\/nbg.eu\/cs\/wp-json\/wp\/v2\/product_cat?post=695233"},{"taxonomy":"product_tag","embeddable":true,"href":"https:\/\/nbg.eu\/cs\/wp-json\/wp\/v2\/product_tag?post=695233"}],"curies":[{"name":"wp","href":"https:\/\/api.w.org\/{rel}","templated":true}]}}