{"id":695256,"date":"2024-08-16T23:17:42","date_gmt":"2024-08-16T20:17:42","guid":{"rendered":"https:\/\/nbg.eu\/product\/trigger-pin-kmr-s-02\/"},"modified":"2026-04-16T16:16:04","modified_gmt":"2026-04-16T13:16:04","slug":"trigger-pin-kmr-s-02","status":"publish","type":"product","link":"https:\/\/nbg.eu\/cs\/produkt\/trigger-pin-kmr-s-02\/","title":{"rendered":"KMR \u010cep Spou\u0161t\u011b S-02"},"content":{"rendered":"<h2>Spou\u0161\u0165ov\u00fd kol\u00edk pro KMR S-02: P\u0159esn\u00fd \u010dep pro optim\u00e1ln\u00ed v\u00fdkon spou\u0161t\u011b<\/h2>\n<p>Spou\u0161\u0165ov\u00fd kol\u00edk pro KMR S-02 je p\u0159esn\u011b navr\u017een\u00e1 sou\u010d\u00e1st, kter\u00e1 poskytuje kritickou mechanickou osu pro spou\u0161\u0165ovou sestavu. Vyroben\u00fd z tvrzen\u00e9 n\u00e1strojov\u00e9 oceli, tento specializovan\u00fd \u010dep zaji\u0161\u0165uje nulovou v\u016fli v r\u00e1mci rozm\u011br\u016f r\u00e1mu S-02, co\u017e vede ke stabiln\u011bj\u0161\u00edmu pohybu spou\u0161t\u011b a p\u0159edv\u00eddateln\u011bj\u0161\u00edmu, ostr\u00e9mu spu\u0161t\u011bn\u00ed.<\/p>\n<p>S ultra-n\u00edzkokoeficientn\u00edm povrchem a vysokou smykovou odolnost\u00ed chr\u00e1n\u00ed Spou\u0161\u0165ov\u00fd kol\u00edk r\u00e1m S-02 p\u0159ed vnit\u0159n\u00edm opot\u0159eben\u00edm p\u0159i vysok\u00e9m objemu pou\u017eit\u00ed, udr\u017euje integritu spou\u0161\u0165ov\u00e9ho mechanismu pro spolehliv\u00fd v\u00fdkon v pr\u016fb\u011bhu \u010dasu. Tato \u00farove\u0148 p\u0159esnosti a pozornost k detail\u016fm je z\u00e1sadn\u00ed pro st\u0159elce, kte\u0159\u00ed vy\u017eaduj\u00ed nejvy\u0161\u0161\u00ed odezvu a konzistenci spou\u0161t\u011b.<\/p>\n<p>A\u0165 u\u017e jste z\u00e1vodn\u00ed st\u0159elec, taktick\u00fd oper\u00e1tor nebo v\u00e1\u0161niv\u00fd nad\u0161enec, Spou\u0161\u0165ov\u00fd kol\u00edk pro KMR S-02 nab\u00edz\u00ed p\u0159izp\u016fsoben\u00e9 \u0159e\u0161en\u00ed pro zlep\u0161en\u00ed celkov\u00e9ho z\u00e1\u017eitku ze spou\u0161t\u011b va\u0161\u00ed paln\u00e9 zbran\u011b. Zvy\u0161te svou p\u0159esnost a sebed\u016fv\u011bru p\u0159i st\u0159elb\u011b pomoc\u00ed t\u00e9to pe\u010dliv\u011b navr\u017een\u00e9 sou\u010d\u00e1sti, kter\u00e1 je ur\u010dena k hladk\u00e9 integraci s \u0161as\u00edm S-02 a poskytuje v\u00fdkon, kter\u00fd si zaslou\u017e\u00edte.<\/p>\n","protected":false},"excerpt":{"rendered":"<p>P\u0159esn\u00e1 oto\u010dn\u00e1 osa pro \u0161asi KMR S-02, kalen\u00e1 ocel, ultra\u00edzk\u00e9 t\u0159en\u00ed.<\/p>\n","protected":false},"featured_media":23749,"template":"","meta":{"_acf_changed":false},"product_brand":[11490],"product_cat":[12659],"product_tag":[],"class_list":{"0":"post-695256","1":"product","2":"type-product","3":"status-publish","4":"has-post-thumbnail","6":"product_brand-kmr-precision","7":"product_cat-kmr-dily","9":"first","10":"instock","11":"taxable","12":"shipping-taxable","13":"product-type-simple"},"acf":[],"_links":{"self":[{"href":"https:\/\/nbg.eu\/cs\/wp-json\/wp\/v2\/product\/695256","targetHints":{"allow":["GET"]}}],"collection":[{"href":"https:\/\/nbg.eu\/cs\/wp-json\/wp\/v2\/product"}],"about":[{"href":"https:\/\/nbg.eu\/cs\/wp-json\/wp\/v2\/types\/product"}],"wp:featuredmedia":[{"embeddable":true,"href":"https:\/\/nbg.eu\/cs\/wp-json\/wp\/v2\/media\/23749"}],"wp:attachment":[{"href":"https:\/\/nbg.eu\/cs\/wp-json\/wp\/v2\/media?parent=695256"}],"wp:term":[{"taxonomy":"product_brand","embeddable":true,"href":"https:\/\/nbg.eu\/cs\/wp-json\/wp\/v2\/product_brand?post=695256"},{"taxonomy":"product_cat","embeddable":true,"href":"https:\/\/nbg.eu\/cs\/wp-json\/wp\/v2\/product_cat?post=695256"},{"taxonomy":"product_tag","embeddable":true,"href":"https:\/\/nbg.eu\/cs\/wp-json\/wp\/v2\/product_tag?post=695256"}],"curies":[{"name":"wp","href":"https:\/\/api.w.org\/{rel}","templated":true}]}}