{"id":696299,"date":"2025-12-22T17:18:06","date_gmt":"2025-12-22T14:18:06","guid":{"rendered":"https:\/\/nbg.eu\/product\/taska-atlas-duffel\/"},"modified":"2026-04-15T14:11:39","modified_gmt":"2026-04-15T11:11:39","slug":"taska-atlas-duffel","status":"publish","type":"product","link":"https:\/\/nbg.eu\/cs\/produkt\/taska-atlas-duffel\/","title":{"rendered":"Eberlestock Cestovn\u00ed Ta\u0161ka Atlas"},"content":{"rendered":"<h2>Atlas Duffel: P\u0159eprava va\u0161e vybaven\u00ed s eleganc\u00ed a snadnost\u00ed<\/h2>\n<p>Atlas Duffel je mlad\u0161\u00ed sourozenec na\u0161eho popul\u00e1rn\u00edho Hercules Duffelu a nab\u00edz\u00ed v\u0161echny stejn\u00e9 funkce, kter\u00e9 lid\u00e9 miluj\u00ed. S velkou hlavn\u00ed komorou, polstrovan\u00fdmi d\u011bli\u010di, \u0161esti vn\u011bj\u0161\u00edmi zipov\u00fdmi kapsami a tvrdou spodn\u00ed komorou je tento odoln\u00fd duffel navr\u017een tak, aby udr\u017eoval va\u0161e vybaven\u00ed organizovan\u00e9 a chr\u00e1n\u011bn\u00e9.<\/p>\n<p>Se zaji\u0161\u0165ovac\u00edmi z\u00e1mkov\u00fdmi YKK zipy zajist\u00ed Atlas Duffel bezpe\u010dnost va\u0161ich v\u011bc\u00ed i v nejn\u00e1ro\u010dn\u011bj\u0161\u00edch podm\u00ednk\u00e1ch. P\u0159ilo\u017een\u00e1 pl\u00e1\u0161t\u011bnka poskytuje dal\u0161\u00ed ochranu a chr\u00e1n\u00ed va\u0161e vybaven\u00ed p\u0159ed vlhkost\u00ed a prachem.<\/p>\n<p>S imponuj\u00edc\u00edmi rozm\u011bry 29,5 x 16 x 16 cm, objemem 5 844 c.i. \/ 95,77 l a hmotnost\u00ed 12 liber 12 unc\u00ed nab\u00edz\u00ed Atlas Duffel dostatek prostoru pro ve\u0161ker\u00e9 va\u0161e nezbytnosti. 4 palce hlubok\u00e1 spodn\u00ed komora poskytuje pohodln\u00e9 m\u00edsto pro ulo\u017een\u00ed polo\u017eek, kter\u00e9 pot\u0159ebujete rychle p\u0159\u00edstupn\u00e9.<\/p>\n<p>Vyroben\u00fd z tvrd\u00e9ho dna a vybaven\u00fd pou\u017eiteln\u00fdmi kole\u010dky je Atlas Duffel konstruov\u00e1n tak, aby odolal n\u00e1rok\u016fm cestov\u00e1n\u00ed. Jeho vnit\u0159n\u00ed kapsy a p\u0159izp\u016fsobiteln\u00e9 such\u00fdm zip\u016fm umo\u017e\u0148uj\u00ed p\u0159izp\u016fsobit organizaci podle va\u0161ich specifick\u00fdch pot\u0159eb, co\u017e z n\u011bj d\u011bl\u00e1 dokonal\u00e9ho spole\u010dn\u00edka pro va\u0161e dobrodru\u017estv\u00ed.<\/p>\n","protected":false},"excerpt":{"rendered":"<p>Batoh Atlas je prostorn\u00fd a univerz\u00e1ln\u00ed ta\u0161ka s tvrd\u00fdm spodkem, polstrovan\u00fdmi p\u0159ep\u00e1\u017ekami a pl\u00e1\u0161t\u011bnkou pro ochranu za ka\u017ed\u00e9ho po\u010das\u00ed.<\/p>\n","protected":false},"featured_media":696354,"template":"","meta":{"_acf_changed":false},"product_brand":[15137],"product_cat":[12649],"product_tag":[],"class_list":{"0":"post-696299","1":"product","2":"type-product","3":"status-publish","4":"has-post-thumbnail","6":"product_brand-eberlestock","7":"product_cat-rangebags","9":"first","10":"instock","11":"taxable","12":"shipping-taxable","13":"purchasable","14":"product-type-variable","15":"wvs-archive-product-wrapper"},"acf":[],"_links":{"self":[{"href":"https:\/\/nbg.eu\/cs\/wp-json\/wp\/v2\/product\/696299","targetHints":{"allow":["GET"]}}],"collection":[{"href":"https:\/\/nbg.eu\/cs\/wp-json\/wp\/v2\/product"}],"about":[{"href":"https:\/\/nbg.eu\/cs\/wp-json\/wp\/v2\/types\/product"}],"wp:featuredmedia":[{"embeddable":true,"href":"https:\/\/nbg.eu\/cs\/wp-json\/wp\/v2\/media\/696354"}],"wp:attachment":[{"href":"https:\/\/nbg.eu\/cs\/wp-json\/wp\/v2\/media?parent=696299"}],"wp:term":[{"taxonomy":"product_brand","embeddable":true,"href":"https:\/\/nbg.eu\/cs\/wp-json\/wp\/v2\/product_brand?post=696299"},{"taxonomy":"product_cat","embeddable":true,"href":"https:\/\/nbg.eu\/cs\/wp-json\/wp\/v2\/product_cat?post=696299"},{"taxonomy":"product_tag","embeddable":true,"href":"https:\/\/nbg.eu\/cs\/wp-json\/wp\/v2\/product_tag?post=696299"}],"curies":[{"name":"wp","href":"https:\/\/api.w.org\/{rel}","templated":true}]}}