{"id":696673,"date":"2025-12-22T15:43:37","date_gmt":"2025-12-22T12:43:37","guid":{"rendered":"https:\/\/nbg.eu\/product\/utocny-batoh-v-maskovani-multicam\/"},"modified":"2026-04-15T14:11:53","modified_gmt":"2026-04-15T11:11:53","slug":"utocny-batoh-v-maskovani-multicam","status":"publish","type":"product","link":"https:\/\/nbg.eu\/cs\/produkt\/utocny-batoh-v-maskovani-multicam\/","title":{"rendered":"Eberlestock \u00dato\u010dn\u00fd Batoh Mission &#8211; Multicam"},"content":{"rendered":"<h2>\u00dato\u010dn\u00fd batoh &#8211; Multicam<\/h2>\n<p>Konstruov\u00e1n od z\u00e1kladu tak, aby se hodil do v\u00fdsadku, \u00dato\u010dn\u00fd batoh se spojuje s R\u00e1mem Mise pro \u0161t\u00edhl\u00fd, z\u00e1t\u011b\u017eov\u00fd syst\u00e9m. S \u0159adou organiza\u010dn\u00edch funkc\u00ed, bezpe\u010dn\u00fdm a nastaviteln\u00fdm padnut\u00edm a rychl\u00fdm p\u0159\u00edstupem k vnit\u0159ku, \u00dato\u010dn\u00fd batoh v\u00e1s udr\u017e\u00ed na c\u00edli. Schopnost d\u00e1le p\u0159id\u00e1vat p\u0159\u00edslu\u0161enstv\u00ed a funkce prost\u0159ednictv\u00edm syst\u00e9mu Mission EMOD d\u00e1le roz\u0161i\u0159uje schopnosti tohoto batohu.<\/p>\n<p>V\u00e1\u017e\u00edc\u00ed 1 libru a 12 unc\u00ed, \u00dato\u010dn\u00fd batoh je vyroben z odoln\u00e9ho materi\u00e1lu 500D Ripstop a nab\u00edz\u00ed \u0161t\u011bdoruk\u00fdch 2 000 krychlov\u00fdch palc\u016f kapacity pro ulo\u017een\u00ed va\u0161eho nezbytn\u00e9ho vybaven\u00ed.<\/p>\n","protected":false},"excerpt":{"rendered":"<p>V\u0161estrann\u00fd modul\u00e1rn\u00ed \u00fato\u010dn\u00fd batoh s organiza\u010dn\u00edmi funkcemi a kompatibilitou EMOD.<\/p>\n","protected":false},"featured_media":696693,"template":"","meta":{"_acf_changed":false},"product_brand":[15137],"product_cat":[12653],"product_tag":[],"class_list":{"0":"post-696673","1":"product","2":"type-product","3":"status-publish","4":"has-post-thumbnail","6":"product_brand-eberlestock","7":"product_cat-batohy","9":"first","10":"outofstock","11":"taxable","12":"shipping-taxable","13":"purchasable","14":"product-type-variable","15":"wvs-archive-product-wrapper"},"acf":[],"_links":{"self":[{"href":"https:\/\/nbg.eu\/cs\/wp-json\/wp\/v2\/product\/696673","targetHints":{"allow":["GET"]}}],"collection":[{"href":"https:\/\/nbg.eu\/cs\/wp-json\/wp\/v2\/product"}],"about":[{"href":"https:\/\/nbg.eu\/cs\/wp-json\/wp\/v2\/types\/product"}],"wp:featuredmedia":[{"embeddable":true,"href":"https:\/\/nbg.eu\/cs\/wp-json\/wp\/v2\/media\/696693"}],"wp:attachment":[{"href":"https:\/\/nbg.eu\/cs\/wp-json\/wp\/v2\/media?parent=696673"}],"wp:term":[{"taxonomy":"product_brand","embeddable":true,"href":"https:\/\/nbg.eu\/cs\/wp-json\/wp\/v2\/product_brand?post=696673"},{"taxonomy":"product_cat","embeddable":true,"href":"https:\/\/nbg.eu\/cs\/wp-json\/wp\/v2\/product_cat?post=696673"},{"taxonomy":"product_tag","embeddable":true,"href":"https:\/\/nbg.eu\/cs\/wp-json\/wp\/v2\/product_tag?post=696673"}],"curies":[{"name":"wp","href":"https:\/\/api.w.org\/{rel}","templated":true}]}}