{"id":696856,"date":"2025-12-22T15:47:55","date_gmt":"2025-12-22T12:47:55","guid":{"rendered":"https:\/\/nbg.eu\/product\/mise-arc-multicam\/"},"modified":"2026-04-15T14:11:50","modified_gmt":"2026-04-15T11:11:50","slug":"mise-arc-multicam","status":"publish","type":"product","link":"https:\/\/nbg.eu\/cs\/produkt\/mise-arc-multicam\/","title":{"rendered":"Eberlestock Mission ARC &#8211; Multicam"},"content":{"rendered":"<h2>Mise ARC-Multicam: Optimalizovan\u00fd nosi\u010d vybaven\u00ed pro provozn\u00ed efektivitu<\/h2>\n<p>Adjustable Rifle Carrier (ARC) Mise je funk\u010dn\u00ed zdroj pro profesion\u00e1ly, kte\u0159\u00ed pot\u0159ebuj\u00ed v ter\u00e9nu p\u0159en\u00e1\u0161et dal\u0161\u00ed aktiva. ARC zvy\u0161uje opera\u010dn\u00ed kapacitu a je navr\u017een tak, aby spolupracoval s r\u00e1mem Mission EMOD a roz\u0161\u00ed\u0159en\u00edm zipu Mission. Upevn\u011bn\u00edm na zadn\u00ed \u010d\u00e1st r\u00e1mu Mission pomoc\u00ed popruh\u016f MOLLE slou\u017e\u00ed ARC jako nosi\u010d p\u0159esn\u00fdch pu\u0161ek, platforem stylu AR a m\u016f\u017ee p\u0159epravovat dal\u0161\u00ed vybaven\u00ed nezbytn\u00e9 pro mise.<\/p>\n<p>\u00dasp\u011bch mise z\u00e1vis\u00ed na p\u0159esn\u00e9m na\u010dasov\u00e1n\u00ed, p\u0159esnosti a efektivn\u00edm nasazen\u00ed dostupn\u00fdch zdroj\u016f. ARC byl vyroben, aby podporoval po\u017eadavky na vybaven\u00ed v jak\u00e9mkoli prost\u0159ed\u00ed. Se tkaninou 500D, nastavitelnou z\u00e1kladnou, popruhy MOLLE, upev\u0148ovac\u00edmi popruhy a zes\u00edlenou hypalenovou z\u00e1kladnou je Mission ARC-Multicam navr\u017een tak, aby optimalizoval organizaci a dostupnost vybaven\u00ed v ter\u00e9nu.<\/p>\n<p>Rozm\u011bry: 15&#8243; v\u00fd\u0161ka x 3&#8243; \u0161\u00ed\u0159ka<\/p>\n","protected":false},"excerpt":{"rendered":"<p>Posl\u00e1n\u00ed ARC-Multicam je funk\u010dn\u00ed, nastaviteln\u00fd nosi\u010d pu\u0161ky, kter\u00fd se upev\u0148uje na r\u00e1m Mission EMOD a umo\u017e\u0148uje p\u0159epravu p\u0159esn\u00fdch pu\u0161ek, platforem AR-Style a nezbytn\u00e9ho vybaven\u00ed pro misi.<\/p>\n","protected":false},"featured_media":696885,"template":"","meta":{"_acf_changed":false},"product_brand":[15137],"product_cat":[12653],"product_tag":[],"class_list":{"0":"post-696856","1":"product","2":"type-product","3":"status-publish","4":"has-post-thumbnail","6":"product_brand-eberlestock","7":"product_cat-batohy","9":"first","10":"instock","11":"taxable","12":"shipping-taxable","13":"purchasable","14":"product-type-variable","15":"wvs-archive-product-wrapper"},"acf":[],"_links":{"self":[{"href":"https:\/\/nbg.eu\/cs\/wp-json\/wp\/v2\/product\/696856","targetHints":{"allow":["GET"]}}],"collection":[{"href":"https:\/\/nbg.eu\/cs\/wp-json\/wp\/v2\/product"}],"about":[{"href":"https:\/\/nbg.eu\/cs\/wp-json\/wp\/v2\/types\/product"}],"wp:featuredmedia":[{"embeddable":true,"href":"https:\/\/nbg.eu\/cs\/wp-json\/wp\/v2\/media\/696885"}],"wp:attachment":[{"href":"https:\/\/nbg.eu\/cs\/wp-json\/wp\/v2\/media?parent=696856"}],"wp:term":[{"taxonomy":"product_brand","embeddable":true,"href":"https:\/\/nbg.eu\/cs\/wp-json\/wp\/v2\/product_brand?post=696856"},{"taxonomy":"product_cat","embeddable":true,"href":"https:\/\/nbg.eu\/cs\/wp-json\/wp\/v2\/product_cat?post=696856"},{"taxonomy":"product_tag","embeddable":true,"href":"https:\/\/nbg.eu\/cs\/wp-json\/wp\/v2\/product_tag?post=696856"}],"curies":[{"name":"wp","href":"https:\/\/api.w.org\/{rel}","templated":true}]}}