{"id":697082,"date":"2025-12-22T16:18:10","date_gmt":"2025-12-22T13:18:10","guid":{"rendered":"https:\/\/nbg.eu\/product\/mise-zipper-extension-multicam\/"},"modified":"2026-04-15T14:11:46","modified_gmt":"2026-04-15T11:11:46","slug":"mise-zipper-extension-multicam","status":"publish","type":"product","link":"https:\/\/nbg.eu\/cs\/produkt\/mise-zipper-extension-multicam\/","title":{"rendered":"Eberlestock Prodlou\u017een\u00ed na Zip Mission EMOD &#8211; Multicam"},"content":{"rendered":"<h2>Mise Zipov\u00e1 prodlu\u017eovac\u00ed \u0161\u0148\u016fra &#8211; Multicam<\/h2>\n<p>Mise Zipov\u00e1 prodlu\u017eovac\u00ed \u0161\u0148\u016fra kombinuje \u00fa\u010del a u\u017eite\u010dnost pro oper\u00e1tora. Zipov\u00e1 prodlu\u017eovac\u00ed \u0161\u0148\u016fra se p\u0159ipojuje k p\u0159edn\u00ed stran\u011b r\u00e1mu Mission EMOD a je navr\u017eena k pou\u017eit\u00ed s Mission ARC a Mission Packem, aby se zv\u00fd\u0161ila va\u0161e kapacita a variabilita vybaven\u00ed. Popruhy MOLLE a dvouvrstv\u00e1 konstrukce lamin\u00e1tu 500D v\u00e1m poskytuj\u00ed pot\u0159ebn\u00e9 funkce pro efektivn\u00ed spr\u00e1vu kabel\u016f, veden\u00ed ant\u00e9n a p\u0159ipevn\u011bn\u00ed turniket\u016f. Mise Zipov\u00e1 prodlu\u017eovac\u00ed \u0161\u0148\u016fra slou\u017e\u00ed jako \u017eivotn\u011b d\u016fle\u017eit\u00e9 p\u0159ipojen\u00ed, kter\u00e9 pos\u00edl\u00ed v\u00e1\u0161 v\u00fdkon v ter\u00e9nu.<\/p>\n<h2>Rozm\u011bry<\/h2>\n<p>Rozm\u011bry: 15&#8243; x 3&#8243;<\/p>\n<h2>Vlastnosti<\/h2>\n<ul>\n<li>Tkanina 500D<\/li>\n<li>Zipy YKK<\/li>\n<li>Dvojvrstv\u00fd lamin\u00e1t<\/li>\n<\/ul>\n","protected":false},"excerpt":{"rendered":"<p>Prodlou\u017een\u00ed zipu Mission-Multicam zvy\u0161uje kapacitu vybaven\u00ed pomoc\u00ed MOLLE tkan\u00e9 a 500D lamin\u00e1tov\u00e9 konstrukce pro veden\u00ed kabel\u016f a ant\u00e9n.<\/p>\n","protected":false},"featured_media":697108,"template":"","meta":{"_acf_changed":false},"product_brand":[15137],"product_cat":[12653],"product_tag":[],"class_list":{"0":"post-697082","1":"product","2":"type-product","3":"status-publish","4":"has-post-thumbnail","6":"product_brand-eberlestock","7":"product_cat-batohy","9":"first","10":"instock","11":"taxable","12":"shipping-taxable","13":"purchasable","14":"product-type-variable","15":"wvs-archive-product-wrapper"},"acf":[],"_links":{"self":[{"href":"https:\/\/nbg.eu\/cs\/wp-json\/wp\/v2\/product\/697082","targetHints":{"allow":["GET"]}}],"collection":[{"href":"https:\/\/nbg.eu\/cs\/wp-json\/wp\/v2\/product"}],"about":[{"href":"https:\/\/nbg.eu\/cs\/wp-json\/wp\/v2\/types\/product"}],"wp:featuredmedia":[{"embeddable":true,"href":"https:\/\/nbg.eu\/cs\/wp-json\/wp\/v2\/media\/697108"}],"wp:attachment":[{"href":"https:\/\/nbg.eu\/cs\/wp-json\/wp\/v2\/media?parent=697082"}],"wp:term":[{"taxonomy":"product_brand","embeddable":true,"href":"https:\/\/nbg.eu\/cs\/wp-json\/wp\/v2\/product_brand?post=697082"},{"taxonomy":"product_cat","embeddable":true,"href":"https:\/\/nbg.eu\/cs\/wp-json\/wp\/v2\/product_cat?post=697082"},{"taxonomy":"product_tag","embeddable":true,"href":"https:\/\/nbg.eu\/cs\/wp-json\/wp\/v2\/product_tag?post=697082"}],"curies":[{"name":"wp","href":"https:\/\/api.w.org\/{rel}","templated":true}]}}