{"id":697222,"date":"2025-12-22T16:34:07","date_gmt":"2025-12-22T13:34:07","guid":{"rendered":"https:\/\/nbg.eu\/product\/ramec-mise-emod-multicam\/"},"modified":"2026-04-15T14:11:43","modified_gmt":"2026-04-15T11:11:43","slug":"ramec-mise-emod-multicam","status":"publish","type":"product","link":"https:\/\/nbg.eu\/cs\/produkt\/ramec-mise-emod-multicam\/","title":{"rendered":"Eberlestock R\u00e1m Mission EMOD &#8211; Multicam"},"content":{"rendered":"<h2>Misionov\u00fd r\u00e1m &#8211; EMOD &#8211; Multicam<\/h2>\n<p>Z\u00e1klad misionov\u00e9ho EMOD, Misionov\u00fd r\u00e1m, poskytuje odoln\u00fd, modul\u00e1rn\u00ed a kompaktn\u00ed v\u00fdchoz\u00ed bod pro v\u00e1\u0161 nov\u00fd v\u00fdbavov\u00fd soubor. Po nespo\u010dtu hodin testov\u00e1n\u00ed a v\u00fdvoje spole\u010dn\u011b s p\u0159\u00edslu\u0161n\u00edky Zvl\u00e1\u0161tn\u00edch sil z ka\u017ed\u00e9 v\u011btve, byl tento r\u00e1m navr\u017een tak, aby perfektn\u011b sed\u011bl a fungoval spole\u010dn\u011b s va\u0161\u00edm vybaven\u00edm, a\u0165 u\u017e na va\u0161\u00ed osob\u011b nebo mimo ni.<\/p>\n<p>Rozm\u011bry: 2 LB 15 OZ<\/p>\n","protected":false},"excerpt":{"rendered":"<p>R\u00e1m Mise- EMOD -Multicam: robustn\u00ed, modul\u00e1rn\u00ed a kompaktn\u00ed v\u00fdchoz\u00ed bod pro va\u0161i v\u00fdzbroj, navr\u017een\u00fd pro speci\u00e1ln\u00ed opera\u010dn\u00ed s\u00edly.<\/p>\n","protected":false},"featured_media":697264,"template":"","meta":{"_acf_changed":false},"product_brand":[15137],"product_cat":[12653],"product_tag":[],"class_list":{"0":"post-697222","1":"product","2":"type-product","3":"status-publish","4":"has-post-thumbnail","6":"product_brand-eberlestock","7":"product_cat-batohy","9":"first","10":"instock","11":"taxable","12":"shipping-taxable","13":"purchasable","14":"product-type-variable","15":"wvs-archive-product-wrapper"},"acf":[],"_links":{"self":[{"href":"https:\/\/nbg.eu\/cs\/wp-json\/wp\/v2\/product\/697222","targetHints":{"allow":["GET"]}}],"collection":[{"href":"https:\/\/nbg.eu\/cs\/wp-json\/wp\/v2\/product"}],"about":[{"href":"https:\/\/nbg.eu\/cs\/wp-json\/wp\/v2\/types\/product"}],"wp:featuredmedia":[{"embeddable":true,"href":"https:\/\/nbg.eu\/cs\/wp-json\/wp\/v2\/media\/697264"}],"wp:attachment":[{"href":"https:\/\/nbg.eu\/cs\/wp-json\/wp\/v2\/media?parent=697222"}],"wp:term":[{"taxonomy":"product_brand","embeddable":true,"href":"https:\/\/nbg.eu\/cs\/wp-json\/wp\/v2\/product_brand?post=697222"},{"taxonomy":"product_cat","embeddable":true,"href":"https:\/\/nbg.eu\/cs\/wp-json\/wp\/v2\/product_cat?post=697222"},{"taxonomy":"product_tag","embeddable":true,"href":"https:\/\/nbg.eu\/cs\/wp-json\/wp\/v2\/product_tag?post=697222"}],"curies":[{"name":"wp","href":"https:\/\/api.w.org\/{rel}","templated":true}]}}