{"id":697532,"date":"2025-12-22T17:34:47","date_gmt":"2025-12-22T14:34:47","guid":{"rendered":"https:\/\/nbg.eu\/product\/bang-bang-range-bag\/"},"modified":"2026-04-15T14:11:36","modified_gmt":"2026-04-15T11:11:36","slug":"bang-bang-range-bag","status":"publish","type":"product","link":"https:\/\/nbg.eu\/cs\/produkt\/bang-bang-range-bag\/","title":{"rendered":"Eberlestock Ta\u0161ka na St\u0159elnici Bang-Bang"},"content":{"rendered":"<h2>Bang-Bang Ta\u0161na na st\u0159elnici<\/h2>\n<p>Bang Bang\u2122 byl vyvinut jako kompaktn\u00ed ta\u0161ka na st\u0159elnici, kter\u00e1 m\u00e1 pojmout ve\u0161ker\u00e9 va\u0161e nezbytn\u00e9 vybaven\u00ed a ochr\u00e1nit jej p\u0159ed pov\u011btrnostn\u00edmi vlivy. Polykarbon\u00e1tov\u00e9 dno \u010din\u00ed ta\u0161ku nepropustnou pro mokrou zem, kameny, ne\u010distoty a prach ze st\u0159elnice.<\/p>\n<p>Hlavn\u00ed p\u0159ihr\u00e1dka m\u00e1 nastaviteln\u00e9, polstrovan\u00e9 p\u0159ep\u00e1\u017eky, kter\u00e9 udr\u017euj\u00ed zdravotnick\u00e9 pot\u0159eby, n\u00e1stroje, fotoapar\u00e1tov\u00e9 vybaven\u00ed a st\u0159eleck\u00e9 vybaven\u00ed v bezpe\u010d\u00ed a uspo\u0159\u00e1dan\u011b. Spodn\u00ed p\u0159ihr\u00e1dka je ide\u00e1ln\u00ed pro ru\u010dn\u00ed zbran\u011b, n\u00e1stroje nebo dokonce kompaktn\u00ed karabinu.<\/p>\n<h2>Rozm\u011bry<\/h2>\n<p>Objem: 2062,5 c.i. \/ 33,80L<br \/>\nHmotnost: 4 libry<br \/>\nRozm\u011bry: 10,25V x 21\u0160 x 10H<br \/>\nSpecifikace spodn\u00ed p\u0159ihr\u00e1dky 21,5&#8243; D x 9,5&#8243; \u0160 x 2&#8243; H<\/p>\n<h2>Vlastnosti<\/h2>\n<ul>\n<li>Polykarbon\u00e1tov\u00e9 dno<\/li>\n<li>Polstrovan\u00e1 nastaviteln\u00e1 hlavn\u00ed p\u0159ihr\u00e1dka<\/li>\n<li>Nastaviteln\u00fd ramenn\u00ed popruh<\/li>\n<li>P\u0159izp\u016fsobiteln\u00e9 organiza\u010dn\u00ed p\u0159ep\u00e1\u017eky<\/li>\n<li>Spodn\u00ed p\u0159ihr\u00e1dka pro bezpe\u010dn\u00e9 ulo\u017een\u00ed<\/li>\n<\/ul>\n","protected":false},"excerpt":{"rendered":"<p>Ta\u0161kov\u00e1 ta\u0161ka Bang-Bang Range je kompaktn\u00ed, odoln\u00e1 ta\u0161ka s polykarbon\u00e1tovou z\u00e1kladnou a konfigurovateln\u00fdm vnit\u0159kem na ochranu va\u0161eho nezbytn\u00e9ho vybaven\u00ed.<\/p>\n","protected":false},"featured_media":697557,"template":"","meta":{"_acf_changed":false},"product_brand":[15137],"product_cat":[12649],"product_tag":[],"class_list":{"0":"post-697532","1":"product","2":"type-product","3":"status-publish","4":"has-post-thumbnail","6":"product_brand-eberlestock","7":"product_cat-rangebags","9":"first","10":"instock","11":"taxable","12":"shipping-taxable","13":"purchasable","14":"product-type-variable","15":"wvs-archive-product-wrapper"},"acf":[],"_links":{"self":[{"href":"https:\/\/nbg.eu\/cs\/wp-json\/wp\/v2\/product\/697532","targetHints":{"allow":["GET"]}}],"collection":[{"href":"https:\/\/nbg.eu\/cs\/wp-json\/wp\/v2\/product"}],"about":[{"href":"https:\/\/nbg.eu\/cs\/wp-json\/wp\/v2\/types\/product"}],"wp:featuredmedia":[{"embeddable":true,"href":"https:\/\/nbg.eu\/cs\/wp-json\/wp\/v2\/media\/697557"}],"wp:attachment":[{"href":"https:\/\/nbg.eu\/cs\/wp-json\/wp\/v2\/media?parent=697532"}],"wp:term":[{"taxonomy":"product_brand","embeddable":true,"href":"https:\/\/nbg.eu\/cs\/wp-json\/wp\/v2\/product_brand?post=697532"},{"taxonomy":"product_cat","embeddable":true,"href":"https:\/\/nbg.eu\/cs\/wp-json\/wp\/v2\/product_cat?post=697532"},{"taxonomy":"product_tag","embeddable":true,"href":"https:\/\/nbg.eu\/cs\/wp-json\/wp\/v2\/product_tag?post=697532"}],"curies":[{"name":"wp","href":"https:\/\/api.w.org\/{rel}","templated":true}]}}