{"id":697994,"date":"2025-12-22T17:41:31","date_gmt":"2025-12-22T14:41:31","guid":{"rendered":"https:\/\/nbg.eu\/product\/ranger-balik\/"},"modified":"2026-01-07T13:14:46","modified_gmt":"2026-01-07T10:14:46","slug":"ranger-balik","status":"publish","type":"product","link":"https:\/\/nbg.eu\/cs\/produkt\/ranger-balik\/","title":{"rendered":"Ranger bal\u00edk"},"content":{"rendered":"<h2>UpRanger Pack: Zm\u011b\u0148te zp\u016fsob p\u0159en\u00e1\u0161en\u00ed sv\u00e9ho 3-Gun a outdoorov\u00e9ho vybaven\u00ed<\/h2>\n<p>Inspirov\u00e1no pot\u0159ebami \u0161ampiona 3-Gunneru, batoh UpRanger\u2122 m\u011bn\u00ed hru. Batoh je navr\u017een tak, aby p\u0159i p\u00e1du na svou odolnou polykarbon\u00e1tovou vn\u011bj\u0161\u00ed \u010d\u00e1st mohl b\u00fdt rychle otev\u0159en ze strany popruhu pro rychl\u00fd p\u0159\u00edstup k va\u0161emu vybaven\u00ed bez zbyte\u010dn\u00e9ho opot\u0159eben\u00ed nebo zne\u010di\u0161t\u011bn\u00ed. A\u0165 u\u017e jej pou\u017e\u00edv\u00e1te na st\u0159elnici, jako odolnou fotoapar\u00e1tovou ta\u0161ku nebo pro jakoukoliv jinou venkovn\u00ed aktivitu, UpRanger m\u00e1 kapacitu a funkce, aby to v\u0161e zvl\u00e1dl.<\/p>\n<p>S prostorn\u00fdm objemem 3260 krychlov\u00fdch palc\u016f (53,4 L) a v\u00e1hou pouh\u00fdch 6,45 liber je UpRanger vysoce v\u00fdkonn\u00fd, a p\u0159itom lehk\u00fd batoh. Polstrovan\u00fd, nastaviteln\u00fd ramenn\u00ed popruh zaji\u0161\u0165uje pohodln\u00e9 no\u0161en\u00ed, zat\u00edmco konfigurovateln\u00e9 p\u0159ep\u00e1\u017eky v\u00e1m umo\u017en\u00ed p\u0159izp\u016fsobit vnit\u0159n\u00ed uspo\u0159\u00e1d\u00e1n\u00ed va\u0161im konkr\u00e9tn\u00edm pot\u0159eb\u00e1m. Pro dal\u0161\u00ed ochranu je batoh kompatibiln\u00ed s na\u0161\u00edm velk\u00fdm reverzibiln\u00edm pl\u00e1\u0161t\u011bnkou, kter\u00e1 udr\u017e\u00ed va\u0161e vybaven\u00ed v suchu p\u0159i nep\u0159\u00edzniv\u00e9m po\u010das\u00ed.<\/p>\n<p>Pro dokonal\u00e9 vybaven\u00ed pro 3-Gun, sp\u00e1rujte UpRanger s na\u0161imi pouzdry Sidewinder na pu\u0161ky pro komplexn\u00ed \u0159e\u0161en\u00ed, kter\u00e9 udr\u017e\u00ed va\u0161e zbran\u011b v bezpe\u010d\u00ed a snadno p\u0159\u00edstupn\u00e9. Odn\u00edmateln\u00e9 bo\u010dn\u00ed k\u0159\u00eddlov\u00e9 panely poskytuj\u00ed dal\u0161\u00ed variabilitu, co\u017e v\u00e1m umo\u017en\u00ed nakonfigurovat batoh podle va\u0161ich jedine\u010dn\u00fdch po\u017eadavk\u016f.<\/p>\n<p>Zvy\u0161te \u00farove\u0148 organizace a ochrany va\u0161eho outdoorov\u00e9ho vybaven\u00ed s inovativn\u00edm batohem UpRanger, navr\u017een\u00fdm tak, aby zjednodu\u0161il va\u0161e aktivity a udr\u017eel va\u0161e nezbytn\u00e9 vybaven\u00ed uspo\u0159\u00e1dan\u00e9 a chr\u00e1n\u011bn\u00e9.<\/p>\n","protected":false},"excerpt":{"rendered":"<p>V\u0161estrann\u00fd 3Gun batoh s polykarbon\u00e1tovou z\u00e1kladnou pro rychl\u00fd a bezpra\u0161n\u00fd p\u0159\u00edstup.<\/p>\n","protected":false},"featured_media":696426,"template":"","meta":{"_acf_changed":false},"product_brand":[15137],"product_cat":[12653],"product_tag":[],"class_list":{"0":"post-697994","1":"product","2":"type-product","3":"status-publish","4":"has-post-thumbnail","6":"product_brand-eberlestock","7":"product_cat-batohy","9":"first","10":"instock","11":"taxable","12":"shipping-taxable","13":"purchasable","14":"product-type-variable","15":"wvs-archive-product-wrapper"},"acf":[],"_links":{"self":[{"href":"https:\/\/nbg.eu\/cs\/wp-json\/wp\/v2\/product\/697994","targetHints":{"allow":["GET"]}}],"collection":[{"href":"https:\/\/nbg.eu\/cs\/wp-json\/wp\/v2\/product"}],"about":[{"href":"https:\/\/nbg.eu\/cs\/wp-json\/wp\/v2\/types\/product"}],"wp:featuredmedia":[{"embeddable":true,"href":"https:\/\/nbg.eu\/cs\/wp-json\/wp\/v2\/media\/696426"}],"wp:attachment":[{"href":"https:\/\/nbg.eu\/cs\/wp-json\/wp\/v2\/media?parent=697994"}],"wp:term":[{"taxonomy":"product_brand","embeddable":true,"href":"https:\/\/nbg.eu\/cs\/wp-json\/wp\/v2\/product_brand?post=697994"},{"taxonomy":"product_cat","embeddable":true,"href":"https:\/\/nbg.eu\/cs\/wp-json\/wp\/v2\/product_cat?post=697994"},{"taxonomy":"product_tag","embeddable":true,"href":"https:\/\/nbg.eu\/cs\/wp-json\/wp\/v2\/product_tag?post=697994"}],"curies":[{"name":"wp","href":"https:\/\/api.w.org\/{rel}","templated":true}]}}