{"id":698315,"date":"2025-12-22T17:45:44","date_gmt":"2025-12-22T14:45:44","guid":{"rendered":"https:\/\/nbg.eu\/product\/koberec-na-strelbu\/"},"modified":"2026-04-15T14:11:32","modified_gmt":"2026-04-15T11:11:32","slug":"koberec-na-strelbu","status":"publish","type":"product","link":"https:\/\/nbg.eu\/cs\/produkt\/koberec-na-strelbu\/","title":{"rendered":"Eberlestock St\u0159eleck\u00e1 Podlo\u017eka Dirt Nap"},"content":{"rendered":"<h2>Koberec na st\u0159elbu Dirt Nap: Optimalizov\u00e1no pro pohodl\u00ed a prakti\u010dnost p\u0159i st\u0159elb\u011b v le\u017ee<\/h2>\n<p>Koberec na st\u0159elbu Dirt Nap je odborn\u011b navr\u017een a prioritizov\u00e1n pro st\u0159eleckou polohu v le\u017ee. Zlep\u0161uje va\u0161e v\u00fdlety s nadstandardn\u00edm pohodl\u00edm a prakti\u010dnost\u00ed, co\u017e z n\u011bj d\u011bl\u00e1 nezbytn\u00fd dopln\u011bk do va\u0161eho soupisu pro st\u0159elnici.<\/p>\n<p>Dirt Nap m\u00e1 jednotliv\u011b vypodlo\u017een\u00e9 bu\u0148ky, kter\u00e9 vytv\u00e1\u0159ej\u00ed p\u0159irozen\u00e9 sklady, umo\u017e\u0148uj\u00edc\u00ed snadn\u00e9 skl\u00e1d\u00e1n\u00ed a kompaktn\u00ed ulo\u017een\u00ed. S pln\u00fdm polstrov\u00e1n\u00edm v horn\u00ed polovin\u011b a prodlou\u017een\u00edm dol\u016f po st\u0159edu zadn\u00ed poloviny poskytuje maxim\u00e1ln\u00ed pohodl\u00ed p\u0159esn\u011b tam, kde ho pot\u0159ebujete nejv\u00edce.<\/p>\n<p>S rozm\u011bry 94&#8243; d\u00e9lky x 34&#8243; \u0161\u00ed\u0159ky a slo\u017een\u00edm na kompaktn\u00edch 12&#8243; x 17&#8243; v\u00e1\u017e\u00ed Dirt Nap Shooting Mat pouh\u00e9 4 libry a 13 unc\u00ed. Jeho odoln\u00e1 konstrukce z PVC pota\u017een\u00e9ho nylonu 600D, PVC pota\u017een\u00fd spodek a praktick\u00e1 rukoje\u0165 z n\u011bj d\u011blaj\u00ed odolnou a praktickou volbu pro ka\u017ed\u00e9ho st\u0159elce.<\/p>\n<p>\u00dalo\u017en\u00e1 klapka s 20mm popruhy a p\u0159ezkami zaji\u0161\u0165uje, \u017ee v\u00e1\u0161 Dirt Nap z\u016fstane bezpe\u010dn\u011b na m\u00edst\u011b, zat\u00edmco promy\u0161len\u00e9 designov\u00e9 prvky z n\u011bj d\u011blaj\u00ed nezbytn\u00fd kus v\u00fdbavy pro v\u00e1\u0161 dal\u0161\u00ed den na st\u0159elnici.<\/p>\n","protected":false},"excerpt":{"rendered":"<p>Podlo\u017eka pro le\u017e\u00edc\u00ed st\u0159elbu Dirt Nap &#8211; expertn\u011b navr\u017een\u00e1 pro st\u0159elbu v poloze vle\u017ee, poskytuje vynikaj\u00edc\u00ed pohodl\u00ed a prakti\u010dnost.<\/p>\n","protected":false},"featured_media":698408,"template":"","meta":{"_acf_changed":false},"product_brand":[15137],"product_cat":[12717],"product_tag":[],"class_list":{"0":"post-698315","1":"product","2":"type-product","3":"status-publish","4":"has-post-thumbnail","6":"product_brand-eberlestock","7":"product_cat-vybava","9":"first","10":"instock","11":"taxable","12":"shipping-taxable","13":"purchasable","14":"product-type-variable","15":"wvs-archive-product-wrapper"},"acf":[],"_links":{"self":[{"href":"https:\/\/nbg.eu\/cs\/wp-json\/wp\/v2\/product\/698315","targetHints":{"allow":["GET"]}}],"collection":[{"href":"https:\/\/nbg.eu\/cs\/wp-json\/wp\/v2\/product"}],"about":[{"href":"https:\/\/nbg.eu\/cs\/wp-json\/wp\/v2\/types\/product"}],"wp:featuredmedia":[{"embeddable":true,"href":"https:\/\/nbg.eu\/cs\/wp-json\/wp\/v2\/media\/698408"}],"wp:attachment":[{"href":"https:\/\/nbg.eu\/cs\/wp-json\/wp\/v2\/media?parent=698315"}],"wp:term":[{"taxonomy":"product_brand","embeddable":true,"href":"https:\/\/nbg.eu\/cs\/wp-json\/wp\/v2\/product_brand?post=698315"},{"taxonomy":"product_cat","embeddable":true,"href":"https:\/\/nbg.eu\/cs\/wp-json\/wp\/v2\/product_cat?post=698315"},{"taxonomy":"product_tag","embeddable":true,"href":"https:\/\/nbg.eu\/cs\/wp-json\/wp\/v2\/product_tag?post=698315"}],"curies":[{"name":"wp","href":"https:\/\/api.w.org\/{rel}","templated":true}]}}