{"id":698715,"date":"2025-12-22T17:51:28","date_gmt":"2025-12-22T14:51:28","guid":{"rendered":"https:\/\/nbg.eu\/product\/lodrag-ii-pack\/"},"modified":"2026-04-15T14:11:29","modified_gmt":"2026-04-15T11:11:29","slug":"lodrag-ii-pack","status":"publish","type":"product","link":"https:\/\/nbg.eu\/cs\/produkt\/lodrag-ii-pack\/","title":{"rendered":"Eberlestock Batoh LoDrag II"},"content":{"rendered":"<h2>X31 LoDrag II\u2122 Taktick\u00fd batoh<\/h2>\n<p>Navr\u017een jako vysoce funk\u010dn\u00ed, lehk\u00fd taktick\u00fd batoh, kter\u00fd z\u00e1rove\u0148 obsahuje taktickou kapsli na zbra\u0148, se X31 LoDrag II\u2122 stal ned\u00edlnou sou\u010d\u00e1st\u00ed sv\u011bta p\u0159esn\u00fdch odst\u0159elovac\u00edch pu\u0161ek. Uvnit\u0159 hlavn\u00edho prostoru m\u00e1 LoDrag II sklopnou p\u0159ep\u00e1\u017eku k odd\u011blen\u00ed horn\u00edho a doln\u00edho prostoru a kapsu na hydrata\u010dn\u00ed syst\u00e9m pro na\u0161e 2L a 3L hydrata\u010dn\u00ed syst\u00e9my. Bo\u010dn\u00ed kompresn\u00ed popruhy maj\u00ed rychloup\u00ednac\u00ed p\u0159ezky HD 25mm pro rychl\u00e9 uvoln\u011bn\u00ed p\u0159edm\u011bt\u016f, jako jsou stativy stla\u010den\u00e9 na boku batohu.<\/p>\n<h2>Rozm\u011bry<\/h2>\n<p>Objem: 2290 c.i. \/ 37.5L<br \/>\nHmotnost: 6.85 lbs<br \/>\nRozm\u011bry: 22.5H x 11W x 11.75D<br \/>\nRozm\u011bry pouzdra: 34&#8243; H x 10&#8243; W x 3D<\/p>\n<h2>Vlastnosti<\/h2>\n<ul>\n<li>Taktick\u00e9 pouzdro na zbra\u0148<\/li>\n<li>Sklopn\u00e1 p\u0159ep\u00e1\u017eka k odd\u011blen\u00ed horn\u00edho a doln\u00edho prostoru<\/li>\n<li>Dod\u00e1van\u00e1 pl\u00e1\u0161t\u011bnka<\/li>\n<li>Kapsa na hydrata\u010dn\u00ed syst\u00e9m<\/li>\n<\/ul>\n","protected":false},"excerpt":{"rendered":"<p>Lehk\u00fd taktick\u00fd batoh s pochvou na zbra\u0148, sklopnou poli\u010dkou a pouzdrem pro hydrataci.<\/p>\n","protected":false},"featured_media":698738,"template":"","meta":{"_acf_changed":false},"product_brand":[15137],"product_cat":[12653],"product_tag":[],"class_list":{"0":"post-698715","1":"product","2":"type-product","3":"status-publish","4":"has-post-thumbnail","6":"product_brand-eberlestock","7":"product_cat-batohy","9":"first","10":"instock","11":"taxable","12":"shipping-taxable","13":"purchasable","14":"product-type-variable","15":"wvs-archive-product-wrapper"},"acf":[],"_links":{"self":[{"href":"https:\/\/nbg.eu\/cs\/wp-json\/wp\/v2\/product\/698715","targetHints":{"allow":["GET"]}}],"collection":[{"href":"https:\/\/nbg.eu\/cs\/wp-json\/wp\/v2\/product"}],"about":[{"href":"https:\/\/nbg.eu\/cs\/wp-json\/wp\/v2\/types\/product"}],"wp:featuredmedia":[{"embeddable":true,"href":"https:\/\/nbg.eu\/cs\/wp-json\/wp\/v2\/media\/698738"}],"wp:attachment":[{"href":"https:\/\/nbg.eu\/cs\/wp-json\/wp\/v2\/media?parent=698715"}],"wp:term":[{"taxonomy":"product_brand","embeddable":true,"href":"https:\/\/nbg.eu\/cs\/wp-json\/wp\/v2\/product_brand?post=698715"},{"taxonomy":"product_cat","embeddable":true,"href":"https:\/\/nbg.eu\/cs\/wp-json\/wp\/v2\/product_cat?post=698715"},{"taxonomy":"product_tag","embeddable":true,"href":"https:\/\/nbg.eu\/cs\/wp-json\/wp\/v2\/product_tag?post=698715"}],"curies":[{"name":"wp","href":"https:\/\/api.w.org\/{rel}","templated":true}]}}