{"id":699121,"date":"2025-12-22T17:57:48","date_gmt":"2025-12-22T14:57:48","guid":{"rendered":"https:\/\/nbg.eu\/product\/gunslinger-ii-pack\/"},"modified":"2026-04-15T14:11:25","modified_gmt":"2026-04-15T11:11:25","slug":"gunslinger-ii-pack","status":"publish","type":"product","link":"https:\/\/nbg.eu\/cs\/produkt\/gunslinger-ii-pack\/","title":{"rendered":"Eberlestock Batoh G2 Gunslinger II"},"content":{"rendered":"<h2>Gunslinger II\u2122 Taktick\u00fd batoh<\/h2>\n<p>Gunslinger II\u2122 je st\u0159edn\u011b velk\u00fd taktick\u00fd batoh s celo\u0161\u00ed\u0159e-kou poutkou, kter\u00e1 l\u00e9pe vyhovuje zbran\u00edm s v\u011bt\u0161\u00edm pr\u016f\u0159ezem nebo objemn\u00fdmi optikami. \u0160irok\u00e1 poutka tak\u00e9 umo\u017e\u0148uje jeho vyu\u017eit\u00ed jako vynikaj\u00edc\u00ed p\u0159ihr\u00e1dky pro laptop nebo vojensk\u00e9 r\u00e1dio. I se slo\u017eenou poutkou se do n\u011bj vejdou v\u011bt\u0161inou kr\u00e1tk\u00e9 pu\u0161ky. Gunslinger II m\u00e1 objem 2100 krychlov\u00fdch palc\u016f a standardn\u011b je vybaven na\u0161\u00edm trubkov\u00fdm r\u00e1mem Intex-II\u2122 bez p\u0159ep\u00e1\u017eek, pln\u011b nastaviteln\u00fdm ramenn\u00edm postrojem a polstrovan\u00fdm bedrov\u00fdm p\u00e1sem.<\/p>\n<h2>Rozm\u011bry<\/h2>\n<p>Objem batohu: 2 100 ci \/ 34,41 l<br \/>\nObjem poutka: 600 ci<br \/>\n-Celkov\u00fd objem: 44 litr\u016f \/ 2 700 ci<br \/>\n-Hmotnost: 6 liber a 8 unc\u00ed<br \/>\n-Rozm\u011bry hlavn\u00edho odd\u00edlu: 22&#8243;v x 10&#8243;\u0161 x 8&#8243;h<br \/>\n-Rozm\u011bry poutka: 34&#8243;d x 10&#8243;\u0161 x 3&#8243;h, s otev\u0159en\u00edm 26&#8243; v obvodu. Kryt GSTC umo\u017e\u0148uje p\u0159epravovat zbran\u011b a\u017e do d\u00e9lky 60&#8243;.<br \/>\n-Skute\u010dn\u00e1 hmotnost: 6,5 liber (s GSTC).<\/p>\n<h2>Vlastnosti<\/h2>\n<p>Kapsa na vrchn\u00edm v\u00edku<br \/>\n-Z\u00e1t\u011b\u017eov\u00fd panel<br \/>\n-Kapsy na lahve s vodou<br \/>\n-Integrovan\u00e9 poutko na zbra\u0148<br \/>\n-Stahovac\u00ed kompresn\u00ed popruhy<br \/>\n-Vrchn\u00ed \u0161\u0148\u016frov\u00e1n\u00ed a p\u0159edn\u00ed zipov\u00e9 otev\u00edr\u00e1n\u00ed<br \/>\n-Trubkov\u00fd r\u00e1m Intex II<\/p>\n","protected":false},"excerpt":{"rendered":"<p>Gunslinger II\u2122 je taktick\u00fd batoh st\u0159edn\u00ed velikosti s celorychlostn\u00edm pouzdrem, kter\u00fd l\u00e9pe pojme zbran\u011b s v\u011bt\u0161\u00edm pr\u016f\u0159ezem nebo objemn\u00fdmi optikami.<\/p>\n","protected":false},"featured_media":699194,"template":"","meta":{"_acf_changed":false},"product_brand":[15137],"product_cat":[12653],"product_tag":[],"class_list":{"0":"post-699121","1":"product","2":"type-product","3":"status-publish","4":"has-post-thumbnail","6":"product_brand-eberlestock","7":"product_cat-batohy","9":"first","10":"instock","11":"taxable","12":"shipping-taxable","13":"purchasable","14":"product-type-variable","15":"wvs-archive-product-wrapper"},"acf":[],"_links":{"self":[{"href":"https:\/\/nbg.eu\/cs\/wp-json\/wp\/v2\/product\/699121","targetHints":{"allow":["GET"]}}],"collection":[{"href":"https:\/\/nbg.eu\/cs\/wp-json\/wp\/v2\/product"}],"about":[{"href":"https:\/\/nbg.eu\/cs\/wp-json\/wp\/v2\/types\/product"}],"wp:featuredmedia":[{"embeddable":true,"href":"https:\/\/nbg.eu\/cs\/wp-json\/wp\/v2\/media\/699194"}],"wp:attachment":[{"href":"https:\/\/nbg.eu\/cs\/wp-json\/wp\/v2\/media?parent=699121"}],"wp:term":[{"taxonomy":"product_brand","embeddable":true,"href":"https:\/\/nbg.eu\/cs\/wp-json\/wp\/v2\/product_brand?post=699121"},{"taxonomy":"product_cat","embeddable":true,"href":"https:\/\/nbg.eu\/cs\/wp-json\/wp\/v2\/product_cat?post=699121"},{"taxonomy":"product_tag","embeddable":true,"href":"https:\/\/nbg.eu\/cs\/wp-json\/wp\/v2\/product_tag?post=699121"}],"curies":[{"name":"wp","href":"https:\/\/api.w.org\/{rel}","templated":true}]}}