{"id":699646,"date":"2025-12-22T18:02:07","date_gmt":"2025-12-22T15:02:07","guid":{"rendered":"https:\/\/nbg.eu\/product\/bino-destnik\/"},"modified":"2026-04-15T14:11:22","modified_gmt":"2026-04-15T11:11:22","slug":"bino-destnik","status":"publish","type":"product","link":"https:\/\/nbg.eu\/cs\/produkt\/bino-destnik\/","title":{"rendered":"Eberlestock Pl\u00e1\u0161t\u011bnka na Dalekohled Recon"},"content":{"rendered":"<h2>Bino Rain Fly: Kompaktn\u00ed a lehk\u00e1 ochrana pro va\u0161e optick\u00e9 p\u0159\u00edstroje<\/h2>\n<p>Bino Rain Fly je v\u0161estrann\u00e9 a kompaktn\u00ed \u0159e\u0161en\u00ed pro udr\u017een\u00ed va\u0161ich dalekohled\u016f v suchu a ochrana proti vn\u011bj\u0161\u00edm vliv\u016fm. Navr\u017eeno tak, aby hladce integrovalo s Recon Bino Harness, tato pl\u00e1\u0161t\u011bnka nab\u00edz\u00ed spolehliv\u00e9 kryt\u00ed a pohodlnost.<\/p>\n<p>Vyrobeno z odoln\u00fdch, lehk\u00fdch materi\u00e1l\u016f, Bino Rain Fly se vejde do p\u0159ilo\u017een\u00e9ho pouzdra, co\u017e z n\u011bj d\u011bl\u00e1 snadn\u00fd na no\u0161en\u00ed a dostupn\u00fd, kdy\u017e je pot\u0159eba. 10mm popruh Hangar v\u00e1m umo\u017en\u00ed bezpe\u010dn\u011b p\u0159ipevnit pl\u00e1\u0161t\u011bnku na va\u0161e vybaven\u00ed, zaji\u0161\u0165uj\u00edc\u00ed, \u017ee va\u0161e dalekohledy z\u016fstanou chr\u00e1n\u011bny p\u0159ed de\u0161t\u011bm, sn\u011bhem a dal\u0161\u00edmi pov\u011btrnostn\u00edmi podm\u00ednkami.<\/p>\n<p>S jeho pln\u00fdm kryt\u00edm Bino Rain Fly zcela obaluje Recon Bino Harness, poskytuje komplexn\u00ed ochranu pro va\u0161e optick\u00e9 p\u0159\u00edstroje. Z\u016fsta\u0148te zam\u011b\u0159eni na sv\u00e9 venkovn\u00ed dobrodru\u017estv\u00ed bez obav, \u017ee by prvky ovlivnily v\u00e1\u0161 z\u00e1\u017eitek z pozorov\u00e1n\u00ed.<\/p>\n<p>A\u0165 u\u017e pozorujete pt\u00e1ky, lov\u00edte nebo prozkoum\u00e1v\u00e1te venkovn\u00ed prost\u0159ed\u00ed, Bino Rain Fly je nezbytn\u00e9 p\u0159\u00edslu\u0161enstv\u00ed pro udr\u017een\u00ed va\u0161ich dalekohled\u016f v suchu a ve \u0161pi\u010dkov\u00e9m stavu. Kompaktn\u00ed, lehk\u00fd a snadn\u00fd na pou\u017eit\u00ed, je to perfektn\u00ed spole\u010dn\u00edk pro ka\u017ed\u00e9ho milovn\u00edka p\u0159\u00edrody.<\/p>\n","protected":false},"excerpt":{"rendered":"<p>Kompaktn\u00ed a lehk\u00e1 de\u0161tn\u00e1 plachta, kter\u00e1 chr\u00e1n\u00ed v\u00e1\u0161 Recon Bino Harness.<\/p>\n","protected":false},"featured_media":699672,"template":"","meta":{"_acf_changed":false},"product_brand":[15137],"product_cat":[15224],"product_tag":[],"class_list":{"0":"post-699646","1":"product","2":"type-product","3":"status-publish","4":"has-post-thumbnail","6":"product_brand-eberlestock","7":"product_cat-binocular-harnesses-cs","9":"first","10":"instock","11":"taxable","12":"shipping-taxable","13":"purchasable","14":"product-type-variable","15":"wvs-archive-product-wrapper"},"acf":[],"_links":{"self":[{"href":"https:\/\/nbg.eu\/cs\/wp-json\/wp\/v2\/product\/699646","targetHints":{"allow":["GET"]}}],"collection":[{"href":"https:\/\/nbg.eu\/cs\/wp-json\/wp\/v2\/product"}],"about":[{"href":"https:\/\/nbg.eu\/cs\/wp-json\/wp\/v2\/types\/product"}],"wp:featuredmedia":[{"embeddable":true,"href":"https:\/\/nbg.eu\/cs\/wp-json\/wp\/v2\/media\/699672"}],"wp:attachment":[{"href":"https:\/\/nbg.eu\/cs\/wp-json\/wp\/v2\/media?parent=699646"}],"wp:term":[{"taxonomy":"product_brand","embeddable":true,"href":"https:\/\/nbg.eu\/cs\/wp-json\/wp\/v2\/product_brand?post=699646"},{"taxonomy":"product_cat","embeddable":true,"href":"https:\/\/nbg.eu\/cs\/wp-json\/wp\/v2\/product_cat?post=699646"},{"taxonomy":"product_tag","embeddable":true,"href":"https:\/\/nbg.eu\/cs\/wp-json\/wp\/v2\/product_tag?post=699646"}],"curies":[{"name":"wp","href":"https:\/\/api.w.org\/{rel}","templated":true}]}}