{"id":700380,"date":"2025-12-22T18:10:47","date_gmt":"2025-12-22T15:10:47","guid":{"rendered":"https:\/\/nbg.eu\/product\/nosny-panel-molle\/"},"modified":"2026-04-15T14:11:18","modified_gmt":"2026-04-15T11:11:18","slug":"nosny-panel-molle","status":"publish","type":"product","link":"https:\/\/nbg.eu\/cs\/produkt\/nosny-panel-molle\/","title":{"rendered":"Eberlestock MOLLE Panel Recon"},"content":{"rendered":"<h2>Recon MOLLE Panel &#8211; Univerz\u00e1ln\u00ed p\u0159\u00edslu\u0161enstv\u00ed pro va\u0161i bra\u0161nu na dalekohledy<\/h2>\n<p>Recon MOLLE Panel je jednoduch\u00fdm, ale univerz\u00e1ln\u00edm dopl\u0148kem k va\u0161\u00ed bra\u0161n\u011b na dalekohledy. Poskytuje pohodln\u00fd zp\u016fsob, jak p\u0159ipevnit r\u016fzn\u00e9 kapsy, jako je Recon Bearspray Pouch nebo Recon Rangefinder Pouch, vodorovn\u011b pod v\u00e1\u0161 obal na dalekohled. Tento panel tak\u00e9 slou\u017e\u00ed jako bezpe\u010dn\u00e1 platforma pro pouzdra kompatibiln\u00ed s MOLLE, co\u017e v\u00e1m umo\u017e\u0148uje bezpe\u010dn\u011b a pohodln\u011b nosit pistoli na sv\u00e9 bra\u0161n\u011b na dalekohledy.<\/p>\n<p>Recon MOLLE Panel, kter\u00fd m\u011b\u0159\u00ed 6&#8243; \u0161irok\u00fd a 3,25&#8243; vysok\u00fd, nab\u00edz\u00ed kompaktn\u00ed a \u00fasporn\u00fd design, kter\u00fd nep\u0159id\u00e1 do va\u0161eho vybaven\u00ed zbyte\u010dnou objemnost. Jeho konstrukce kompatibiln\u00ed s MOLLE zaji\u0161\u0165uje kompatibilitu se \u0161irokou \u0161k\u00e1lou p\u0159\u00edslu\u0161enstv\u00ed, co\u017e v\u00e1m poskytuje flexibilitu pro p\u0159izp\u016fsoben\u00ed va\u0161eho nastaven\u00ed va\u0161im konkr\u00e9tn\u00edm pot\u0159eb\u00e1m.<\/p>\n","protected":false},"excerpt":{"rendered":"<p>V\u0161estrann\u00fd MOLLE panel pro p\u0159ipojen\u00ed pouzdra a p\u0159en\u00e1\u0161en\u00ed pistole na bra\u0161n\u011b s dalekohledem.<\/p>\n","protected":false},"featured_media":700423,"template":"","meta":{"_acf_changed":false},"product_brand":[15137],"product_cat":[12707],"product_tag":[],"class_list":{"0":"post-700380","1":"product","2":"type-product","3":"status-publish","4":"has-post-thumbnail","6":"product_brand-eberlestock","7":"product_cat-kapsy","9":"first","10":"instock","11":"taxable","12":"shipping-taxable","13":"purchasable","14":"product-type-variable","15":"wvs-archive-product-wrapper"},"acf":[],"_links":{"self":[{"href":"https:\/\/nbg.eu\/cs\/wp-json\/wp\/v2\/product\/700380","targetHints":{"allow":["GET"]}}],"collection":[{"href":"https:\/\/nbg.eu\/cs\/wp-json\/wp\/v2\/product"}],"about":[{"href":"https:\/\/nbg.eu\/cs\/wp-json\/wp\/v2\/types\/product"}],"wp:featuredmedia":[{"embeddable":true,"href":"https:\/\/nbg.eu\/cs\/wp-json\/wp\/v2\/media\/700423"}],"wp:attachment":[{"href":"https:\/\/nbg.eu\/cs\/wp-json\/wp\/v2\/media?parent=700380"}],"wp:term":[{"taxonomy":"product_brand","embeddable":true,"href":"https:\/\/nbg.eu\/cs\/wp-json\/wp\/v2\/product_brand?post=700380"},{"taxonomy":"product_cat","embeddable":true,"href":"https:\/\/nbg.eu\/cs\/wp-json\/wp\/v2\/product_cat?post=700380"},{"taxonomy":"product_tag","embeddable":true,"href":"https:\/\/nbg.eu\/cs\/wp-json\/wp\/v2\/product_tag?post=700380"}],"curies":[{"name":"wp","href":"https:\/\/api.w.org\/{rel}","templated":true}]}}