{"id":700816,"date":"2025-12-22T18:16:35","date_gmt":"2025-12-22T15:16:35","guid":{"rendered":"https:\/\/nbg.eu\/product\/pouzdro-na-dalkomer\/"},"modified":"2026-04-15T14:11:14","modified_gmt":"2026-04-15T11:11:14","slug":"pouzdro-na-dalkomer","status":"publish","type":"product","link":"https:\/\/nbg.eu\/cs\/produkt\/pouzdro-na-dalkomer\/","title":{"rendered":"Eberlestock Pouzdro na D\u00e1lkom\u011br Recon"},"content":{"rendered":"<h2>Pouzdro na d\u00e1lkom\u011br Recon: Ochra\u0148te sv\u00e9 vybaven\u00ed, zlep\u0161ete svou p\u0159esnost<\/h2>\n<p>Povy\u0161te sv\u00e9 venkovn\u00ed z\u00e1\u017eitky pomoc\u00ed pouzdra na d\u00e1lkom\u011br Recon, kter\u00e9 je navr\u017eeno k ochran\u011b va\u0161eho nezbytn\u00e9ho d\u00e1lkom\u011brn\u00e9ho vybaven\u00ed. Vyroben\u00e9 s pe\u010dlivou pozornost\u00ed k detailu, toto pouzdro nab\u00edz\u00ed nevyrovnanou ochranu a pohodl\u00ed, zaji\u0161\u0165uj\u00edc\u00ed, \u017ee va\u0161e vybaven\u00ed z\u016fstane bezpe\u010dn\u00e9 a snadno dostupn\u00e9.<\/p>\n<p>S magnetick\u00fdm p\u0159edn\u00edm v\u00edkem udr\u017euje pouzdro na d\u00e1lkom\u011br Recon prach a ne\u010distoty mimo, zachov\u00e1vaje tak dokonal\u00fd stav skla va\u0161eho d\u00e1lkom\u011bru. P\u0159ipojen\u00ed popruhu z gumi\u010dek v\u00e1m umo\u017en\u00ed snadno upustit va\u0161e za\u0159\u00edzen\u00ed bez obav z rozbit\u00ed nebo ztr\u00e1ty, udr\u017euj\u00edc\u00ed va\u0161e ruce voln\u00e9 pro d\u016fle\u017eit\u011bj\u0161\u00ed \u00fakoly.<\/p>\n<p>S kompaktn\u00edmi rozm\u011bry 1,75&#8243; D x 3,25&#8243; \u0160 x 5&#8243; V se pouzdro na d\u00e1lkom\u011br Recon hladce za\u010dlen\u00ed do va\u0161eho venkovn\u00edho vybaven\u00ed, poskytuj\u00edce diskr\u00e9tn\u00ed a pr\u016fb\u011b\u017en\u00e9 \u0159e\u0161en\u00ed skladov\u00e1n\u00ed. A\u0165 u\u017e jste v\u00e1\u0161niv\u00fd lovec, oddan\u00fd turista nebo nad\u0161en\u00fd st\u0159elec, toto univerz\u00e1ln\u00ed pouzdro je dokonal\u00fdm spole\u010dn\u00edkem na ochranu va\u0161eho cenn\u00e9ho d\u00e1lkom\u011brn\u00e9ho vybaven\u00ed.<\/p>\n<p>Zvy\u0161te sv\u016fj venkovn\u00ed z\u00e1\u017eitek pomoc\u00ed pouzdra na d\u00e1lkom\u011br Recon, to nejlep\u0161\u00ed p\u0159\u00edslu\u0161enstv\u00ed pro n\u00e1ro\u010dn\u00ed dobrodruhy, kte\u0159\u00ed vy\u017eaduj\u00ed tu nejlep\u0161\u00ed ochranu a pohodl\u00ed sv\u00e9ho vybaven\u00ed.<\/p>\n","protected":false},"excerpt":{"rendered":"<p>Pouzdro na d\u00e1lkom\u011br Recon chr\u00e1n\u00ed va\u0161e za\u0159\u00edzen\u00ed s magnetick\u00fdm v\u00ed\u010dkem a pru\u017en\u00fdm poutkem pro bezpe\u010dn\u00e9 a pohodln\u00e9 no\u0161en\u00ed.<\/p>\n","protected":false},"featured_media":700834,"template":"","meta":{"_acf_changed":false},"product_brand":[15137],"product_cat":[12707],"product_tag":[],"class_list":{"0":"post-700816","1":"product","2":"type-product","3":"status-publish","4":"has-post-thumbnail","6":"product_brand-eberlestock","7":"product_cat-kapsy","9":"first","10":"instock","11":"taxable","12":"shipping-taxable","13":"purchasable","14":"product-type-variable","15":"wvs-archive-product-wrapper"},"acf":[],"_links":{"self":[{"href":"https:\/\/nbg.eu\/cs\/wp-json\/wp\/v2\/product\/700816","targetHints":{"allow":["GET"]}}],"collection":[{"href":"https:\/\/nbg.eu\/cs\/wp-json\/wp\/v2\/product"}],"about":[{"href":"https:\/\/nbg.eu\/cs\/wp-json\/wp\/v2\/types\/product"}],"wp:featuredmedia":[{"embeddable":true,"href":"https:\/\/nbg.eu\/cs\/wp-json\/wp\/v2\/media\/700834"}],"wp:attachment":[{"href":"https:\/\/nbg.eu\/cs\/wp-json\/wp\/v2\/media?parent=700816"}],"wp:term":[{"taxonomy":"product_brand","embeddable":true,"href":"https:\/\/nbg.eu\/cs\/wp-json\/wp\/v2\/product_brand?post=700816"},{"taxonomy":"product_cat","embeddable":true,"href":"https:\/\/nbg.eu\/cs\/wp-json\/wp\/v2\/product_cat?post=700816"},{"taxonomy":"product_tag","embeddable":true,"href":"https:\/\/nbg.eu\/cs\/wp-json\/wp\/v2\/product_tag?post=700816"}],"curies":[{"name":"wp","href":"https:\/\/api.w.org\/{rel}","templated":true}]}}