{"id":701135,"date":"2025-12-22T18:40:25","date_gmt":"2025-12-22T15:40:25","guid":{"rendered":"https:\/\/nbg.eu\/product\/rychly-pripad\/"},"modified":"2026-04-15T14:11:11","modified_gmt":"2026-04-15T11:11:11","slug":"rychly-pripad","status":"publish","type":"product","link":"https:\/\/nbg.eu\/cs\/produkt\/rychly-pripad\/","title":{"rendered":"Eberlestock Pouzdro Recon Quickcase"},"content":{"rendered":"<h2>Quickcase: V\u00e1\u0161 kompaktn\u00ed p\u0159e\u017eivac\u00ed spole\u010dn\u00edk<\/h2>\n<p>Quickcase je univerz\u00e1ln\u00ed zipov\u00e1 ta\u0161ka navr\u017een\u00e1 tak, aby se bezprobl\u00e9mov\u011b p\u0159ipojila k Recon Modular Bino Harness. Toto kompaktn\u00ed p\u0159\u00edslu\u0161enstv\u00ed poskytuje perfektn\u00ed \u0159e\u0161en\u00ed pro ukl\u00e1d\u00e1n\u00ed a zaji\u0161t\u011bn\u00ed va\u0161eho nezbytn\u00e9ho p\u0159e\u017eivac\u00edho vybaven\u00ed, abyste byli v\u017edy p\u0159ipraveni na ne\u010dekan\u00e9 situace.<\/p>\n<p>O velikosti p\u0159esn\u011b podle pot\u0159eb nab\u00edz\u00ed Quickcase dostatek m\u00edsta pro malou p\u0159e\u017eivac\u00ed sadu, co\u017e z n\u011bj \u010din\u00ed nepostradateln\u00e9ho spole\u010dn\u00edka, pokud byste se n\u011bkdy m\u011bli odd\u011blit od sv\u00e9ho hlavn\u00edho batohu. Jeho odoln\u00e1 konstrukce a bezpe\u010dn\u00e9 zipov\u00e9 uzav\u0159en\u00ed uchov\u00e1vaj\u00ed va\u0161e kritick\u00e9 p\u0159edm\u011bty v bezpe\u010d\u00ed a dostupn\u00e9, kdy\u017e je budete nejv\u00edce pot\u0159ebovat.<\/p>\n<p>Vyu\u017eit\u00ed Quickcase v\u0161ak p\u0159esahuje pouh\u00e9 p\u0159e\u017eivac\u00ed p\u0159\u00edpravy. Pou\u017eijte jej jako praktick\u00fd \u00falo\u017en\u00fd vak pro drobn\u00e9 p\u0159edm\u011bty, abyste je udr\u017eeli organizovan\u00e9 a snadno dostupn\u00e9 p\u0159i cestov\u00e1n\u00ed. A\u0165 u\u017e jdete na t\u00faru, kempov\u00e1n\u00ed nebo se v\u011bnujete jak\u00e9koliv venkovn\u00ed aktivit\u011b, tento univerz\u00e1ln\u00ed dopln\u011bk se stane neocenitelnou sou\u010d\u00e1st\u00ed va\u0161eho vybaven\u00ed.<\/p>\n<p>Quickcase je navr\u017een tak, aby se bezprobl\u00e9mov\u011b integroval s Recon Modular Bino Harness. P\u0159ipev\u0148uje se bezpe\u010dn\u011b na such\u00fd zip na zadn\u00ed stran\u011b postroje. Tato integrace v\u00e1m umo\u017e\u0148uje m\u00edt va\u0161e nezbytn\u00e9 p\u0159edm\u011bty po ruce, \u010d\u00edm\u017e uvoln\u00edte m\u00edsto v hlavn\u00edm batohu a zajist\u00edte, \u017ee budete m\u00edt v\u0161e, co pot\u0159ebujete, snadno dostupn\u00e9.<\/p>\n","protected":false},"excerpt":{"rendered":"<p>Mal\u00e1 zipov\u00e1 ta\u0161ka, kterou lze p\u0159ipevnit na postroj Recon Modular Bino pro ulo\u017een\u00ed z\u00e1chrann\u00e9ho setu nebo drobn\u00fdch p\u0159edm\u011bt\u016f.<\/p>\n","protected":false},"featured_media":701205,"template":"","meta":{"_acf_changed":false},"product_brand":[15137],"product_cat":[12707],"product_tag":[],"class_list":{"0":"post-701135","1":"product","2":"type-product","3":"status-publish","4":"has-post-thumbnail","6":"product_brand-eberlestock","7":"product_cat-kapsy","9":"first","10":"instock","11":"taxable","12":"shipping-taxable","13":"purchasable","14":"product-type-variable","15":"wvs-archive-product-wrapper"},"acf":[],"_links":{"self":[{"href":"https:\/\/nbg.eu\/cs\/wp-json\/wp\/v2\/product\/701135","targetHints":{"allow":["GET"]}}],"collection":[{"href":"https:\/\/nbg.eu\/cs\/wp-json\/wp\/v2\/product"}],"about":[{"href":"https:\/\/nbg.eu\/cs\/wp-json\/wp\/v2\/types\/product"}],"wp:featuredmedia":[{"embeddable":true,"href":"https:\/\/nbg.eu\/cs\/wp-json\/wp\/v2\/media\/701205"}],"wp:attachment":[{"href":"https:\/\/nbg.eu\/cs\/wp-json\/wp\/v2\/media?parent=701135"}],"wp:term":[{"taxonomy":"product_brand","embeddable":true,"href":"https:\/\/nbg.eu\/cs\/wp-json\/wp\/v2\/product_brand?post=701135"},{"taxonomy":"product_cat","embeddable":true,"href":"https:\/\/nbg.eu\/cs\/wp-json\/wp\/v2\/product_cat?post=701135"},{"taxonomy":"product_tag","embeddable":true,"href":"https:\/\/nbg.eu\/cs\/wp-json\/wp\/v2\/product_tag?post=701135"}],"curies":[{"name":"wp","href":"https:\/\/api.w.org\/{rel}","templated":true}]}}