{"id":701811,"date":"2025-12-23T11:39:12","date_gmt":"2025-12-23T08:39:12","guid":{"rendered":"https:\/\/nbg.eu\/product\/hrejivka\/"},"modified":"2026-04-15T14:11:07","modified_gmt":"2026-04-15T11:11:07","slug":"hrejivka","status":"publish","type":"product","link":"https:\/\/nbg.eu\/cs\/produkt\/hrejivka\/","title":{"rendered":"Eberlestock Oh\u0159\u00edva\u010d Rukou Recon"},"content":{"rendered":"<h2>Recon Handwarmer: Snadn\u00e9 teplo pro venkovn\u00ed dobrodru\u017estv\u00ed<\/h2>\n<p>Udr\u017eet ruce v teple, ani\u017e byste ztratili obratnost, je nyn\u00ed snaz\u0161\u00ed ne\u017e kdy d\u0159\u00edv d\u00edky Recon Handwarmeru. Tento inovativn\u00ed dopln\u011bk se p\u0159ipev\u0148uje k Recon Modular Bino Harness, co\u017e v\u00e1m umo\u017e\u0148uje udr\u017eet optim\u00e1ln\u00ed polohu rukou pro pohodl\u00ed, a\u0165 u\u017e sed\u00edte nebo stoj\u00edte. Recon Handwarmer eliminuje pot\u0159ebu objemn\u00fdch rukavic, tak\u017ee m\u016f\u017eete i nad\u00e1le snadno prov\u00e1d\u011bt jemn\u00e9 motorick\u00e9 \u00fakoly.<\/p>\n<p>Pro v\u011bt\u0161\u00ed pohodl\u00ed je Recon Handwarmer vybaven p\u0159edn\u00edm zipov\u00fdm pouzdrem, kde m\u016f\u017eete skladovat dal\u0161\u00ed aktivovan\u00e9 oh\u0159\u00edva\u010de rukou. To v\u00e1m umo\u017e\u0148uje pou\u017e\u00edvat oh\u0159\u00edva\u010d nez\u00e1visle na Recon Modular Bino Harness, co\u017e v\u00e1m poskytuje spolehliv\u00fd zdroj tepla bez ohledu na aktivitu nebo prost\u0159ed\u00ed. Dod\u00e1van\u00fd p\u00e1sek v pase zaji\u0161\u0165uje bezpe\u010dn\u00e9 a pohodln\u00e9 nasazen\u00ed a udr\u017euje va\u0161e ruce v ide\u00e1ln\u00ed poloze pro maxim\u00e1ln\u00ed \u00fa\u010dinnost a pohodl\u00ed.<\/p>\n<p>A\u0165 u\u017e sledujete pt\u00e1ky, lov\u00edte nebo si jen u\u017e\u00edv\u00e1te p\u0159\u00edrodu, Recon Handwarmer je ten prav\u00fd spole\u010dn\u00edk, kter\u00fd udr\u017e\u00ed va\u0161e ruce v teple a va\u0161e prsty mr\u0161tn\u00e9. Za\u017eijte vrcholn\u00e9 pohodl\u00ed a pohodl\u00ed p\u0159i venkovn\u00edch aktivit\u00e1ch s t\u00edmto v\u0161estrann\u00fdm a inovativn\u00edm dopl\u0148kem.<\/p>\n","protected":false},"excerpt":{"rendered":"<p>Rekondi\u010dn\u00edk na ruce udr\u017euje ruce v teple bez rukavic, p\u0159ipev\u0148uje se na rekondici.<\/p>\n","protected":false},"featured_media":701858,"template":"","meta":{"_acf_changed":false},"product_brand":[15137],"product_cat":[12717],"product_tag":[],"class_list":{"0":"post-701811","1":"product","2":"type-product","3":"status-publish","4":"has-post-thumbnail","6":"product_brand-eberlestock","7":"product_cat-vybava","9":"first","10":"instock","11":"taxable","12":"shipping-taxable","13":"purchasable","14":"product-type-variable","15":"wvs-archive-product-wrapper"},"acf":[],"_links":{"self":[{"href":"https:\/\/nbg.eu\/cs\/wp-json\/wp\/v2\/product\/701811","targetHints":{"allow":["GET"]}}],"collection":[{"href":"https:\/\/nbg.eu\/cs\/wp-json\/wp\/v2\/product"}],"about":[{"href":"https:\/\/nbg.eu\/cs\/wp-json\/wp\/v2\/types\/product"}],"wp:featuredmedia":[{"embeddable":true,"href":"https:\/\/nbg.eu\/cs\/wp-json\/wp\/v2\/media\/701858"}],"wp:attachment":[{"href":"https:\/\/nbg.eu\/cs\/wp-json\/wp\/v2\/media?parent=701811"}],"wp:term":[{"taxonomy":"product_brand","embeddable":true,"href":"https:\/\/nbg.eu\/cs\/wp-json\/wp\/v2\/product_brand?post=701811"},{"taxonomy":"product_cat","embeddable":true,"href":"https:\/\/nbg.eu\/cs\/wp-json\/wp\/v2\/product_cat?post=701811"},{"taxonomy":"product_tag","embeddable":true,"href":"https:\/\/nbg.eu\/cs\/wp-json\/wp\/v2\/product_tag?post=701811"}],"curies":[{"name":"wp","href":"https:\/\/api.w.org\/{rel}","templated":true}]}}