{"id":702138,"date":"2025-12-23T11:44:19","date_gmt":"2025-12-23T08:44:19","guid":{"rendered":"https:\/\/nbg.eu\/product\/bravo-modularni-dalekohled-pack-large\/"},"modified":"2026-04-15T14:11:04","modified_gmt":"2026-04-15T11:11:04","slug":"bravo-modularni-dalekohled-pack-large","status":"publish","type":"product","link":"https:\/\/nbg.eu\/cs\/produkt\/bravo-modularni-dalekohled-pack-large\/","title":{"rendered":"Eberlestock Batoh na Dalekohled Bravo Modular, Large"},"content":{"rendered":"<h2>Bravo Modul\u00e1rn\u00ed pouzdro na dalekohled &#8211; velk\u00e9: Adaptabiln\u00ed nosi\u010d optiky pro va\u0161e venkovn\u00ed dobrodru\u017estv\u00ed<\/h2>\n<p>Navr\u017eeno s modul\u00e1rnost\u00ed v pop\u0159ed\u00ed, BRAVO MODUL\u00c1RN\u00cd POUZDRO NA DALEKOHLED je postaveno na platform\u011b hrudn\u00edho popruhu, kter\u00e1 se adaptuje na va\u0161e pot\u0159eby s\u00e9ri\u00ed dopl\u0148kov\u00fdch p\u0159\u00edslu\u0161enstv\u00ed. M\u00e1 magnetick\u00fd voln\u00fd p\u0159edn\u00ed p\u0159\u00edstup k pouzdru na dalekohled, prostornou p\u0159edn\u00ed zipovou kapsu a bo\u010dn\u00ed kapsy s pru\u017einou. Vnit\u0159n\u00ed popruhy na dalekohled udr\u017e\u00ed v\u00e1\u0161 dalekohled v bezpe\u010d\u00ed, zat\u00edmco n\u00edzkoprofilov\u00e1 kompatibiln\u00ed MOLLE k\u0159\u00eddla a zadn\u00ed panel v\u00e1m umo\u017en\u00ed bezprobl\u00e9mov\u011b p\u0159ipevnit kapsy a p\u0159\u00edslu\u0161enstv\u00ed.<\/p>\n<p>Vyrobeno z odoln\u00e9ho 500D Ripstop Nylon a N140D materi\u00e1l\u016f, Bravo Modul\u00e1rn\u00ed pouzdro na dalekohled &#8211; velk\u00e9 nab\u00edz\u00ed spolehliv\u00fd v\u00fdkon ve venkovn\u00edm prost\u0159ed\u00ed. S hmotnost\u00ed pouh\u00fdch 14 oz poskytuje toto v\u0161estrann\u00e9 pouzdro pohodln\u00e9 a p\u0159izp\u016fsobiteln\u00e9 \u0159e\u0161en\u00ed pro p\u0159enos va\u0161ich optick\u00fdch a nezbytn\u00fdch za\u0159\u00edzen\u00ed.<\/p>\n<p>S vnit\u0159n\u00edmi rozm\u011bry 9&#8243;H x 5,5&#8243;W x 2,5&#8243;D a vn\u011bj\u0161\u00edmi rozm\u011bry 9,5&#8243;H x 6,25&#8243;W x 3,5&#8243;D poskytuje Bravo Modul\u00e1rn\u00ed pouzdro na dalekohled &#8211; velk\u00e9 dostatek prostoru pro v\u00e1\u0161 dalekohled a dal\u0161\u00ed nezbytn\u00e9 polo\u017eky. Nastaviteln\u00e9 p\u0159edn\u00ed ramenn\u00ed popruhy a n\u00edzkoprofilov\u00e1 kompatibiln\u00ed MOLLE k\u0159\u00eddla zaji\u0161\u0165uj\u00ed bezpe\u010dn\u00e9 a personalizovan\u00e9 uchycen\u00ed, co\u017e v\u00e1m umo\u017e\u0148uje p\u0159izp\u016fsobit pouzdro va\u0161im pot\u0159eb\u00e1m.<\/p>\n<p>Povy\u0161te sv\u016fj venkovn\u00ed z\u00e1\u017eitek s Bravo Modul\u00e1rn\u00ed pouzdrem na dalekohled &#8211; velk\u00fdm, v\u0161estrann\u00fdm a adaptabiln\u00edm \u0159e\u0161en\u00edm pro p\u0159enos va\u0161eho dalekohledu a nezbytn\u00fdch pot\u0159eb. Prozkoumejte dostupn\u00e1 p\u0159\u00edslu\u0161enstv\u00ed, abyste si sv\u00e9 pouzdro p\u0159izp\u016fsobili a maximalizovali jeho funk\u010dnost, co\u017e z n\u011bj d\u011bl\u00e1 dokonal\u00e9ho spole\u010dn\u00edka pro va\u0161e dal\u0161\u00ed dobrodru\u017estv\u00ed.<\/p>\n","protected":false},"excerpt":{"rendered":"<p>Modul\u00e1rn\u00ed hrudn\u00ed bal\u00ed\u010dek s mag-free bra\u0161nou na dalekohledy, p\u0159edn\u00ed kapsou, roztahovac\u00edmi boky.<\/p>\n","protected":false},"featured_media":702156,"template":"","meta":{"_acf_changed":false},"product_brand":[15137],"product_cat":[15224],"product_tag":[],"class_list":{"0":"post-702138","1":"product","2":"type-product","3":"status-publish","4":"has-post-thumbnail","6":"product_brand-eberlestock","7":"product_cat-binocular-harnesses-cs","9":"first","10":"instock","11":"taxable","12":"shipping-taxable","13":"purchasable","14":"product-type-variable","15":"wvs-archive-product-wrapper"},"acf":[],"_links":{"self":[{"href":"https:\/\/nbg.eu\/cs\/wp-json\/wp\/v2\/product\/702138","targetHints":{"allow":["GET"]}}],"collection":[{"href":"https:\/\/nbg.eu\/cs\/wp-json\/wp\/v2\/product"}],"about":[{"href":"https:\/\/nbg.eu\/cs\/wp-json\/wp\/v2\/types\/product"}],"wp:featuredmedia":[{"embeddable":true,"href":"https:\/\/nbg.eu\/cs\/wp-json\/wp\/v2\/media\/702156"}],"wp:attachment":[{"href":"https:\/\/nbg.eu\/cs\/wp-json\/wp\/v2\/media?parent=702138"}],"wp:term":[{"taxonomy":"product_brand","embeddable":true,"href":"https:\/\/nbg.eu\/cs\/wp-json\/wp\/v2\/product_brand?post=702138"},{"taxonomy":"product_cat","embeddable":true,"href":"https:\/\/nbg.eu\/cs\/wp-json\/wp\/v2\/product_cat?post=702138"},{"taxonomy":"product_tag","embeddable":true,"href":"https:\/\/nbg.eu\/cs\/wp-json\/wp\/v2\/product_tag?post=702138"}],"curies":[{"name":"wp","href":"https:\/\/api.w.org\/{rel}","templated":true}]}}