{"id":702941,"date":"2025-12-23T11:50:14","date_gmt":"2025-12-23T08:50:14","guid":{"rendered":"https:\/\/nbg.eu\/product\/bravo-modularni-binokl-baleni-maly\/"},"modified":"2026-04-15T14:11:00","modified_gmt":"2026-04-15T11:11:00","slug":"bravo-modularni-binokl-baleni-maly","status":"publish","type":"product","link":"https:\/\/nbg.eu\/cs\/produkt\/bravo-modularni-binokl-baleni-maly\/","title":{"rendered":"Eberlestock Batoh na Dalekohled Bravo Modular, Small"},"content":{"rendered":"<h2>Bravo Modul\u00e1rn\u00ed Bino Pack-Small: V\u0161estrann\u00e9 a bezpe\u010dn\u00e9 skladov\u00e1n\u00ed dalekohled\u016f<\/h2>\n<p>Navr\u017een s modul\u00e1rnost\u00ed na prvn\u00edm m\u00edst\u011b, BRAVO MODUL\u00c1RN\u00cd BINO PACK je postaven na hrudn\u00ed popruhov\u00e9 platform\u011b, kter\u00e1 se p\u0159izp\u016fsob\u00ed va\u0161im pot\u0159eb\u00e1m pomoc\u00ed sady dopl\u0148kov\u00fdch dopl\u0148k\u016f. Obsahuje magnetick\u00fd voln\u00fd p\u0159edn\u00ed tah pro p\u0159\u00edstup k pouzdru na dalekohled, prostornou p\u0159edn\u00ed zipovou kapsu a stre\u010dov\u00e9 bo\u010dn\u00ed kapsy. Vnit\u0159n\u00ed popruhy na dalekohledy udr\u017euj\u00ed va\u0161e dalekohledy bezpe\u010dn\u011b na m\u00edst\u011b, zat\u00edmco n\u00edzkoprofilov\u00e1 k\u0159\u00eddla kompatibiln\u00ed s MOLLE a zadn\u00ed panel v\u00e1m umo\u017en\u00ed bezprobl\u00e9mov\u011b p\u0159ipevnit kapsy a dopl\u0148ky.<\/p>\n<p>Vyrobeno z odoln\u00e9ho 500D Ripstop Nylon a N140D l\u00e1tek, Bravo Modul\u00e1rn\u00ed Bino Pack-Small nab\u00edz\u00ed lehk\u00e9 a odoln\u00e9 \u0159e\u0161en\u00ed pro outdoor nad\u0161ence, lovce a taktick\u00e9 oper\u00e1tory.<\/p>\n<p>Mezi kl\u00ed\u010dov\u00e9 funkce pat\u0159\u00ed uz\u00e1v\u011br bez n\u00e1boj\u016f pro rychl\u00fd p\u0159\u00edstup, kompatibilita s osmi dostupn\u00fdmi dopl\u0148ky, velk\u00e1 p\u0159edn\u00ed zipov\u00e1 kapsa, dv\u011b bo\u010dn\u00ed stre\u010dov\u00e9 kapsy, nastaviteln\u00e9 ramenn\u00ed popruhy s p\u0159edn\u00edm tahem a n\u00edzkoprofilov\u00e1 k\u0159\u00eddla kompatibiln\u00ed s MOLLE pro p\u0159izp\u016fsoben\u00ed va\u0161\u00ed v\u00fdbavy. A\u0165 u\u017e pozorujete pt\u00e1ky, jdete na t\u00faru nebo se \u00fa\u010dastn\u00edte taktick\u00fdch operac\u00ed, Bravo Modul\u00e1rn\u00ed Bino Pack-Small nab\u00edz\u00ed v\u0161estrann\u00e9 a bezpe\u010dn\u00e9 \u0159e\u0161en\u00ed pro skladov\u00e1n\u00ed va\u0161ich dalekohled\u016f.<\/p>\n","protected":false},"excerpt":{"rendered":"<p>Modul\u00e1rn\u00ed dvouo\u010dnicov\u00fd batoh s uz\u00e1v\u011brem bez magnetu, kompatibiln\u00ed s MOLLE a nastaviteln\u00fdm popruhem.<\/p>\n","protected":false},"featured_media":702960,"template":"","meta":{"_acf_changed":false},"product_brand":[15137],"product_cat":[15224],"product_tag":[],"class_list":{"0":"post-702941","1":"product","2":"type-product","3":"status-publish","4":"has-post-thumbnail","6":"product_brand-eberlestock","7":"product_cat-binocular-harnesses-cs","9":"first","10":"instock","11":"taxable","12":"shipping-taxable","13":"purchasable","14":"product-type-variable","15":"wvs-archive-product-wrapper"},"acf":[],"_links":{"self":[{"href":"https:\/\/nbg.eu\/cs\/wp-json\/wp\/v2\/product\/702941","targetHints":{"allow":["GET"]}}],"collection":[{"href":"https:\/\/nbg.eu\/cs\/wp-json\/wp\/v2\/product"}],"about":[{"href":"https:\/\/nbg.eu\/cs\/wp-json\/wp\/v2\/types\/product"}],"wp:featuredmedia":[{"embeddable":true,"href":"https:\/\/nbg.eu\/cs\/wp-json\/wp\/v2\/media\/702960"}],"wp:attachment":[{"href":"https:\/\/nbg.eu\/cs\/wp-json\/wp\/v2\/media?parent=702941"}],"wp:term":[{"taxonomy":"product_brand","embeddable":true,"href":"https:\/\/nbg.eu\/cs\/wp-json\/wp\/v2\/product_brand?post=702941"},{"taxonomy":"product_cat","embeddable":true,"href":"https:\/\/nbg.eu\/cs\/wp-json\/wp\/v2\/product_cat?post=702941"},{"taxonomy":"product_tag","embeddable":true,"href":"https:\/\/nbg.eu\/cs\/wp-json\/wp\/v2\/product_tag?post=702941"}],"curies":[{"name":"wp","href":"https:\/\/api.w.org\/{rel}","templated":true}]}}