{"id":704240,"date":"2025-12-23T12:08:03","date_gmt":"2025-12-23T09:08:03","guid":{"rendered":"https:\/\/nbg.eu\/product\/lupicska-parta\/"},"modified":"2026-04-24T15:09:34","modified_gmt":"2026-04-24T12:09:34","slug":"lupicska-parta","status":"publish","type":"product","link":"https:\/\/nbg.eu\/cs\/produkt\/lupicska-parta\/","title":{"rendered":"Eberlestock Bandit Batoh"},"content":{"rendered":"<h2>Bandit Pack &#8211; V\u0161estrann\u00fd spole\u010dn\u00edk pro celodenn\u00ed dobrodru\u017estv\u00ed<\/h2>\n<p>Nejuniverz\u00e1ln\u011bj\u0161\u00ed batoh v na\u0161\u00ed ka\u017edodenn\u00ed \u0159ad\u011b, Bandit\u2122 je \u00fa\u010delov\u011b vytvo\u0159en pro celodenn\u00ed lovy a pochody. \u010celn\u00ed panel s u\u017eitkov\u00fdmi prvky m\u00e1 laserov\u011b \u0159ezan\u00e9 popruhy MOLLE, kter\u00e9 umo\u017e\u0148uj\u00ed p\u0159ipevn\u011bn\u00ed kompatibiln\u00edho p\u0159\u00edslu\u0161enstv\u00ed a kapes, a tak\u00e9 umo\u017e\u0148uje n\u00e9st bundu nebo vybaven\u00ed pro rychl\u00fd p\u0159\u00edstup. Bo\u010dn\u00ed elastick\u00e9 kapsy mohou pojmout lahve s vodou a del\u0161\u00ed p\u0159edm\u011bty jako stativ, dalekohled nebo trekov\u00e9 hole.<\/p>\n<p>Popruhy na u\u017eitkov\u00e9m panelu pevn\u011b zajist\u00ed vybaven\u00ed na boc\u00edch nebo pomohou stla\u010dit \u010d\u00e1ste\u010dn\u011b napln\u011bn\u00fd batoh. Uvnit\u0159 horn\u00edho v\u00edka najdete organiz\u00e9ry pro drobn\u00e9 p\u0159edm\u011bty, jako je zipov\u00e1 s\u00ed\u0165ovan\u00e1 kapsa a kapsa na \u010dasopis.<\/p>\n<p>Kompatibiln\u00ed se standardn\u00edm bedern\u00edm p\u00e1sem, kter\u00fd pom\u00e1h\u00e1 s rozlo\u017een\u00edm hmotnosti u t\u011b\u017e\u0161\u00edch n\u00e1klad\u016f.<\/p>\n<h2>Rozm\u011bry<\/h2>\n<p>Objem: 835 c.i. \/ 13,68 l<br \/>\nHmotnost: 2,50 lb<br \/>\nRozm\u011bry: 18,25H x 7W x 6,5D<\/p>\n<h2>Vlastnosti<\/h2>\n<p>\u010celn\u00ed panel s laserov\u011b \u0159ezan\u00fdmi popruhy MOLLE pro p\u0159ipevn\u011bn\u00ed vn\u011bj\u0161\u00edho vybaven\u00ed<br \/>\nHorn\u00ed organiza\u010dn\u00ed v\u00edko s s\u00ed\u0165ovanou kapsou na dopl\u0148ky<br \/>\nNastaviteln\u00e9 ramenn\u00ed popruhy<br \/>\nSlot pro nastaviteln\u00fd bedern\u00ed p\u00e1s pro p\u0159en\u00e1\u0161en\u00ed dodate\u010dn\u00e9 hmotnosti<br \/>\nHlavn\u00ed prostor se zipem od vrchu dol\u016f pro \u00fapln\u00fd p\u0159\u00edstup<br \/>\nVnit\u0159n\u00ed spona pro upevn\u011bn\u00ed hydrata\u010dn\u00edch vak\u016f Source\u00ae 2L nebo 3L<\/p>\n","protected":false},"excerpt":{"rendered":"<p>Nejuniverz\u00e1ln\u011bj\u0161\u00ed batoh v na\u0161\u00ed kolekci ka\u017edodenn\u00edho no\u0161en\u00ed, Bandit\u2122 je vyroben pro celodenn\u00ed lovy a pochody. Vn\u011bj\u0161\u00ed u\u017eitkov\u00e1 plachta m\u00e1 laserov\u011b vy\u0159ez\u00e1van\u00e9 MOLLE popruhy, kter\u00e9 umo\u017e\u0148uj\u00ed p\u0159ipevn\u011bn\u00ed kompatibiln\u00edho p\u0159\u00edslu\u0161enstv\u00ed a pouzdra a nesen\u00ed bundy nebo vybaven\u00ed pro rychl\u00fd p\u0159\u00edstup. Bo\u010dn\u00ed elastick\u00e9 kapsy mohou pojmout lahve s vodou a del\u0161\u00ed p\u0159edm\u011bty jako stativ, pozorovac\u00ed dalekohled nebo trekov\u00e9 hole.<\/p>\n","protected":false},"featured_media":704261,"template":"","meta":{"_acf_changed":false},"product_brand":[15137],"product_cat":[12653],"product_tag":[],"class_list":{"0":"post-704240","1":"product","2":"type-product","3":"status-publish","4":"has-post-thumbnail","6":"product_brand-eberlestock","7":"product_cat-batohy","9":"first","10":"instock","11":"taxable","12":"shipping-taxable","13":"purchasable","14":"product-type-variable","15":"wvs-archive-product-wrapper"},"acf":[],"_links":{"self":[{"href":"https:\/\/nbg.eu\/cs\/wp-json\/wp\/v2\/product\/704240","targetHints":{"allow":["GET"]}}],"collection":[{"href":"https:\/\/nbg.eu\/cs\/wp-json\/wp\/v2\/product"}],"about":[{"href":"https:\/\/nbg.eu\/cs\/wp-json\/wp\/v2\/types\/product"}],"wp:featuredmedia":[{"embeddable":true,"href":"https:\/\/nbg.eu\/cs\/wp-json\/wp\/v2\/media\/704261"}],"wp:attachment":[{"href":"https:\/\/nbg.eu\/cs\/wp-json\/wp\/v2\/media?parent=704240"}],"wp:term":[{"taxonomy":"product_brand","embeddable":true,"href":"https:\/\/nbg.eu\/cs\/wp-json\/wp\/v2\/product_brand?post=704240"},{"taxonomy":"product_cat","embeddable":true,"href":"https:\/\/nbg.eu\/cs\/wp-json\/wp\/v2\/product_cat?post=704240"},{"taxonomy":"product_tag","embeddable":true,"href":"https:\/\/nbg.eu\/cs\/wp-json\/wp\/v2\/product_tag?post=704240"}],"curies":[{"name":"wp","href":"https:\/\/api.w.org\/{rel}","templated":true}]}}