{"id":704610,"date":"2025-12-23T12:15:29","date_gmt":"2025-12-23T09:15:29","guid":{"rendered":"https:\/\/nbg.eu\/product\/switchblade-pack\/"},"modified":"2026-04-15T14:10:49","modified_gmt":"2026-04-15T11:10:49","slug":"switchblade-pack","status":"publish","type":"product","link":"https:\/\/nbg.eu\/cs\/produkt\/switchblade-pack\/","title":{"rendered":"Eberlestock Batoh Switchblade"},"content":{"rendered":"<h2>Switchblade Pack: Maxim\u00e1ln\u00ed prostor a skryt\u00e9 no\u0161en\u00ed<\/h2>\n<p>Batoh Switchblade\u2122 je navr\u017een tak, aby udr\u017eel n\u00edzk\u00fd profil a z\u00e1rove\u0148 poskytoval maxim\u00e1ln\u00ed prostor a organizaci. Otev\u0159ete vrchn\u00ed kapsu a z\u00edsk\u00e1te p\u0159\u00edstup k dv\u011bma kaps\u00e1m na z\u00e1sobn\u00edky a dal\u0161\u00edm drobn\u00fdm organiza\u010dn\u00edm funkc\u00edm. Uvnit\u0159 najdete p\u0159ihr\u00e1dku na dokumenty perfektn\u00ed pro iPad, notebook nebo dokonce kr\u00e1tkohlave\u0148.<\/p>\n<p>P\u0159edn\u00ed \u010d\u00e1st batohu m\u00e1 velkou kapsu pro rychl\u00fd p\u0159\u00edstup k d\u016fle\u017eit\u00fdm v\u011bcem. Na ka\u017ed\u00e9 stran\u011b jsou p\u00e1r stahovac\u00edch dr\u017e\u00e1k\u016f na n\u00e1poje a ploch\u00e1 kapsa se zipem po stran\u011b. Batoh se tak\u00e9 chlub\u00ed skrytou, magneticky otev\u0159enou, rychle p\u0159\u00edstupnou kapsou pro diskr\u00e9tn\u00ed no\u0161en\u00ed zakryt\u00e9 zbran\u011b.<\/p>\n<p>S celkov\u00fdm objemem 1 785 krychlov\u00fdch palc\u016f (29,3 l) a hmotnost\u00ed pouh\u00fdch 3,60 liber nab\u00edz\u00ed Switchblade\u2122 dostatek prostoru a p\u0159enositelnost. Hlavn\u00ed rozm\u011bry batohu jsou 20,5 V x 12 \u0160 x 8 H palc\u016f, co\u017e z n\u011bj d\u011bl\u00e1 univerz\u00e1ln\u00ed volbu pro ka\u017edodenn\u00ed pou\u017eit\u00ed nebo taktick\u00e9 operace.<\/p>\n<p>Kl\u00ed\u010dov\u00e9 funkce zahrnuj\u00ed magnety ze vz\u00e1cn\u00fdch zemin pro rychl\u00fd p\u0159\u00edstup k kaps\u00e1m na skrytou zbra\u0148, smy\u010dkov\u00e9-such\u00fd zip PALS pro p\u0159ipevn\u011bn\u00ed dopl\u0148k\u016f s MOLLE nebo such\u00fdm zipem a vnit\u0159n\u00ed kapsy pro hydrata\u010dn\u00ed vak, z\u00e1sobn\u00edky a organiz\u00e1tory drobn\u00fdch p\u0159edm\u011bt\u016f. Odn\u00edmateln\u00e9 popruhy a kompatibilita s bedern\u00edm p\u00e1sem zvy\u0161uj\u00ed p\u0159izp\u016fsobitelnost batohu.<\/p>\n<p>Switchblade\u2122 se tak\u00e9 chlub\u00ed novou tkaninovou strukturou MOLLE-10, kter\u00e1 nab\u00edz\u00ed 60% \u00fasporu hmotnosti oproti standardn\u00ed 25mm MOLLE m\u0159\u00ed\u017ece, a ambidextern\u00ed skrytou pouzdro vhodn\u00e9 pro v\u011bt\u0161inu samonab\u00edjec\u00edch pistol\u00ed v\u010detn\u011b plnoform\u00e1tov\u00fdch. Pro ochranu proti po\u010das\u00ed pou\u017eijte na\u0161i Malou reverzibiln\u00ed pl\u00e1\u0161t\u011bnku.<\/p>\n","protected":false},"excerpt":{"rendered":"<p>Switchblade\u2122 udr\u017euje n\u00edzk\u00fd profil s maxim\u00e1ln\u00edm prostorem a organizac\u00ed. Otev\u0159ete horn\u00ed kapsu v\u00edka a najdete v n\u00ed dv\u011b kapsy na \u010dasopisy a dal\u0161\u00ed drobn\u00e9 organiza\u010dn\u00ed prvky. Uvnit\u0159 najdete p\u0159ihr\u00e1dku na dokumenty pro iPad, notebook nebo dokonce kr\u00e1tkou hlav\u0148ovou pu\u0161ku. P\u0159edn\u00ed \u010d\u00e1st batohu m\u00e1 velkou kapsu pro rychl\u00fd p\u0159\u00edstup k d\u016fle\u017eit\u00fdm p\u0159edm\u011bt\u016fm. Na ka\u017ed\u00e9 stran\u011b jsou p\u00e1r kapes se stahovac\u00edmi \u0161\u0148\u016frami na n\u00e1poje a tak\u00e9 ploch\u00e1 kapsa se zipem na boku. M\u00e1 tak\u00e9 skrytou, magneticky otev\u00edranou kapsu pro rychl\u00fd p\u0159\u00edstup k CCW.<\/p>\n","protected":false},"featured_media":704644,"template":"","meta":{"_acf_changed":false},"product_brand":[15137],"product_cat":[12653],"product_tag":[],"class_list":{"0":"post-704610","1":"product","2":"type-product","3":"status-publish","4":"has-post-thumbnail","6":"product_brand-eberlestock","7":"product_cat-batohy","9":"first","10":"instock","11":"taxable","12":"shipping-taxable","13":"purchasable","14":"product-type-variable","15":"wvs-archive-product-wrapper"},"acf":[],"_links":{"self":[{"href":"https:\/\/nbg.eu\/cs\/wp-json\/wp\/v2\/product\/704610","targetHints":{"allow":["GET"]}}],"collection":[{"href":"https:\/\/nbg.eu\/cs\/wp-json\/wp\/v2\/product"}],"about":[{"href":"https:\/\/nbg.eu\/cs\/wp-json\/wp\/v2\/types\/product"}],"wp:featuredmedia":[{"embeddable":true,"href":"https:\/\/nbg.eu\/cs\/wp-json\/wp\/v2\/media\/704644"}],"wp:attachment":[{"href":"https:\/\/nbg.eu\/cs\/wp-json\/wp\/v2\/media?parent=704610"}],"wp:term":[{"taxonomy":"product_brand","embeddable":true,"href":"https:\/\/nbg.eu\/cs\/wp-json\/wp\/v2\/product_brand?post=704610"},{"taxonomy":"product_cat","embeddable":true,"href":"https:\/\/nbg.eu\/cs\/wp-json\/wp\/v2\/product_cat?post=704610"},{"taxonomy":"product_tag","embeddable":true,"href":"https:\/\/nbg.eu\/cs\/wp-json\/wp\/v2\/product_tag?post=704610"}],"curies":[{"name":"wp","href":"https:\/\/api.w.org\/{rel}","templated":true}]}}