{"id":719773,"date":"2026-01-26T13:11:03","date_gmt":"2026-01-26T10:11:03","guid":{"rendered":"https:\/\/nbg.eu\/product\/muzna-spicka-oranzova-14c28n\/"},"modified":"2026-05-13T16:03:01","modified_gmt":"2026-05-13T13:03:01","slug":"muzna-spicka-oranzova-14c28n","status":"publish","type":"product","link":"https:\/\/nbg.eu\/cs\/produkt\/muzna-spicka-oranzova-14c28n\/","title":{"rendered":"Mu\u017en\u00e1 \u0160PI\u010cKA ORAN\u017dOV\u00c1 14C28N"},"content":{"rendered":"<h2>Manly PEAK ORANGE 14C28N Skl\u00e1dac\u00ed n\u016f\u017e<\/h2>\n<p>Skl\u00e1dac\u00ed n\u016f\u017e Manly PEAK ORANGE 14C28N m\u00e1 oto\u010dnou sponu, kter\u00e1 umo\u017e\u0148uje pou\u017e\u00edv\u00e1n\u00ed jak pro lev\u00e1ky, tak pro prav\u00e1ky. S pevn\u00fdm zaji\u0161\u0165ovac\u00edm mechanismem Backlock poskytuje tento n\u016f\u017e bezpe\u010dn\u00e9 a spolehliv\u00e9 pou\u017eit\u00ed.<\/p>\n<p>Vyroben\u00fd s preciznost\u00ed, PEAK ORANGE 14C28N se m\u016f\u017ee pochlubit 9,4 cm dlouhou \u010depel\u00ed z oceli 14C28N a odolnou rukojet\u00ed z materi\u00e1lu G10, zaru\u010duj\u00edc\u00ed pohodln\u00fd a spolehliv\u00fd \u00fachop. Celkov\u00e1 d\u00e9lka 22 cm z n\u011bj d\u011bl\u00e1 v\u0161estrannou volbu pro r\u016fzn\u00e9 \u00fakoly. S v\u00e1hou 115 g je tento n\u016f\u017e dob\u0159e vyv\u00e1\u017een\u00fd a snadno ovladateln\u00fd.<\/p>\n<p>Otv\u00edrac\u00ed mechanismus Nail Nick umo\u017e\u0148uje jednoru\u010dn\u00ed ovl\u00e1d\u00e1n\u00ed, zat\u00edmco zaji\u0161\u0165ovac\u00ed syst\u00e9m Backlock udr\u017euje \u010depel b\u011bhem pou\u017e\u00edv\u00e1n\u00ed bezpe\u010dn\u011b na sv\u00e9m m\u00edst\u011b. Jeho elegantn\u00ed oran\u017eov\u00e9 proveden\u00ed dod\u00e1v\u00e1 PEAK ORANGE 14C28N na ka\u017edodenn\u00ed pou\u017e\u00edv\u00e1n\u00ed estetick\u00fd vzhled.<\/p>\n","protected":false},"excerpt":{"rendered":"<p>Obousm\u011brn\u00e1 spona, obouru\u010dn\u00ed. Uzav\u00edr\u00e1n\u00ed na zp\u011btn\u00fd z\u00e1mek. PEAK ORANGE 14C28N.<\/p>\n","protected":false},"featured_media":719802,"template":"","meta":{"_acf_changed":false},"product_brand":[15077],"product_cat":[15380,15362],"product_tag":[],"class_list":{"0":"post-719773","1":"product","2":"type-product","3":"status-publish","4":"has-post-thumbnail","6":"product_brand-manly-knives","7":"product_cat-folding-knives-sk","8":"product_cat-knives-cs","10":"first","11":"outofstock","12":"taxable","13":"shipping-taxable","14":"purchasable","15":"product-type-simple"},"acf":[],"_links":{"self":[{"href":"https:\/\/nbg.eu\/cs\/wp-json\/wp\/v2\/product\/719773","targetHints":{"allow":["GET"]}}],"collection":[{"href":"https:\/\/nbg.eu\/cs\/wp-json\/wp\/v2\/product"}],"about":[{"href":"https:\/\/nbg.eu\/cs\/wp-json\/wp\/v2\/types\/product"}],"wp:featuredmedia":[{"embeddable":true,"href":"https:\/\/nbg.eu\/cs\/wp-json\/wp\/v2\/media\/719802"}],"wp:attachment":[{"href":"https:\/\/nbg.eu\/cs\/wp-json\/wp\/v2\/media?parent=719773"}],"wp:term":[{"taxonomy":"product_brand","embeddable":true,"href":"https:\/\/nbg.eu\/cs\/wp-json\/wp\/v2\/product_brand?post=719773"},{"taxonomy":"product_cat","embeddable":true,"href":"https:\/\/nbg.eu\/cs\/wp-json\/wp\/v2\/product_cat?post=719773"},{"taxonomy":"product_tag","embeddable":true,"href":"https:\/\/nbg.eu\/cs\/wp-json\/wp\/v2\/product_tag?post=719773"}],"curies":[{"name":"wp","href":"https:\/\/api.w.org\/{rel}","templated":true}]}}