{"id":720221,"date":"2025-05-21T16:04:06","date_gmt":"2025-05-21T13:04:06","guid":{"rendered":"https:\/\/nbg.eu\/product\/zasobnik-kmr-l-02-orca-raze-40-sw-18-naboju\/"},"modified":"2026-04-16T16:10:07","modified_gmt":"2026-04-16T13:10:07","slug":"zasobnik-kmr-l-02-orca-raze-40-sw-18-naboju","status":"publish","type":"product","link":"https:\/\/nbg.eu\/cs\/produkt\/zasobnik-kmr-l-02-orca-raze-40-sw-18-naboju\/","title":{"rendered":"KMR Z\u00e1sobn\u00edk L-02 ORCA .40 S&amp;W 18 N\u00e1boj\u016f"},"content":{"rendered":"<h2>MAGAZ\u00cdN KMR L-02 ORCA &#8211; Zvy\u0161te svou palebnou s\u00edlu<\/h2>\n<p>P\u0159edstavujeme MAGAZ\u00cdN KMR L-02 ORCA, z\u00e1sobn\u00edk s vysokou kapacitou, kter\u00fd je navr\u017een tak, aby vylep\u0161il v\u00e1\u0161 z\u00e1\u017eitek ze st\u0159elby. Ur\u010den\u00fd pro siln\u00fd n\u00e1boj .40 S&amp;W, tento z\u00e1sobn\u00edk se m\u016f\u017ee pochlubit pozoruhodnou kapacitou 18 n\u00e1boj\u016f, co\u017e v\u00e1m poskytuje zv\u00fd\u0161enou palebnou s\u00edlu a sn\u00ed\u017een\u00e9 intervaly pro op\u011btovn\u00e9 nabit\u00ed.<\/p>\n<p>Vyroben\u00fd s p\u0159esnost\u00ed a pe\u010dlivost\u00ed do detailu, je tento z\u00e1sobn\u00edk nezbytn\u00fdm dopl\u0148kem pro st\u0159elce, kte\u0159\u00ed vy\u017eaduj\u00ed to nejlep\u0161\u00ed. Jeho robustn\u00ed konstrukce zaji\u0161\u0165uje spolehliv\u00fd v\u00fdkon i v nejn\u00e1ro\u010dn\u011bj\u0161\u00edch podm\u00ednk\u00e1ch.<\/p>\n<p>S elegantn\u00edm a ergonomick\u00fdm designem se MAGAZ\u00cdN KMR L-02 ORCA plynule integruje do va\u0161\u00ed paln\u00e9 zbran\u011b a poskytuje pohodln\u00fd a bezpe\u010dn\u00fd \u00fachop. Jeho zv\u00fd\u0161en\u00e1 kapacita v\u00e1m umo\u017e\u0148uje z\u016fstat v akci d\u00e9le, sni\u017euje pot\u0159ebu \u010dast\u00fdch v\u00fdm\u011bn z\u00e1sobn\u00edk\u016f a maximalizuje va\u0161i taktickou v\u00fdhodu.<\/p>\n<p>Za\u017eijte s\u00edlu a univerz\u00e1lnost MAGAZ\u00cdNU KMR L-02 ORCA, nejlep\u0161\u00edho z\u00e1sobn\u00edku s vysokou kapacitou pro va\u0161i zbra\u0148 r\u00e1\u017ee .40 S&amp;W.<\/p>\n<p>Ref: 1152-02403-0001.<\/p>\n","protected":false},"excerpt":{"rendered":"<p>Z\u00c1SOBN\u00cdK KMR L-02 ORCA, r\u00e1\u017ee 40 S&amp;W, 18 n\u00e1boj\u016f, z\u00e1sobn\u00edk s vysokou kapacitou pro zv\u00fd\u0161enou palebn\u00ed s\u00edlu.<\/p>\n","protected":false},"featured_media":365263,"template":"","meta":{"_acf_changed":false},"product_brand":[11490],"product_cat":[12655,12659],"product_tag":[],"class_list":{"0":"post-720221","1":"product","2":"type-product","3":"status-publish","4":"has-post-thumbnail","6":"product_brand-kmr-precision","7":"product_cat-dily-na-pistole","8":"product_cat-kmr-dily","10":"first","11":"instock","12":"taxable","13":"shipping-taxable","14":"product-type-simple"},"acf":[],"_links":{"self":[{"href":"https:\/\/nbg.eu\/cs\/wp-json\/wp\/v2\/product\/720221","targetHints":{"allow":["GET"]}}],"collection":[{"href":"https:\/\/nbg.eu\/cs\/wp-json\/wp\/v2\/product"}],"about":[{"href":"https:\/\/nbg.eu\/cs\/wp-json\/wp\/v2\/types\/product"}],"wp:featuredmedia":[{"embeddable":true,"href":"https:\/\/nbg.eu\/cs\/wp-json\/wp\/v2\/media\/365263"}],"wp:attachment":[{"href":"https:\/\/nbg.eu\/cs\/wp-json\/wp\/v2\/media?parent=720221"}],"wp:term":[{"taxonomy":"product_brand","embeddable":true,"href":"https:\/\/nbg.eu\/cs\/wp-json\/wp\/v2\/product_brand?post=720221"},{"taxonomy":"product_cat","embeddable":true,"href":"https:\/\/nbg.eu\/cs\/wp-json\/wp\/v2\/product_cat?post=720221"},{"taxonomy":"product_tag","embeddable":true,"href":"https:\/\/nbg.eu\/cs\/wp-json\/wp\/v2\/product_tag?post=720221"}],"curies":[{"name":"wp","href":"https:\/\/api.w.org\/{rel}","templated":true}]}}