{"id":720879,"date":"2024-08-18T12:16:47","date_gmt":"2024-08-18T09:16:47","guid":{"rendered":"https:\/\/nbg.eu\/product\/zaverovy-cep-kmr-l\/"},"modified":"2026-05-13T16:01:59","modified_gmt":"2026-05-13T13:01:59","slug":"zaverovy-cep-kmr-l","status":"publish","type":"product","link":"https:\/\/nbg.eu\/cs\/produkt\/zaverovy-cep-kmr-l\/","title":{"rendered":"KMR Z\u00e1paln\u00edk L"},"content":{"rendered":"<h2>Z\u00e1v\u011brov\u00fd \u010dep KMR L: Spolehliv\u00e1 volba pro p\u0159esnou st\u0159elbu<\/h2>\n<p>P\u0159edstavujeme z\u00e1v\u011brov\u00fd \u010dep KMR L, \u0161pi\u010dkovou sou\u010d\u00e1stku ur\u010denou pro v\u00e1\u017en\u00e9 st\u0159elce. Vyroben\u00fd s preciznost\u00ed a pozornost\u00ed k detailu, tento z\u00e1v\u011brov\u00fd \u010dep je k dispozici v r\u016fzn\u00fdch modelech, aby vyhovoval va\u0161im konkr\u00e9tn\u00edm pot\u0159eb\u00e1m.<\/p>\n<p>Navr\u017een\u00fd pro odolnost, z\u00e1v\u011brov\u00fd \u010dep KMR L se vyzna\u010duje robustn\u00ed konstrukc\u00ed, kter\u00e1 zvl\u00e1dne n\u00e1roky \u010dast\u00e9ho pou\u017e\u00edv\u00e1n\u00ed. Jeho beze\u0161v\u00e1 integrace zaji\u0161\u0165uje plynul\u00fd a spolehliv\u00fd spou\u0161t\u011bc\u00ed tah, co\u017e v\u00e1m umo\u017en\u00ed v\u00e9st p\u0159esn\u00e9 v\u00fdst\u0159ely s d\u016fv\u011brou. Navr\u017een\u00fd tak, aby fungoval v souladu s va\u0161\u00ed st\u0159elnou zbran\u00ed, je tento z\u00e1v\u011brov\u00fd \u010dep dokonal\u00fdm upgradem pro ty, kte\u0159\u00ed hledaj\u00ed vylep\u0161en\u00ed sv\u00e9ho st\u0159eleck\u00e9ho z\u00e1\u017eitku.<\/p>\n<p>Upgradujte svou zbra\u0148 je\u0161t\u011b dnes a posu\u0148te svoji st\u0159elbu na novou \u00farove\u0148.<\/p>\n","protected":false},"excerpt":{"rendered":"<p>Z\u00e1chyt z\u00e1palky KMR L: Univerz\u00e1ln\u00ed z\u00e1chyt z\u00e1palky pro zbran\u011b \u0159ady KMR L.<\/p>\n","protected":false},"featured_media":30313,"template":"","meta":{"_acf_changed":false},"product_brand":[11490],"product_cat":[12659,14761],"product_tag":[],"class_list":{"0":"post-720879","1":"product","2":"type-product","3":"status-publish","4":"has-post-thumbnail","6":"product_brand-kmr-precision","7":"product_cat-kmr-dily","8":"product_cat-uderniky","10":"first","11":"outofstock","12":"taxable","13":"shipping-taxable","14":"product-type-simple"},"acf":[],"_links":{"self":[{"href":"https:\/\/nbg.eu\/cs\/wp-json\/wp\/v2\/product\/720879","targetHints":{"allow":["GET"]}}],"collection":[{"href":"https:\/\/nbg.eu\/cs\/wp-json\/wp\/v2\/product"}],"about":[{"href":"https:\/\/nbg.eu\/cs\/wp-json\/wp\/v2\/types\/product"}],"wp:featuredmedia":[{"embeddable":true,"href":"https:\/\/nbg.eu\/cs\/wp-json\/wp\/v2\/media\/30313"}],"wp:attachment":[{"href":"https:\/\/nbg.eu\/cs\/wp-json\/wp\/v2\/media?parent=720879"}],"wp:term":[{"taxonomy":"product_brand","embeddable":true,"href":"https:\/\/nbg.eu\/cs\/wp-json\/wp\/v2\/product_brand?post=720879"},{"taxonomy":"product_cat","embeddable":true,"href":"https:\/\/nbg.eu\/cs\/wp-json\/wp\/v2\/product_cat?post=720879"},{"taxonomy":"product_tag","embeddable":true,"href":"https:\/\/nbg.eu\/cs\/wp-json\/wp\/v2\/product_tag?post=720879"}],"curies":[{"name":"wp","href":"https:\/\/api.w.org\/{rel}","templated":true}]}}