{"id":721244,"date":"2024-08-18T11:07:42","date_gmt":"2024-08-18T08:07:42","guid":{"rendered":"https:\/\/nbg.eu\/product\/upevnovaci-sroub-m35-torx-kmr\/"},"modified":"2026-04-16T16:14:03","modified_gmt":"2026-04-16T13:14:03","slug":"upevnovaci-sroub-m35-torx-kmr","status":"publish","type":"product","link":"https:\/\/nbg.eu\/cs\/produkt\/upevnovaci-sroub-m35-torx-kmr\/","title":{"rendered":"KMR \u0160roub St\u0159enek M3.5 Torx"},"content":{"rendered":"<h2>Upev\u0148ovac\u00ed \u0161roub M3,5 Torx KMR<\/h2>\n<p>Vyrobeno s p\u0159esnost\u00ed a d\u016frazem na detail, tento upev\u0148ovac\u00ed \u0161roub zaji\u0161\u0165uje bezpe\u010dn\u00fd a spolehliv\u00fd \u00fachop, kter\u00fd vylep\u0161uje celkov\u00fd v\u00fdkon a funk\u010dnost va\u0161ich Weapons KMR. Funkce Torx poskytuje bezpe\u010dn\u00e9 a konzistentn\u00ed spojen\u00ed, kter\u00e9 zabra\u0148uje ne\u017e\u00e1douc\u00edmu uvoln\u011bn\u00ed nebo posunu b\u011bhem pou\u017eit\u00ed.<\/p>\n<p>A\u0165 u\u017e jste ost\u0159\u00edlen\u00fd st\u0159elec nebo taktick\u00fd nad\u0161enec, toto je nezbytn\u00e9 p\u0159\u00edslu\u0161enstv\u00ed pro zachov\u00e1n\u00ed integrity a spolehlivosti va\u0161ich Weapons KMR. Zvy\u0161te sv\u016fj z\u00e1\u017eitek ze st\u0159elby s t\u00edmto nezbytn\u00fdm komponentem, kter\u00fd je navr\u017een tak, aby se dokonale integroval s va\u0161\u00edm preferovan\u00fdm modelem KMR.<\/p>\n<p>Pro Weapons KMR:<\/p>\n<p>KMR L-02 EMIQ<\/p>\n<p>KMR L-02 EMIQ (OR)<\/p>\n<p>KMR L-02 ORCA OD ROKU 2024<\/p>\n<p>KMR L-02 ORCA DO ROKU 2023<\/p>\n<p>KMR L-02 SPECTRA OD ROKU 2024<\/p>\n<p>KMR L-02 SPECTRA DO ROKU 2023<\/p>\n<p>KMR L-02 UMBRA (OR) SR<\/p>\n<p>KMR S-01 LANCE (OR)<\/p>\n<p>KMR S-02 OD ROKU 2024<\/p>\n<p>KMR S-02 DO ROKU 2023<\/p>\n<p>KMR W-02 CUDA (OR)<\/p>\n<p>KMR W-02 UMBRA<\/p>\n<p>KMR W-02 UMBRA (OR)<\/p>\n","protected":false},"excerpt":{"rendered":"<p>Up\u00ednac\u00ed \u0161roub M3,5 Torx KMR pro modely zbran\u00ed kompatibiln\u00ed s KMR.<\/p>\n","protected":false},"featured_media":25283,"template":"","meta":{"_acf_changed":false},"product_brand":[11490],"product_cat":[12659,14865],"product_tag":[],"class_list":{"0":"post-721244","1":"product","2":"type-product","3":"status-publish","4":"has-post-thumbnail","6":"product_brand-kmr-precision","7":"product_cat-kmr-dily","8":"product_cat-pistol-grips-cs","10":"first","11":"instock","12":"taxable","13":"shipping-taxable","14":"product-type-simple"},"acf":[],"_links":{"self":[{"href":"https:\/\/nbg.eu\/cs\/wp-json\/wp\/v2\/product\/721244","targetHints":{"allow":["GET"]}}],"collection":[{"href":"https:\/\/nbg.eu\/cs\/wp-json\/wp\/v2\/product"}],"about":[{"href":"https:\/\/nbg.eu\/cs\/wp-json\/wp\/v2\/types\/product"}],"wp:featuredmedia":[{"embeddable":true,"href":"https:\/\/nbg.eu\/cs\/wp-json\/wp\/v2\/media\/25283"}],"wp:attachment":[{"href":"https:\/\/nbg.eu\/cs\/wp-json\/wp\/v2\/media?parent=721244"}],"wp:term":[{"taxonomy":"product_brand","embeddable":true,"href":"https:\/\/nbg.eu\/cs\/wp-json\/wp\/v2\/product_brand?post=721244"},{"taxonomy":"product_cat","embeddable":true,"href":"https:\/\/nbg.eu\/cs\/wp-json\/wp\/v2\/product_cat?post=721244"},{"taxonomy":"product_tag","embeddable":true,"href":"https:\/\/nbg.eu\/cs\/wp-json\/wp\/v2\/product_tag?post=721244"}],"curies":[{"name":"wp","href":"https:\/\/api.w.org\/{rel}","templated":true}]}}