{"id":721287,"date":"2026-01-19T18:48:08","date_gmt":"2026-01-19T15:48:08","guid":{"rendered":"https:\/\/nbg.eu\/product\/rh-crocy-gizmo-adapter\/"},"modified":"2026-02-27T16:25:21","modified_gmt":"2026-02-27T13:25:21","slug":"rh-crocy-gizmo-adapter","status":"publish","type":"product","link":"https:\/\/nbg.eu\/cs\/produkt\/rh-crocy-gizmo-adapter\/","title":{"rendered":"RH Crocy Gizmo adapt\u00e9r"},"content":{"rendered":"<h2>RH Crocy Gizmo adapt\u00e9r<\/h2>\n<p>Crocy Gizmo je spojovac\u00ed d\u00edl navr\u017een\u00fd pro syst\u00e9m pouzder RH Crocy AIWB. Umo\u017e\u0148uje p\u0159ipojit pouzdro na z\u00e1sobn\u00edk p\u0159\u00edmo k pouzdru pro kompletn\u00ed konfiguraci no\u0161en\u00ed na b\u0159i\u0161e.<\/p>\n<h3>Kl\u00ed\u010dov\u00e9 vlastnosti:<\/h3>\n<ul>\n<li>Spojuje pouzdro na z\u00e1sobn\u00edk Crocy s pouzdrem Crocy AIWB<\/li>\n<li>Kydex konstrukce pro odolnost<\/li>\n<li>Umo\u017e\u0148uje modul\u00e1rn\u00ed konfiguraci AIWB<\/li>\n<li>Lehk\u00fd a n\u00edzk\u00fd profil<\/li>\n<\/ul>\n","protected":false},"excerpt":{"rendered":"<p>RH Crocy Gizmo: Spojovac\u00ed d\u00edl pro p\u0159ipojen\u00ed pouzdra na z\u00e1sobn\u00edk k pouzdru Crocy AIWB.<\/p>\n","protected":false},"featured_media":721288,"template":"","meta":{"_acf_changed":false},"product_brand":[11630],"product_cat":[12690],"product_tag":[],"class_list":{"0":"post-721287","1":"product","2":"type-product","3":"status-publish","4":"has-post-thumbnail","6":"product_brand-rh-holsters","7":"product_cat-prislusenstvi-pro-pouzdra","9":"first","10":"instock","11":"taxable","12":"shipping-taxable","13":"purchasable","14":"product-type-simple"},"acf":[],"_links":{"self":[{"href":"https:\/\/nbg.eu\/cs\/wp-json\/wp\/v2\/product\/721287","targetHints":{"allow":["GET"]}}],"collection":[{"href":"https:\/\/nbg.eu\/cs\/wp-json\/wp\/v2\/product"}],"about":[{"href":"https:\/\/nbg.eu\/cs\/wp-json\/wp\/v2\/types\/product"}],"wp:featuredmedia":[{"embeddable":true,"href":"https:\/\/nbg.eu\/cs\/wp-json\/wp\/v2\/media\/721288"}],"wp:attachment":[{"href":"https:\/\/nbg.eu\/cs\/wp-json\/wp\/v2\/media?parent=721287"}],"wp:term":[{"taxonomy":"product_brand","embeddable":true,"href":"https:\/\/nbg.eu\/cs\/wp-json\/wp\/v2\/product_brand?post=721287"},{"taxonomy":"product_cat","embeddable":true,"href":"https:\/\/nbg.eu\/cs\/wp-json\/wp\/v2\/product_cat?post=721287"},{"taxonomy":"product_tag","embeddable":true,"href":"https:\/\/nbg.eu\/cs\/wp-json\/wp\/v2\/product_tag?post=721287"}],"curies":[{"name":"wp","href":"https:\/\/api.w.org\/{rel}","templated":true}]}}