{"id":721333,"date":"2026-01-19T18:48:05","date_gmt":"2026-01-19T15:48:05","guid":{"rendered":"https:\/\/nbg.eu\/product\/rh-crocy-extra-hacek\/"},"modified":"2026-02-27T16:26:16","modified_gmt":"2026-02-27T13:26:16","slug":"rh-crocy-extra-hacek","status":"publish","type":"product","link":"https:\/\/nbg.eu\/cs\/produkt\/rh-crocy-extra-hacek\/","title":{"rendered":"RH Crocy extra h\u00e1\u010dek"},"content":{"rendered":"<h2>RH Crocy extra h\u00e1\u010dek<\/h2>\n<p>RH Crocy extra h\u00e1\u010dek poskytuje dal\u0161\u00ed uchycen\u00ed k opasku pro syst\u00e9m pouzder Crocy AIWB, \u010d\u00edm\u017e zlep\u0161uje stabilitu a rozlo\u017een\u00ed v\u00e1hy p\u0159i no\u0161en\u00ed na b\u0159i\u0161e.<\/p>\n<h3>Kl\u00ed\u010dov\u00e9 vlastnosti:<\/h3>\n<ul>\n<li>Ocelov\u00e1 konstrukce pro odolnost<\/li>\n<li>Kompatibilita s opaskem 40 mm<\/li>\n<li>P\u0159id\u00e1v\u00e1 druh\u00fd bod uchycen\u00ed k syst\u00e9mu Crocy<\/li>\n<li>Zlep\u0161uje stabilitu pouzdra a sni\u017euje pohyb<\/li>\n<li>Snadn\u00e1 instalace na pouzdro Crocy<\/li>\n<\/ul>\n","protected":false},"excerpt":{"rendered":"<p>RH Crocy extra h\u00e1\u010dek: Ocelov\u00fd h\u00e1\u010dek pro zv\u00fd\u0161enou stabilitu syst\u00e9mu Crocy AIWB.<\/p>\n","protected":false},"featured_media":721334,"template":"","meta":{"_acf_changed":false},"product_brand":[11630],"product_cat":[12690],"product_tag":[],"class_list":{"0":"post-721333","1":"product","2":"type-product","3":"status-publish","4":"has-post-thumbnail","6":"product_brand-rh-holsters","7":"product_cat-prislusenstvi-pro-pouzdra","9":"first","10":"instock","11":"taxable","12":"shipping-taxable","13":"purchasable","14":"product-type-simple"},"acf":[],"_links":{"self":[{"href":"https:\/\/nbg.eu\/cs\/wp-json\/wp\/v2\/product\/721333","targetHints":{"allow":["GET"]}}],"collection":[{"href":"https:\/\/nbg.eu\/cs\/wp-json\/wp\/v2\/product"}],"about":[{"href":"https:\/\/nbg.eu\/cs\/wp-json\/wp\/v2\/types\/product"}],"wp:featuredmedia":[{"embeddable":true,"href":"https:\/\/nbg.eu\/cs\/wp-json\/wp\/v2\/media\/721334"}],"wp:attachment":[{"href":"https:\/\/nbg.eu\/cs\/wp-json\/wp\/v2\/media?parent=721333"}],"wp:term":[{"taxonomy":"product_brand","embeddable":true,"href":"https:\/\/nbg.eu\/cs\/wp-json\/wp\/v2\/product_brand?post=721333"},{"taxonomy":"product_cat","embeddable":true,"href":"https:\/\/nbg.eu\/cs\/wp-json\/wp\/v2\/product_cat?post=721333"},{"taxonomy":"product_tag","embeddable":true,"href":"https:\/\/nbg.eu\/cs\/wp-json\/wp\/v2\/product_tag?post=721333"}],"curies":[{"name":"wp","href":"https:\/\/api.w.org\/{rel}","templated":true}]}}