{"id":723165,"date":"2026-03-06T17:34:43","date_gmt":"2026-03-06T14:34:43","guid":{"rendered":"https:\/\/nbg.eu\/product\/eberlestock-w2-spectre\/"},"modified":"2026-04-15T14:10:34","modified_gmt":"2026-04-15T11:10:34","slug":"eberlestock-w2-spectre","status":"publish","type":"product","link":"https:\/\/nbg.eu\/cs\/produkt\/eberlestock-w2-spectre\/","title":{"rendered":"Eberlestock W2-Spectre"},"content":{"rendered":"<h2>Eberlestock W2-Spectre<\/h2>\n<p>Spectre je nejinovativn\u011bj\u0161\u00ed a nejuniverz\u00e1ln\u011bj\u0161\u00ed snajpersk\u00fd batoh zna\u010dky Eberlestock, kter\u00fd nov\u011b definuje zp\u016fsob, jak\u00fdm profesion\u00e1lov\u00e9 p\u0159en\u00e1\u0161ej\u00ed sv\u00e9 p\u0159esn\u00e9 zbra\u0148ov\u00e9 syst\u00e9my. Vybaven\u00fd patentovan\u00fdm pouzdrem RAID\u2122 \u2014 polstrovan\u00fdm uzav\u0159en\u00fdm pouzdrem optimalizovan\u00fdm pro pu\u0161ky se skl\u00e1dac\u00edm podvozkem, p\u0159\u00eddavn\u00e9 no\u010dn\u00ed vid\u011bn\u00ed a term\u00e1ln\u00ed jednotky a laserov\u00e9 d\u00e1lkom\u011bry montovan\u00e9 na zbra\u0148.<\/p>\n<h3>\u00da\u010delov\u011b navr\u017een\u00fd pro modern\u00ed platformy<\/h3>\n<p>Spectre m\u00e1 \u0161ir\u0161\u00ed profil speci\u00e1ln\u011b navr\u017een\u00fd pro dne\u0161n\u00ed v\u011bt\u0161\u00ed p\u0159esn\u00e9 zbra\u0148ov\u00e9 platformy s modern\u00edm p\u0159\u00edslu\u0161enstv\u00edm. Design umo\u017e\u0148uje rychl\u00fd a efektivn\u00ed p\u0159\u00edstup p\u0159i vyj\u00edm\u00e1n\u00ed nebo ukl\u00e1d\u00e1n\u00ed pu\u0161ky, \u010d\u00edm\u017e eliminuje t\u00e1p\u00e1n\u00ed typick\u00e9 pro konven\u010dn\u00ed syst\u00e9my pouzder.<\/p>\n<h3>Profesion\u00e1ln\u00ed nosn\u00fd syst\u00e9m<\/h3>\n<p>Vnit\u0159n\u00ed r\u00e1m v kombinaci s nov\u00fdm Ladder Shoulder Harness popruhem a vylep\u0161en\u00fdm bedern\u00edm p\u00e1sem p\u0159in\u00e1\u0161\u00ed znateln\u00e9 zlep\u0161en\u00ed v p\u0159ilnavosti, pohodl\u00ed a rozlo\u017een\u00ed z\u00e1t\u011b\u017ee. Po nasazen\u00ed na trup Spectre bezprobl\u00e9mov\u011b spolupracuje s taktick\u00fdmi opasky a nosi\u010demi pl\u00e1t\u016f a zachov\u00e1v\u00e1 p\u0159\u00edstup ke kritick\u00e9mu vybaven\u00ed na va\u0161em t\u011ble.<\/p>\n<h3>Design z ter\u00e9nu<\/h3>\n<p>Navr\u017een\u00fd na z\u00e1klad\u011b p\u0159\u00edm\u00e9 zp\u011btn\u00e9 vazby od profesion\u00e1l\u016f v ter\u00e9nu, Spectre nab\u00edz\u00ed n\u011bkolik \u00fachyt\u016f pro no\u0161en\u00ed: dva naho\u0159e, jeden na ka\u017ed\u00e9 stran\u011b a odoln\u00fd Hypalon \u00fachyt vp\u0159edu. A\u0165 u\u017e \u0161plh\u00e1te po \u017eeb\u0159\u00edku, plaz\u00edte se vegetac\u00ed nebo m\u011bn\u00edte pozici pod tlakem, m\u016f\u017eete s batohem efektivn\u011b man\u00e9vrovat z jak\u00e9koli pozice.<\/p>\n<table>\n<thead>\n<tr>\n<th>Specifikace<\/th>\n<th>Detail<\/th>\n<\/tr>\n<\/thead>\n<tbody>\n<tr>\n<td>Pouzdro<\/td>\n<td>RAID\u2122 patentovan\u00e9 uzav\u0159en\u00e9 pouzdro<\/td>\n<\/tr>\n<tr>\n<td>R\u00e1m<\/td>\n<td>Vnit\u0159n\u00ed r\u00e1m<\/td>\n<\/tr>\n<tr>\n<td>Popruh<\/td>\n<td>Ladder Shoulder Harness<\/td>\n<\/tr>\n<tr>\n<td>\u00dachyty pro no\u0161en\u00ed<\/td>\n<td>5 (2 horn\u00ed, 2 bo\u010dn\u00ed, 1 p\u0159edn\u00ed Hypalon)<\/td>\n<\/tr>\n<tr>\n<td>Kompatibilita<\/td>\n<td>Taktick\u00e9 opasky, nosi\u010de pl\u00e1t\u016f<\/td>\n<\/tr>\n<tr>\n<td>Optimalizov\u00e1no pro<\/td>\n<td>Skl\u00e1dac\u00ed podvozky, NV\/term\u00e1ln\u00ed p\u0159\u00eddavn\u00e1 za\u0159\u00edzen\u00ed, LRF<\/td>\n<\/tr>\n<\/tbody>\n<\/table>\n","protected":false},"excerpt":{"rendered":"<p>Eberlestock W2-Spectre je \u00fa\u010delov\u011b postaven\u00fd odst\u0159elova\u010dsk\u00fd batoh s patentovan\u00fdm pouzdrem RAID\u2122 optimalizovan\u00fdm pro skl\u00e1dac\u00ed podvozky pu\u0161ek, no\u010dn\u00ed vid\u011bn\u00ed, term\u00e1ln\u00ed jednotky a laserov\u00e9 d\u00e1lkom\u011bry. Vnit\u0159n\u00ed r\u00e1m s popruhov\u00fdm syst\u00e9mem Ladder Shoulder Harness.<\/p>\n","protected":false},"featured_media":723166,"template":"","meta":{"_acf_changed":false},"product_brand":[15137],"product_cat":[12653,12717],"product_tag":[],"class_list":{"0":"post-723165","1":"product","2":"type-product","3":"status-publish","4":"has-post-thumbnail","6":"product_brand-eberlestock","7":"product_cat-batohy","8":"product_cat-vybava","10":"first","11":"instock","12":"taxable","13":"shipping-taxable","14":"purchasable","15":"product-type-variable","16":"wvs-archive-product-wrapper"},"acf":[],"_links":{"self":[{"href":"https:\/\/nbg.eu\/cs\/wp-json\/wp\/v2\/product\/723165","targetHints":{"allow":["GET"]}}],"collection":[{"href":"https:\/\/nbg.eu\/cs\/wp-json\/wp\/v2\/product"}],"about":[{"href":"https:\/\/nbg.eu\/cs\/wp-json\/wp\/v2\/types\/product"}],"wp:featuredmedia":[{"embeddable":true,"href":"https:\/\/nbg.eu\/cs\/wp-json\/wp\/v2\/media\/723166"}],"wp:attachment":[{"href":"https:\/\/nbg.eu\/cs\/wp-json\/wp\/v2\/media?parent=723165"}],"wp:term":[{"taxonomy":"product_brand","embeddable":true,"href":"https:\/\/nbg.eu\/cs\/wp-json\/wp\/v2\/product_brand?post=723165"},{"taxonomy":"product_cat","embeddable":true,"href":"https:\/\/nbg.eu\/cs\/wp-json\/wp\/v2\/product_cat?post=723165"},{"taxonomy":"product_tag","embeddable":true,"href":"https:\/\/nbg.eu\/cs\/wp-json\/wp\/v2\/product_tag?post=723165"}],"curies":[{"name":"wp","href":"https:\/\/api.w.org\/{rel}","templated":true}]}}