{"id":723871,"date":"2026-03-10T16:14:33","date_gmt":"2026-03-10T13:14:33","guid":{"rendered":"https:\/\/nbg.eu\/product\/area-419-can-koozie-nasadka-pro-nocni-videni\/"},"modified":"2026-03-10T17:16:55","modified_gmt":"2026-03-10T14:16:55","slug":"area-419-can-koozie-nasadka-pro-nocni-videni","status":"publish","type":"product","link":"https:\/\/nbg.eu\/cs\/produkt\/area-419-can-koozie-nasadka-pro-nocni-videni\/","title":{"rendered":"Area 419 Can Koozie \/ N\u00e1sadka pro No\u010dn\u00ed Vid\u011bn\u00ed"},"content":{"rendered":"<h2>Area 419 Can Koozie \/ Clip-on Clona pro No\u010dn\u00ed Vid\u011bn\u00ed<\/h2>\n<p>Navr\u017eena firmou Area 419, tato neoprenov\u00e1 clona m\u00e1 taktick\u00e9 vyu\u017eit\u00ed: nasa\u010fte ji na objektiv optiky, aby p\u0159eklenula mezeru mezi optikou a clip-on za\u0159\u00edzen\u00edm pro no\u010dn\u00ed vid\u011bn\u00ed, blokuj\u00edc prach a parazitn\u00ed sv\u011btlo.<\/p>\n<h3>Clip-on Clona pro No\u010dn\u00ed Vid\u011bn\u00ed<\/h3>\n<p>Clona se nat\u00e1hne p\u0159es objektiv optiky a poskytne t\u011bsn\u00fd, sv\u011btlot\u011bsn\u00fd most pro va\u0161e clip-on NV za\u0159\u00edzen\u00ed \u2014 eliminuj\u00edc\u00ed mezeru, kterou pronik\u00e1 okoln\u00ed sv\u011btlo a prach. St\u0159elci ji pou\u017e\u00edvaj\u00ed i jako \u00fa\u010dinnou slune\u010dn\u00ed clonu proti odlesk\u016fm objektivu bez pot\u0159eby Velcro p\u00e1sk\u016f nebo objemn\u00fdch dopl\u0148k\u016f.<\/p>\n<h3>Specifikace<\/h3>\n<table>\n<tbody>\n<tr>\n<td><strong>Materi\u00e1l<\/strong><\/td>\n<td>Neoprene<\/td>\n<\/tr>\n<tr>\n<td><strong>Hmotnost<\/strong><\/td>\n<td>0.1 lbs<\/td>\n<\/tr>\n<tr>\n<td><strong>Rozm\u011bry<\/strong><\/td>\n<td>2 x 2 x 0.5 in<\/td>\n<\/tr>\n<tr>\n<td><strong>Vyrobeno v<\/strong><\/td>\n<td>USA<\/td>\n<\/tr>\n<\/tbody>\n<\/table>\n","protected":false},"excerpt":{"rendered":"<p>Neoprenov\u00e1 clip-on clona navr\u017een\u00e1 k p\u0159eklenut\u00ed mezery mezi objektivem optiky a clip-on za\u0159\u00edzen\u00edm pro no\u010dn\u00ed vid\u011bn\u00ed. Blokuje prach, parazitn\u00ed sv\u011btlo a eliminuje odlesky objektivu. Funguje i jako \u00fa\u010dinn\u00e1 slune\u010dn\u00ed clona pro denn\u00ed st\u0159elbu.<\/p>\n","protected":false},"featured_media":723872,"template":"","meta":{"_acf_changed":false},"product_brand":[11032],"product_cat":[12685,12717],"product_tag":[],"class_list":{"0":"post-723871","1":"product","2":"type-product","3":"status-publish","4":"has-post-thumbnail","6":"product_brand-area-419","7":"product_cat-prislusenstvi-k-zamerovani","8":"product_cat-vybava","10":"first","11":"instock","12":"taxable","13":"shipping-taxable","14":"purchasable","15":"product-type-simple"},"acf":[],"_links":{"self":[{"href":"https:\/\/nbg.eu\/cs\/wp-json\/wp\/v2\/product\/723871","targetHints":{"allow":["GET"]}}],"collection":[{"href":"https:\/\/nbg.eu\/cs\/wp-json\/wp\/v2\/product"}],"about":[{"href":"https:\/\/nbg.eu\/cs\/wp-json\/wp\/v2\/types\/product"}],"wp:featuredmedia":[{"embeddable":true,"href":"https:\/\/nbg.eu\/cs\/wp-json\/wp\/v2\/media\/723872"}],"wp:attachment":[{"href":"https:\/\/nbg.eu\/cs\/wp-json\/wp\/v2\/media?parent=723871"}],"wp:term":[{"taxonomy":"product_brand","embeddable":true,"href":"https:\/\/nbg.eu\/cs\/wp-json\/wp\/v2\/product_brand?post=723871"},{"taxonomy":"product_cat","embeddable":true,"href":"https:\/\/nbg.eu\/cs\/wp-json\/wp\/v2\/product_cat?post=723871"},{"taxonomy":"product_tag","embeddable":true,"href":"https:\/\/nbg.eu\/cs\/wp-json\/wp\/v2\/product_tag?post=723871"}],"curies":[{"name":"wp","href":"https:\/\/api.w.org\/{rel}","templated":true}]}}