{"id":732119,"date":"2026-03-13T17:31:36","date_gmt":"2026-03-13T14:31:36","guid":{"rendered":"https:\/\/nbg.eu\/product\/microtech-utx-85-gen-iv-t-e-stonewash-standard-black-2\/"},"modified":"2026-03-30T15:31:20","modified_gmt":"2026-03-30T12:31:20","slug":"microtech-utx-85-gen-iv-t-e-stonewash-standard-black-2","status":"publish","type":"product","link":"https:\/\/nbg.eu\/cs\/produkt\/microtech-utx-85-gen-iv-t-e-stonewash-standard-black-2\/","title":{"rendered":"Microtech UTX-85 Gen IV T\/E Stonewash Standard Black"},"content":{"rendered":"<h2>P\u0159ehled<\/h2>\n<p>Microtech UTX-85 Gen IV je kompaktn\u00ed v\u00fdkonn\u00fd p\u0159\u00edstroj navr\u017een\u00fd na 85 % velikosti vlajkov\u00e9 lodi Ultratech, d\u00edky \u010demu\u017e je ide\u00e1ln\u00ed OTF automat pro ka\u017edodenn\u00ed no\u0161en\u00ed. Tato \u010dern\u00e1 varianta m\u00e1 \u010depel tanto s povrchovou \u00fapravou stonewash se standardn\u00edm hladk\u00fdm ost\u0159\u00edm z oceli Bohler M390MK. Navzdory sv\u00e9 men\u0161\u00ed p\u016fdorysn\u00e9 plo\u0161e zd\u011bd\u00ed UTX-85 Gen IV v\u0161echny pokro\u010dil\u00e9 technologie od sv\u00e9ho v\u011bt\u0161\u00edho sourozence, v\u010detn\u011b Dual Fuel Drive Train a Crud Kutter samo\u010dist\u00edc\u00edho mechanismu, kter\u00fd poskytuje v\u00fdkon v pln\u00e9 velikosti v kapesn\u00edm balen\u00ed.<\/p>\n<h3>Kompaktn\u00ed design EDC<\/h3>\n<p>P\u0159i 85 % velikosti Ultratech a hmotnosti pouh\u00fdch 3,1 oz se UTX-85 Gen IV pohodln\u011b vejde do ka\u017ed\u00e9 kapsy, p\u0159i\u010dem\u017e si zachov\u00e1 plnou funk\u010dnost a kvalitu sestaven\u00ed sv\u00e9ho v\u011bt\u0161\u00edho prot\u011bj\u0161ku. Ergonomick\u00fd profil rukojeti zaji\u0161\u0165uje bezpe\u010dn\u00e9 uchopen\u00ed pro jakoukoli velikost ruky.<\/p>\n<h3>Dvoupalivov\u00fd pohon<\/h3>\n<p>Hnac\u00ed \u00fastroj\u00ed Gen IV vyu\u017e\u00edv\u00e1 syst\u00e9m dvou pru\u017ein pro konzistentn\u00ed nasazen\u00ed lopatek se sn\u00ed\u017een\u00fdm vnit\u0159n\u00edm opot\u0159eben\u00edm. Kompaktn\u00ed mechanismus poskytuje v\u00fdkonnou a spolehlivou akci tis\u00edckr\u00e1t.<\/p>\n<h3>Samo\u010dist\u00edc\u00ed syst\u00e9m Crud Kutter<\/h3>\n<p>Integrovan\u00fd syst\u00e9m odv\u00e1d\u011bn\u00ed ne\u010distot udr\u017euje dr\u00e1hu \u010depele bez ne\u010distot a \u017emolk\u016f a zaji\u0161\u0165uje spolehliv\u00e9 nasazen\u00ed, kdy\u017e to nejv\u00edce pot\u0159ebujete.<\/p>\n<h3>Pr\u00e9miov\u00e9 komponenty<\/h3>\n<ul>\n<li>Bohler M390MK tanto \u010depel<\/li>\n<li>Leteck\u00e1 hlin\u00edkov\u00e1 rukoje\u0165 6061-T6<\/li>\n<li>Syst\u00e9m nasazen\u00ed dvoupalivov\u00e9ho pohonu<\/li>\n<li>Samo\u010distic\u00ed mechanismus sp\u00edna\u010de Crud Kutter<\/li>\n<li>Fr\u00e9zovan\u00fd titanov\u00fd kapesn\u00ed klip s keramick\u00fdmi kuli\u010dkami<\/li>\n<li>Rozb\u00edje\u010d skla<\/li>\n<li>Cel\u00fd hardware Torx<\/li>\n<\/ul>\n<h3>Specifikace<\/h3>\n<table class=\"shop_attributes\">\n<tbody>\n<tr>\n<td><strong>Typ<\/strong><\/td>\n<td>Out-The-Front automaticky<\/td>\n<\/tr>\n<tr>\n<td><strong>D\u00e9lka \u010depele<\/strong><\/td>\n<td>3,10&#8243;<\/td>\n<\/tr>\n<tr>\n<td><strong>Celkov\u00e1 d\u00e9lka<\/strong><\/td>\n<td>7,65&#8243;<\/td>\n<\/tr>\n<tr>\n<td><strong>Blade Steel<\/strong><\/td>\n<td>Bohler M390MK<\/td>\n<\/tr>\n<tr>\n<td><strong>Materi\u00e1l rukojeti<\/strong><\/td>\n<td>Hlin\u00edk 6061-T6<\/td>\n<\/tr>\n<tr>\n<td><strong>Hmotnost<\/strong><\/td>\n<td>3,10 oz<\/td>\n<\/tr>\n<tr>\n<td><strong>Klip do kapsy<\/strong><\/td>\n<td>Fr\u00e9zovan\u00fd titan s keramickou aretac\u00ed<\/td>\n<\/tr>\n<tr>\n<td><strong>Hardware<\/strong><\/td>\n<td>\u0160rouby Torx<\/td>\n<\/tr>\n<tr>\n<td><strong>Rozb\u00edje\u010d skla<\/strong><\/td>\n<td>Ano<\/td>\n<\/tr>\n<tr>\n<td><strong>Zem\u011b p\u016fvodu<\/strong><\/td>\n<td>USA<\/td>\n<\/tr>\n<tr>\n<td><strong>Barva rukojeti<\/strong><\/td>\n<td>\u010cern\u00e1<\/td>\n<\/tr>\n<tr>\n<td><strong>Dokon\u010den\u00ed \u010depele<\/strong><\/td>\n<td>Stoneash<\/td>\n<\/tr>\n<tr>\n<td><strong>Typ okraje<\/strong><\/td>\n<td>Prost\u00fd<\/td>\n<\/tr>\n<\/tbody>\n<\/table>\n","protected":false},"excerpt":{"rendered":"<p>Kompaktn\u00ed automatick\u00fd n\u016f\u017e UTX-85 Gen IV OTF v \u010dern\u00e9 barv\u011b s povrchovou \u00fapravou Stonewash M390MK tanto. Velikost 85% Ultratech s pohonem na dv\u011b paliva. 3,10\u2033 \u010depel, celkov\u00e1 7,65\u2033, 3,1 oz.<\/p>\n","protected":false},"featured_media":730924,"template":"","meta":{"_acf_changed":false},"product_brand":[15520],"product_cat":[15362,15988],"product_tag":[],"class_list":{"0":"post-732119","1":"product","2":"type-product","3":"status-publish","4":"has-post-thumbnail","6":"product_brand-microtech","7":"product_cat-knives-cs","8":"product_cat-otf-knives-cs","10":"first","11":"outofstock","12":"taxable","13":"shipping-taxable","14":"purchasable","15":"product-type-simple"},"acf":[],"_links":{"self":[{"href":"https:\/\/nbg.eu\/cs\/wp-json\/wp\/v2\/product\/732119","targetHints":{"allow":["GET"]}}],"collection":[{"href":"https:\/\/nbg.eu\/cs\/wp-json\/wp\/v2\/product"}],"about":[{"href":"https:\/\/nbg.eu\/cs\/wp-json\/wp\/v2\/types\/product"}],"wp:featuredmedia":[{"embeddable":true,"href":"https:\/\/nbg.eu\/cs\/wp-json\/wp\/v2\/media\/730924"}],"wp:attachment":[{"href":"https:\/\/nbg.eu\/cs\/wp-json\/wp\/v2\/media?parent=732119"}],"wp:term":[{"taxonomy":"product_brand","embeddable":true,"href":"https:\/\/nbg.eu\/cs\/wp-json\/wp\/v2\/product_brand?post=732119"},{"taxonomy":"product_cat","embeddable":true,"href":"https:\/\/nbg.eu\/cs\/wp-json\/wp\/v2\/product_cat?post=732119"},{"taxonomy":"product_tag","embeddable":true,"href":"https:\/\/nbg.eu\/cs\/wp-json\/wp\/v2\/product_tag?post=732119"}],"curies":[{"name":"wp","href":"https:\/\/api.w.org\/{rel}","templated":true}]}}