{"id":732123,"date":"2026-03-13T17:31:58","date_gmt":"2026-03-13T14:31:58","guid":{"rendered":"https:\/\/nbg.eu\/product\/microtech-l-u-d-t-t-e-gen-iii-black-standard-blue-2\/"},"modified":"2026-03-16T12:22:52","modified_gmt":"2026-03-16T09:22:52","slug":"microtech-l-u-d-t-t-e-gen-iii-black-standard-blue-2","status":"publish","type":"product","link":"https:\/\/nbg.eu\/cs\/produkt\/microtech-l-u-d-t-t-e-gen-iii-black-standard-blue-2\/","title":{"rendered":"Microtech L.U.D.T. T\/E Gen III \u010cern\u00e1 Standardn\u00ed modr\u00e1"},"content":{"rendered":"<h2>P\u0159ehled<\/h2>\n<p>Microtech L.U.D.T. Gen III je v\u00fdkonn\u00e1 automatick\u00e1 slo\u017eka, kter\u00e1 evokuje klasick\u00fd styl UDT s revolu\u010dn\u00edmi aktualizacemi formy a funkce. Tato modr\u00e1 varianta m\u00e1 \u010dernou \u010depel tanto pota\u017eenou DLC se standardn\u00edm hladk\u00fdm ost\u0159\u00edm, vykovanou z oceli Bohler M390MK. Iterace Gen III p\u0159in\u00e1\u0161\u00ed zadn\u00ed vlo\u017eky rukojeti s 3M trak\u010dn\u00ed p\u00e1skou pro optim\u00e1ln\u00ed p\u0159ilnavost, jezd\u00ed na 24 lo\u017eisk\u00e1ch z karbidu k\u0159em\u00edku pro nejhlad\u0161\u00ed chod ve sv\u00e9 t\u0159\u00edd\u011b a pou\u017e\u00edv\u00e1 b\u011b\u017en\u00e9 \u0161rouby Torx pro snadnou \u00fadr\u017ebu v ter\u00e9nu.<\/p>\n<h3>24 lo\u017eisek z karbidu k\u0159em\u00edku<\/h3>\n<p>Ak\u010dn\u00ed syst\u00e9m LUDT Gen III vyu\u017e\u00edv\u00e1 24 p\u0159esn\u00fdch lo\u017eisek z karbidu k\u0159em\u00edku, kter\u00e9 poskytuj\u00ed nejhlad\u0161\u00ed a nejpropracovan\u011bj\u0161\u00ed automatick\u00e9 skl\u00e1d\u00e1n\u00ed, jak\u00e9 kdy spole\u010dnost Microtech vyrobila. Lo\u017eiskov\u00fd syst\u00e9m prakticky eliminuje t\u0159en\u00ed pro bleskov\u011b rychl\u00e9 nasazen\u00ed.<\/p>\n<h3>3M trak\u010dn\u00ed p\u00e1skov\u00e9 vlo\u017eky<\/h3>\n<p>N\u00e1vrat vlo\u017eek rukojeti do Gen III pou\u017e\u00edv\u00e1 pr\u016fmyslovou trak\u010dn\u00ed p\u00e1sku 3M, kter\u00e1 poskytuje v\u00fdjime\u010dnou p\u0159ilnavost ve mokru, oleji nebo v rukavic\u00edch, ani\u017e by zv\u011bt\u0161ila objem na profilu rukojeti.<\/p>\n<h3>Vod\u011bodoln\u00e1 konstrukce<\/h3>\n<p>LUDT Gen III, navr\u017een\u00fd pro drsn\u00e1 prost\u0159ed\u00ed, m\u00e1 konstrukci odolnou proti pov\u011btrnostn\u00edm vliv\u016fm, kter\u00e1 odol\u00e1v\u00e1 pronik\u00e1n\u00ed vlhkosti, tak\u017ee je spolehliv\u00fd v de\u0161ti, sn\u011bhu a mo\u0159sk\u00e9m prost\u0159ed\u00ed.<\/p>\n<h3>Pr\u00e9miov\u00e9 komponenty<\/h3>\n<ul>\n<li>Bohler M390MK tanto \u010depel<\/li>\n<li>Hlin\u00edkov\u00e1 rukoje\u0165 6061-T6 s vlo\u017ekami 3M Traction Tape<\/li>\n<li>24 lo\u017eiskov\u00fd syst\u00e9m z karbidu k\u0159em\u00edku<\/li>\n<li>Sklopn\u00e1 kapesn\u00ed spona<\/li>\n<li>B\u011b\u017en\u00fd hardware Torx pro snadnou \u00fadr\u017ebu<\/li>\n<li>Vod\u011b odoln\u00e1 konstrukce<\/li>\n<\/ul>\n<h3>Specifikace<\/h3>\n<table class=\"shop_attributes\">\n<tbody>\n<tr>\n<td><strong>Typ<\/strong><\/td>\n<td>Automatick\u00e1 slo\u017eka<\/td>\n<\/tr>\n<tr>\n<td><strong>D\u00e9lka \u010depele<\/strong><\/td>\n<td>3,50&#8243;<\/td>\n<\/tr>\n<tr>\n<td><strong>Celkov\u00e1 d\u00e9lka<\/strong><\/td>\n<td>8,00&#8243;<\/td>\n<\/tr>\n<tr>\n<td><strong>D\u00e9lka rukojeti<\/strong><\/td>\n<td>4,50&#8243;<\/td>\n<\/tr>\n<tr>\n<td><strong>Blade Steel<\/strong><\/td>\n<td>Bohler M390MK<\/td>\n<\/tr>\n<tr>\n<td><strong>Materi\u00e1l rukojeti<\/strong><\/td>\n<td>Hlin\u00edk 6061-T6 s 3M trak\u010dn\u00ed p\u00e1skou<\/td>\n<\/tr>\n<tr>\n<td><strong>Hmotnost<\/strong><\/td>\n<td>3,60 oz<\/td>\n<\/tr>\n<tr>\n<td><strong>Klip do kapsy<\/strong><\/td>\n<td>P\u0159en\u00e1\u0161en\u00ed se sklopen\u00edm<\/td>\n<\/tr>\n<tr>\n<td><strong>Lo\u017eiska<\/strong><\/td>\n<td>24 karbid k\u0159em\u00edku<\/td>\n<\/tr>\n<tr>\n<td><strong>Zem\u011b p\u016fvodu<\/strong><\/td>\n<td>USA<\/td>\n<\/tr>\n<tr>\n<td><strong>Barva rukojeti<\/strong><\/td>\n<td>Modr\u00e1<\/td>\n<\/tr>\n<tr>\n<td><strong>Dokon\u010den\u00ed \u010depele<\/strong><\/td>\n<td>\u010cern\u00e9 DLC<\/td>\n<\/tr>\n<tr>\n<td><strong>Typ okraje<\/strong><\/td>\n<td>Prost\u00fd<\/td>\n<\/tr>\n<\/tbody>\n<\/table>\n","protected":false},"excerpt":{"rendered":"<p>L.U.D.T. Automatick\u00e1 skl\u00e1da\u010dka Gen III v modr\u00e9 barv\u011b s \u010dernou DLC standardn\u00ed M390MK tanto \u010depel\u00ed. Obsahuje 24 lo\u017eisek z karbidu k\u0159em\u00edku a vlo\u017eky 3M Traction Tape. 3,50\u2033 \u010depel, celkov\u00e1 8,00\u2033.<\/p>\n","protected":false},"featured_media":730940,"template":"","meta":{"_acf_changed":false},"product_brand":[15520],"product_cat":[15380,15362],"product_tag":[],"class_list":{"0":"post-732123","1":"product","2":"type-product","3":"status-publish","4":"has-post-thumbnail","6":"product_brand-microtech","7":"product_cat-folding-knives-sk","8":"product_cat-knives-cs","10":"first","11":"instock","12":"taxable","13":"shipping-taxable","14":"purchasable","15":"product-type-simple"},"acf":[],"_links":{"self":[{"href":"https:\/\/nbg.eu\/cs\/wp-json\/wp\/v2\/product\/732123","targetHints":{"allow":["GET"]}}],"collection":[{"href":"https:\/\/nbg.eu\/cs\/wp-json\/wp\/v2\/product"}],"about":[{"href":"https:\/\/nbg.eu\/cs\/wp-json\/wp\/v2\/types\/product"}],"wp:featuredmedia":[{"embeddable":true,"href":"https:\/\/nbg.eu\/cs\/wp-json\/wp\/v2\/media\/730940"}],"wp:attachment":[{"href":"https:\/\/nbg.eu\/cs\/wp-json\/wp\/v2\/media?parent=732123"}],"wp:term":[{"taxonomy":"product_brand","embeddable":true,"href":"https:\/\/nbg.eu\/cs\/wp-json\/wp\/v2\/product_brand?post=732123"},{"taxonomy":"product_cat","embeddable":true,"href":"https:\/\/nbg.eu\/cs\/wp-json\/wp\/v2\/product_cat?post=732123"},{"taxonomy":"product_tag","embeddable":true,"href":"https:\/\/nbg.eu\/cs\/wp-json\/wp\/v2\/product_tag?post=732123"}],"curies":[{"name":"wp","href":"https:\/\/api.w.org\/{rel}","templated":true}]}}