{"id":732126,"date":"2026-03-13T17:32:15","date_gmt":"2026-03-13T14:32:15","guid":{"rendered":"https:\/\/nbg.eu\/product\/microtech-scarab-ii-gen-iii-t-e-apocalyptic-standard-blue-2\/"},"modified":"2026-03-30T15:39:31","modified_gmt":"2026-03-30T12:39:31","slug":"microtech-scarab-ii-gen-iii-t-e-apocalyptic-standard-blue-2","status":"publish","type":"product","link":"https:\/\/nbg.eu\/cs\/produkt\/microtech-scarab-ii-gen-iii-t-e-apocalyptic-standard-blue-2\/","title":{"rendered":"Microtech Scarab II Gen III T\/E Apocalyptic Standard Blue"},"content":{"rendered":"<h2>P\u0159ehled<\/h2>\n<p>Microtech Scarab II Gen III je nejv\u011bt\u0161\u00ed dvou\u010dinn\u00fd OTF n\u016f\u017e v aktu\u00e1ln\u00ed \u0159ad\u011b Microtech, s nej\u0161ir\u0161\u00ed dostupnou \u010depel\u00ed a impozantn\u00ed celkovou d\u00e9lkou 9,70&#8243;. Tato modr\u00e1 varianta je vybavena \u010depel\u00ed tanto s apokalyptick\u00fdm povrchem z oceli Bohler M390MK. Revolu\u010dn\u00ed dvoupalivov\u00e9 pohonn\u00e9 \u00fastroj\u00ed poh\u00e1n\u00ed \u010depel spolehliv\u011b a rovnom\u011brn\u011b zasunutou texturou pro zaji\u0161t\u011bn\u00ed dostate\u010dn\u00e9 s\u00edly, aby byla zaji\u0161t\u011bna bezpe\u010dn\u00fd a pohodln\u00fd \u00fachop pro del\u0161\u00ed pou\u017eit\u00ed.<\/p>\n<h3>Nejv\u011bt\u0161\u00ed dvouak\u010dn\u00ed OTF<\/h3>\n<p>Skarab II v\u00e1\u017e\u00edc\u00ed p\u0159ibli\u017en\u011b 5,9 unce s t\u00e9m\u011b\u0159 4palcovou \u010depel\u00ed je autorita. Jeho \u0161irok\u00fd profil \u010depele tanto poskytuje v\u00fdjime\u010dn\u00fd \u0159ezn\u00fd v\u00fdkon a pevnost hrotu pro n\u00e1ro\u010dn\u00e9 \u00fakoly.<\/p>\n<h3>Dvoupalivov\u00fd pohon<\/h3>\n<p>Dvojpru\u017einov\u00fd design generuje dostate\u010dnou s\u00edlu pro spolehliv\u00e9 nasazen\u00ed \u010depele i pono\u0159en\u00e9 do vody, d\u00edky \u010demu\u017e je Scarab II jedn\u00edm z nejspolehliv\u011bj\u0161\u00edch no\u017e\u016f OTF, jak\u00e9 byly kdy vyrobeny.<\/p>\n<h3>Design zadn\u00edch port\u016f<\/h3>\n<p>Promy\u0161len\u011b navr\u017een\u00fd zadn\u00ed otvor umo\u017e\u0148uje snadn\u00e9 otev\u0159en\u00ed no\u017ee i za obt\u00ed\u017en\u00fdch podm\u00ednek, s reli\u00e9fn\u00edmi \u0159ezy na \u010depeli a na zadn\u00edm konci pro pr\u016fchoz\u00ed design.<\/p>\n<h3>Pr\u00e9miov\u00e9 komponenty<\/h3>\n<ul>\n<li>\u0160irok\u00e1 \u010depel tanto Bohler M390MK<\/li>\n<li>Hlin\u00edkov\u00e1 tvarovan\u00e1 rukoje\u0165 6061-T6<\/li>\n<li>Dvoupalivov\u00e9 hnac\u00ed \u00fastroj\u00ed s mo\u017enost\u00ed nasazen\u00ed pod vodou<\/li>\n<li>Texturovan\u00e9 vlo\u017eky rukojeti pro lep\u0161\u00ed trakci<\/li>\n<li>Zadn\u00ed port pro spolehliv\u00fd provoz<\/li>\n<li>Pr\u016ftokov\u00fd design s reli\u00e9fn\u00edmi \u0159ezy<\/li>\n<\/ul>\n<h3>Specifikace<\/h3>\n<table class=\"shop_attributes\">\n<tbody>\n<tr>\n<td><strong>Typ<\/strong><\/td>\n<td>Out-The-Front automaticky<\/td>\n<\/tr>\n<tr>\n<td><strong>D\u00e9lka \u010depele<\/strong><\/td>\n<td>3,95&#8243;<\/td>\n<\/tr>\n<tr>\n<td><strong>Celkov\u00e1 d\u00e9lka<\/strong><\/td>\n<td>9,70&#8243;<\/td>\n<\/tr>\n<tr>\n<td><strong>Blade Steel<\/strong><\/td>\n<td>Bohler M390MK<\/td>\n<\/tr>\n<tr>\n<td><strong>Materi\u00e1l rukojeti<\/strong><\/td>\n<td>Hlin\u00edk 6061-T6 (modr\u00fd)<\/td>\n<\/tr>\n<tr>\n<td><strong>Hmotnost<\/strong><\/td>\n<td>~5,9 oz<\/td>\n<\/tr>\n<tr>\n<td><strong>Styl \u010depele<\/strong><\/td>\n<td>Tanto (T\/E)<\/td>\n<\/tr>\n<tr>\n<td><strong>Dokon\u010den\u00ed \u010depele<\/strong><\/td>\n<td>Apokalyptick\u00e9<\/td>\n<\/tr>\n<tr>\n<td><strong>Typ okraje<\/strong><\/td>\n<td>Prost\u00fd<\/td>\n<\/tr>\n<tr>\n<td><strong>Zem\u011b p\u016fvodu<\/strong><\/td>\n<td>USA<\/td>\n<\/tr>\n<\/tbody>\n<\/table>\n","protected":false},"excerpt":{"rendered":"<p>Scarab II Gen III, nejv\u011bt\u0161\u00ed dvoj\u010dinn\u00fd OTF od Microtech, v modr\u00e9 barv\u011b s apokalyptickou povrchovou \u00fapravou M390MK tanto \u010depel\u00ed. Dvoupalivov\u00e9 hnac\u00ed \u00fastroj\u00ed se nasazuje i pod vodou. 3,95\u2033 \u010depel, celkov\u00e1 9,70\u2033, ~5,9 oz.<\/p>\n","protected":false},"featured_media":730950,"template":"","meta":{"_acf_changed":false},"product_brand":[15520],"product_cat":[15362,15988],"product_tag":[],"class_list":{"0":"post-732126","1":"product","2":"type-product","3":"status-publish","4":"has-post-thumbnail","6":"product_brand-microtech","7":"product_cat-knives-cs","8":"product_cat-otf-knives-cs","10":"first","11":"instock","12":"taxable","13":"shipping-taxable","14":"purchasable","15":"product-type-simple"},"acf":[],"_links":{"self":[{"href":"https:\/\/nbg.eu\/cs\/wp-json\/wp\/v2\/product\/732126","targetHints":{"allow":["GET"]}}],"collection":[{"href":"https:\/\/nbg.eu\/cs\/wp-json\/wp\/v2\/product"}],"about":[{"href":"https:\/\/nbg.eu\/cs\/wp-json\/wp\/v2\/types\/product"}],"wp:featuredmedia":[{"embeddable":true,"href":"https:\/\/nbg.eu\/cs\/wp-json\/wp\/v2\/media\/730950"}],"wp:attachment":[{"href":"https:\/\/nbg.eu\/cs\/wp-json\/wp\/v2\/media?parent=732126"}],"wp:term":[{"taxonomy":"product_brand","embeddable":true,"href":"https:\/\/nbg.eu\/cs\/wp-json\/wp\/v2\/product_brand?post=732126"},{"taxonomy":"product_cat","embeddable":true,"href":"https:\/\/nbg.eu\/cs\/wp-json\/wp\/v2\/product_cat?post=732126"},{"taxonomy":"product_tag","embeddable":true,"href":"https:\/\/nbg.eu\/cs\/wp-json\/wp\/v2\/product_tag?post=732126"}],"curies":[{"name":"wp","href":"https:\/\/api.w.org\/{rel}","templated":true}]}}