{"id":732129,"date":"2026-03-13T17:32:35","date_gmt":"2026-03-13T14:32:35","guid":{"rendered":"https:\/\/nbg.eu\/product\/microtech-socom-elite-s-e-manual-tactical-standard-black-2\/"},"modified":"2026-03-16T12:23:34","modified_gmt":"2026-03-16T09:23:34","slug":"microtech-socom-elite-s-e-manual-tactical-standard-black-2","status":"publish","type":"product","link":"https:\/\/nbg.eu\/cs\/produkt\/microtech-socom-elite-s-e-manual-tactical-standard-black-2\/","title":{"rendered":"Microtech Socom Elite S\/E Manual Tactical Standard Black"},"content":{"rendered":"<h2>P\u0159ehled<\/h2>\n<p>Microtech Socom Elite z\u016fstal jedn\u00edm z nejobl\u00edben\u011bj\u0161\u00edch taktick\u00fdch zav\u00edrac\u00edch no\u017e\u016f od sv\u00e9ho zalo\u017een\u00ed v roce 1996 a tato manu\u00e1ln\u00ed taktick\u00e1 varianta v tomto d\u011bdictv\u00ed pokra\u010duje. Ergonomick\u00e1 rukoje\u0165 Socom Elite s dvoubarevnou \u010dernou taktickou \u010depel\u00ed M390 se standardn\u00edm hladk\u00fdm ost\u0159\u00edm se p\u0159irozen\u011b p\u0159izp\u016fsob\u00ed ruce, zat\u00edmco integrovan\u00fd rozb\u00edje\u010d skla a velk\u00fd kol\u00edk na palec poskytuj\u00ed praktick\u00e9 vyu\u017eit\u00ed a snadn\u00e9 ovl\u00e1d\u00e1n\u00ed jednou rukou, dokonce i v rukavic\u00edch.<\/p>\n<h3>Osv\u011bd\u010den\u00fd taktick\u00fd design<\/h3>\n<p>Od roku 1996 byl Socom Elite zdokonalov\u00e1n desetilet\u00edmi zp\u011btn\u00e9 vazby z re\u00e1ln\u00e9ho sv\u011bta od vojensk\u00fdch, policejn\u00edch a civiln\u00edch u\u017eivatel\u016f. Geometrie rukojeti poskytuje p\u0159irozen\u00fd a bezpe\u010dn\u00fd \u00fachop, kter\u00fd sni\u017euje \u00fanavu p\u0159i dlouhodob\u00e9m pou\u017e\u00edv\u00e1n\u00ed.<\/p>\n<h3>Integrovan\u00fd rozb\u00edje\u010d skla<\/h3>\n<p>Rozb\u00edje\u010d tvrzen\u00e9ho skla zabudovan\u00fd do z\u00e1kladny rukojeti poskytuje mo\u017enost nouzov\u00e9ho \u00faniku, d\u00edky \u010demu\u017e je Socom Elite v\u0161estrann\u00fdm n\u00e1strojem nad r\u00e1mec \u0159ezac\u00edch \u00fakol\u016f.<\/p>\n<h3>Ovl\u00e1d\u00e1n\u00ed v rukavic\u00edch<\/h3>\n<p>Velmi velk\u00fd kol\u00edk na palec a texturovan\u00e9 vlo\u017eky rukojeti na stupnici hlin\u00edkov\u00e9 rukojeti zaji\u0161\u0165uj\u00ed pozitivn\u00ed kontrolu a snadn\u00e9 nasazen\u00ed i v taktick\u00fdch rukavic\u00edch nebo ve mokru.<\/p>\n<h3>Pr\u00e9miov\u00e9 komponenty<\/h3>\n<ul>\n<li>\u010cepel Bohler M390<\/li>\n<li>Hlin\u00edkov\u00e1 rukoje\u0165 6061-T6 s \u00fachopov\u00fdmi vlo\u017ekami<\/li>\n<li>Integrovan\u00fd rozb\u00edje\u010d skla<\/li>\n<li>Velk\u00fd kol\u00edk na palec pro ovl\u00e1d\u00e1n\u00ed v rukavic\u00edch<\/li>\n<li>Kapesn\u00ed spona<\/li>\n<\/ul>\n<h3>Specifikace<\/h3>\n<table class=\"shop_attributes\">\n<tbody>\n<tr>\n<td><strong>Typ<\/strong><\/td>\n<td>Manu\u00e1ln\u00ed slo\u017eka<\/td>\n<\/tr>\n<tr>\n<td><strong>D\u00e9lka \u010depele<\/strong><\/td>\n<td>4,00&#8243;<\/td>\n<\/tr>\n<tr>\n<td><strong>Celkov\u00e1 d\u00e9lka<\/strong><\/td>\n<td>9,125&#8243;<\/td>\n<\/tr>\n<tr>\n<td><strong>D\u00e9lka rukojeti<\/strong><\/td>\n<td>5,125&#8243;<\/td>\n<\/tr>\n<tr>\n<td><strong>Blade Steel<\/strong><\/td>\n<td>Bohler M390<\/td>\n<\/tr>\n<tr>\n<td><strong>Materi\u00e1l rukojeti<\/strong><\/td>\n<td>Hlin\u00edk 6061-T6 (\u010dern\u00fd)<\/td>\n<\/tr>\n<tr>\n<td><strong>Hmotnost<\/strong><\/td>\n<td>4,60 oz<\/td>\n<\/tr>\n<tr>\n<td><strong>Styl \u010depele<\/strong><\/td>\n<td>Bod poklesu (S\/E)<\/td>\n<\/tr>\n<tr>\n<td><strong>Dokon\u010den\u00ed \u010depele<\/strong><\/td>\n<td>\u010cern\u00e1 taktick\u00e1 (dvoubarevn\u00e1)<\/td>\n<\/tr>\n<tr>\n<td><strong>Typ okraje<\/strong><\/td>\n<td>Prost\u00fd<\/td>\n<\/tr>\n<tr>\n<td><strong>Zamknout<\/strong><\/td>\n<td>Liner Lock<\/td>\n<\/tr>\n<tr>\n<td><strong>Rozb\u00edje\u010d skla<\/strong><\/td>\n<td>Integrov\u00e1no<\/td>\n<\/tr>\n<tr>\n<td><strong>Zem\u011b p\u016fvodu<\/strong><\/td>\n<td>USA<\/td>\n<\/tr>\n<\/tbody>\n<\/table>\n","protected":false},"excerpt":{"rendered":"<p>Manu\u00e1ln\u00ed slo\u017eka Socom Elite s dvoubarevnou \u010dernou taktickou jednob\u0159itou \u010depel\u00ed M390. Ikonick\u00fd design od roku 1996 se z\u00e1mkem vlo\u017eky, rozbit\u00edm skla a velk\u00fdm kol\u00edkem na palec. 4,00\u2033 \u010depel, celkov\u00e1 9,125\u2033, 4,6 oz.<\/p>\n","protected":false},"featured_media":730960,"template":"","meta":{"_acf_changed":false},"product_brand":[15520],"product_cat":[15380,15362],"product_tag":[],"class_list":{"0":"post-732129","1":"product","2":"type-product","3":"status-publish","4":"has-post-thumbnail","6":"product_brand-microtech","7":"product_cat-folding-knives-sk","8":"product_cat-knives-cs","10":"first","11":"instock","12":"taxable","13":"shipping-taxable","14":"purchasable","15":"product-type-simple"},"acf":[],"_links":{"self":[{"href":"https:\/\/nbg.eu\/cs\/wp-json\/wp\/v2\/product\/732129","targetHints":{"allow":["GET"]}}],"collection":[{"href":"https:\/\/nbg.eu\/cs\/wp-json\/wp\/v2\/product"}],"about":[{"href":"https:\/\/nbg.eu\/cs\/wp-json\/wp\/v2\/types\/product"}],"wp:featuredmedia":[{"embeddable":true,"href":"https:\/\/nbg.eu\/cs\/wp-json\/wp\/v2\/media\/730960"}],"wp:attachment":[{"href":"https:\/\/nbg.eu\/cs\/wp-json\/wp\/v2\/media?parent=732129"}],"wp:term":[{"taxonomy":"product_brand","embeddable":true,"href":"https:\/\/nbg.eu\/cs\/wp-json\/wp\/v2\/product_brand?post=732129"},{"taxonomy":"product_cat","embeddable":true,"href":"https:\/\/nbg.eu\/cs\/wp-json\/wp\/v2\/product_cat?post=732129"},{"taxonomy":"product_tag","embeddable":true,"href":"https:\/\/nbg.eu\/cs\/wp-json\/wp\/v2\/product_tag?post=732129"}],"curies":[{"name":"wp","href":"https:\/\/api.w.org\/{rel}","templated":true}]}}