{"id":732132,"date":"2026-03-13T17:33:03","date_gmt":"2026-03-13T14:33:03","guid":{"rendered":"https:\/\/nbg.eu\/product\/microtech-amphibian-ram-lok-s-e-fluted-partial-serrated-tan-2\/"},"modified":"2026-03-16T12:23:55","modified_gmt":"2026-03-16T09:23:55","slug":"microtech-amphibian-ram-lok-s-e-fluted-partial-serrated-tan-2","status":"publish","type":"product","link":"https:\/\/nbg.eu\/cs\/produkt\/microtech-amphibian-ram-lok-s-e-fluted-partial-serrated-tan-2\/","title":{"rendered":"Microtech Amphibian RAM-LOK S\/E \u017el\u00e1bkovan\u00fd \u010c\u00e1ste\u010dn\u011b vroubkovan\u00fd Tan"},"content":{"rendered":"<h2>P\u0159ehled<\/h2>\n<p>Microtech Amphibian RAM-LOK p\u0159in\u00e1\u0161\u00ed zp\u011bt klasick\u00fd profil \u010depele Amphibian \u2013 kdysi oslavovan\u00fd jako nejlep\u0161\u00ed EDC n\u016f\u017e, jak\u00fd kdy Microtech vyrobil \u2013 s modern\u00edm mechanismem z\u00e1mku RAM-LOK. Tato varianta Tan m\u00e1 \u010dernou, \u010d\u00e1ste\u010dn\u011b zoubkovanou \u010depel s jedn\u00edm ost\u0159\u00edm pota\u017eenou DLC z oceli Bohler M390MK, zasazenou do kr\u00e1sn\u011b vroubkovan\u00e9 hlin\u00edkov\u00e9 rukojeti. Syst\u00e9m RAM-LOK poskytuje z\u00e1mek ve stylu p\u0159\u00ed\u010dky pomoc\u00ed masivn\u00edho ocelov\u00e9ho bloku poh\u00e1n\u011bn\u00e9ho jedinou vinutou pru\u017einou, kter\u00fd poskytuje sk\u00e1lopevn\u00e9 uzav\u0159en\u00ed s oboustrann\u00fdm zav\u00edr\u00e1n\u00edm bezpe\u010dn\u00fdm pro prsty.<\/p>\n<h3>RAM-LOK Bar Lock System<\/h3>\n<p>RAM-LOK pou\u017e\u00edv\u00e1 pevnou ocelovou p\u0159\u00ed\u010dku poh\u00e1n\u011bnou jedinou vinutou pru\u017einou, kter\u00e1 poskytuje jeden z nejsiln\u011bj\u0161\u00edch a nejspolehliv\u011bj\u0161\u00edch dostupn\u00fdch uzamykac\u00edch mechanism\u016f. Konstrukce umo\u017e\u0148uje bezpe\u010dn\u00e9 zav\u00edr\u00e1n\u00ed prst\u016f z obou stran rukojeti pro oboustrann\u00e9 ovl\u00e1d\u00e1n\u00ed.<\/p>\n<h3>Klasick\u00fd profil oboj\u017eiveln\u00edk\u016f<\/h3>\n<p>V\u00fdrazn\u00e1 geometrie \u010depele Amphibianu se stala ikonou Microtech, navr\u017een\u00e1 pro v\u0161estrann\u00fd \u0159ezn\u00fd v\u00fdkon, kter\u00fd vynik\u00e1 jak v p\u0159esn\u00fdch \u00fakolech, tak v n\u00e1ro\u010dn\u011bj\u0161\u00edch aplikac\u00edch.<\/p>\n<h3>Vroubkovan\u00e1 hlin\u00edkov\u00e1 konstrukce<\/h3>\n<p>P\u0159esn\u011b vroubkovan\u00e1 hlin\u00edkov\u00e1 rukoje\u0165 6061-T6 sni\u017euje hmotnost a z\u00e1rove\u0148 vytv\u00e1\u0159\u00ed vizu\u00e1ln\u011b v\u00fdrazn\u00fd vzor a poskytuje dal\u0161\u00ed texturu \u00fachopu. Anodizace Tan dod\u00e1v\u00e1 h\u0159ejivou, taktickou estetiku.<\/p>\n<h3>Pr\u00e9miov\u00e9 komponenty<\/h3>\n<ul>\n<li>Jednob\u0159it\u00e1 \u010depel Bohler M390MK s povlakem DLC<\/li>\n<li>Vroubkovan\u00e1 hlin\u00edkov\u00e1 rukoje\u0165 6061-T6 (Tan)<\/li>\n<li>Zamykac\u00ed mechanismus p\u0159\u00ed\u010dky RAM-LOK<\/li>\n<li>Oboustrann\u00fd titanov\u00fd kapesn\u00ed klip<\/li>\n<li>Konfigurace p\u0159en\u00e1\u0161en\u00ed se sklopn\u00fdm n\u00e1stavcem<\/li>\n<\/ul>\n<h3>Specifikace<\/h3>\n<table class=\"shop_attributes\">\n<tbody>\n<tr>\n<td><strong>Typ<\/strong><\/td>\n<td>Manu\u00e1ln\u00ed slo\u017eka<\/td>\n<\/tr>\n<tr>\n<td><strong>D\u00e9lka \u010depele<\/strong><\/td>\n<td>3,90&#8243;<\/td>\n<\/tr>\n<tr>\n<td><strong>Celkov\u00e1 d\u00e9lka<\/strong><\/td>\n<td>9,25&#8243;<\/td>\n<\/tr>\n<tr>\n<td><strong>Uzav\u0159en\u00e1 d\u00e9lka<\/strong><\/td>\n<td>5,38&#8243;<\/td>\n<\/tr>\n<tr>\n<td><strong>Blade Steel<\/strong><\/td>\n<td>Bohler M390MK<\/td>\n<\/tr>\n<tr>\n<td><strong>Materi\u00e1l rukojeti<\/strong><\/td>\n<td>Hlin\u00edk 6061-T6, r\u00fdhovan\u00fd (Tan)<\/td>\n<\/tr>\n<tr>\n<td><strong>Hmotnost<\/strong><\/td>\n<td>5,90 oz<\/td>\n<\/tr>\n<tr>\n<td><strong>Zamknout<\/strong><\/td>\n<td>Bar Lock RAM-LOK<\/td>\n<\/tr>\n<tr>\n<td><strong>Styl \u010depele<\/strong><\/td>\n<td>Single Edge (S\/E)<\/td>\n<\/tr>\n<tr>\n<td><strong>Dokon\u010den\u00ed \u010depele<\/strong><\/td>\n<td>\u010cern\u00e9 DLC<\/td>\n<\/tr>\n<tr>\n<td><strong>Typ okraje<\/strong><\/td>\n<td>\u010c\u00e1ste\u010dn\u011b zoubkovan\u00e9<\/td>\n<\/tr>\n<tr>\n<td><strong>Klip do kapsy<\/strong><\/td>\n<td>Oboustrann\u00fd titan, skl\u00e1p\u011bc\u00ed<\/td>\n<\/tr>\n<tr>\n<td><strong>Zem\u011b p\u016fvodu<\/strong><\/td>\n<td>USA<\/td>\n<\/tr>\n<\/tbody>\n<\/table>\n","protected":false},"excerpt":{"rendered":"<p>Manu\u00e1ln\u00ed slo\u017eka Amphibian RAM-LOK v hn\u011bd\u00e9 barv\u011b s \u010dern\u00fdm DLC \u010d\u00e1ste\u010dn\u011b zoubkovan\u00fdm jednob\u0159it\u00fdm ost\u0159\u00edm M390MK. Dr\u00e1\u017ekovan\u00e1 hlin\u00edkov\u00e1 rukoje\u0165 s ty\u010dov\u00fdm z\u00e1mkem RAM-LOK. 3,90\u2033 \u010depel, celkov\u00e1 9,25\u2033, 5,9 oz.<\/p>\n","protected":false},"featured_media":730972,"template":"","meta":{"_acf_changed":false},"product_brand":[15520],"product_cat":[15380,15362],"product_tag":[],"class_list":{"0":"post-732132","1":"product","2":"type-product","3":"status-publish","4":"has-post-thumbnail","6":"product_brand-microtech","7":"product_cat-folding-knives-sk","8":"product_cat-knives-cs","10":"first","11":"instock","12":"taxable","13":"shipping-taxable","14":"purchasable","15":"product-type-simple"},"acf":[],"_links":{"self":[{"href":"https:\/\/nbg.eu\/cs\/wp-json\/wp\/v2\/product\/732132","targetHints":{"allow":["GET"]}}],"collection":[{"href":"https:\/\/nbg.eu\/cs\/wp-json\/wp\/v2\/product"}],"about":[{"href":"https:\/\/nbg.eu\/cs\/wp-json\/wp\/v2\/types\/product"}],"wp:featuredmedia":[{"embeddable":true,"href":"https:\/\/nbg.eu\/cs\/wp-json\/wp\/v2\/media\/730972"}],"wp:attachment":[{"href":"https:\/\/nbg.eu\/cs\/wp-json\/wp\/v2\/media?parent=732132"}],"wp:term":[{"taxonomy":"product_brand","embeddable":true,"href":"https:\/\/nbg.eu\/cs\/wp-json\/wp\/v2\/product_brand?post=732132"},{"taxonomy":"product_cat","embeddable":true,"href":"https:\/\/nbg.eu\/cs\/wp-json\/wp\/v2\/product_cat?post=732132"},{"taxonomy":"product_tag","embeddable":true,"href":"https:\/\/nbg.eu\/cs\/wp-json\/wp\/v2\/product_tag?post=732132"}],"curies":[{"name":"wp","href":"https:\/\/api.w.org\/{rel}","templated":true}]}}