{"id":732133,"date":"2026-03-13T17:33:09","date_gmt":"2026-03-13T14:33:09","guid":{"rendered":"https:\/\/nbg.eu\/product\/microtech-msi-s-e-black-standard-frag-aluminum-od-green-2\/"},"modified":"2026-03-16T12:24:02","modified_gmt":"2026-03-16T09:24:02","slug":"microtech-msi-s-e-black-standard-frag-aluminum-od-green-2","status":"publish","type":"product","link":"https:\/\/nbg.eu\/cs\/produkt\/microtech-msi-s-e-black-standard-frag-aluminum-od-green-2\/","title":{"rendered":"Microtech MSI S\/E Black Standard Frag Aluminium OD Green"},"content":{"rendered":"<h2>P\u0159ehled<\/h2>\n<p>Microtech MSI (Microtech Standard Issue) p\u0159edstavuje vrchol in\u017een\u00fdrstv\u00ed ru\u010dn\u00edch skl\u00e1da\u010dek spole\u010dnosti Microtech, kombinuj\u00edc\u00ed vysoce v\u00fdkonn\u00e9 n\u00e1stroje s vyt\u0159\u00edben\u00fdm designem. Tato varianta OD Green Frag je vybavena dvoubarevnou \u010dernou \u010depel\u00ed M390MK s jedn\u00edm ost\u0159\u00edm ve v\u00fdrazn\u00e9 hlin\u00edkov\u00e9 rukojeti se vzorem fragment\u016f, kter\u00e1 poskytuje vizu\u00e1ln\u00ed odli\u0161en\u00ed a lep\u0161\u00ed texturu \u00fachopu. Mechanismus z\u00e1mku RAM-LOK poskytuje sk\u00e1lopevn\u00e9 zamyk\u00e1n\u00ed s oboustrann\u00fdm zav\u00edr\u00e1n\u00edm bezpe\u010dn\u00fdm pro prsty, zat\u00edmco ikonick\u00e9 tla\u010d\u00edtko X na obou stran\u00e1ch dod\u00e1v\u00e1 charakteristick\u00fd n\u00e1dech Microtech.<\/p>\n<h3>RAM-LOK Bar Lock System<\/h3>\n<p>Zamykac\u00ed syst\u00e9m ve stylu p\u0159\u00ed\u010dky vyu\u017e\u00edvaj\u00edc\u00ed pevn\u00fd ocelov\u00fd blok poh\u00e1n\u011bn\u00fd jedinou vinutou pru\u017einou, kter\u00fd poskytuje zv\u00fd\u0161enou odolnost a bezpe\u010dn\u00fd zp\u016fsob zav\u00edr\u00e1n\u00ed no\u017ee z obou stran. RAM-LOK je jedn\u00edm z nejsiln\u011bj\u0161\u00edch a nejspolehliv\u011bj\u0161\u00edch dostupn\u00fdch mechanism\u016f ru\u010dn\u00edho zamyk\u00e1n\u00ed slo\u017eek.<\/p>\n<h3>Hlin\u00edkov\u00e1 rukoje\u0165 se vzorem fragment\u016f<\/h3>\n<p>Agresivn\u00ed vzor fr\u00e9zov\u00e1n\u00ed t\u0159\u00edsek obroben\u00fd do hlin\u00edkov\u00e9 rukojeti 6061-T6 vytv\u00e1\u0159\u00ed v\u00fdrazn\u00e9 taktick\u00e9 estetick\u00e9 i funk\u010dn\u00ed vylep\u0161en\u00ed \u00fachopu. V\u00fdstelkov\u00e9 desky z tvrzen\u00e9 oceli dod\u00e1vaj\u00ed struktur\u00e1ln\u00ed tuhost.<\/p>\n<h3>Ikonick\u00e9 tla\u010d\u00edtko X<\/h3>\n<p>Tla\u010d\u00edtko X, kter\u00e9 je typick\u00e9 pro MSI na obou stran\u00e1ch rukojeti, poskytuje v\u00fdrazn\u00fd vizu\u00e1ln\u00ed prvek a z\u00e1rove\u0148 slou\u017e\u00ed jako hmatov\u00fd referen\u010dn\u00ed bod pro orientaci \u00fachopu.<\/p>\n<h3>Pr\u00e9miov\u00e9 komponenty<\/h3>\n<ul>\n<li>Jednob\u0159it\u00e1 \u010depel Bohler M390MK<\/li>\n<li>Hlin\u00edkov\u00e1 rukoje\u0165 OD Green se vzorem fragment\u016f 6061-T6<\/li>\n<li>Vlo\u017ekov\u00e9 desky z tvrzen\u00e9 oceli<\/li>\n<li>Zamykac\u00ed mechanismus p\u0159\u00ed\u010dky RAM-LOK<\/li>\n<li>Titanov\u00fd backspacer<\/li>\n<li>Oboustrann\u00fd kapesn\u00ed klip pro no\u0161en\u00ed v lev\u00e9 ruce<\/li>\n<li>Ikonick\u00e9 tla\u010d\u00edtko X (ob\u011b strany)<\/li>\n<\/ul>\n<h3>Specifikace<\/h3>\n<table class=\"shop_attributes\">\n<tbody>\n<tr>\n<td><strong>Typ<\/strong><\/td>\n<td>Manu\u00e1ln\u00ed slo\u017eka<\/td>\n<\/tr>\n<tr>\n<td><strong>D\u00e9lka \u010depele<\/strong><\/td>\n<td>3,88&#8243;<\/td>\n<\/tr>\n<tr>\n<td><strong>Celkov\u00e1 d\u00e9lka<\/strong><\/td>\n<td>8,93&#8243;<\/td>\n<\/tr>\n<tr>\n<td><strong>Tlou\u0161\u0165ka \u010depele<\/strong><\/td>\n<td>0,16&#8243;<\/td>\n<\/tr>\n<tr>\n<td><strong>Blade Steel<\/strong><\/td>\n<td>Bohler M390MK<\/td>\n<\/tr>\n<tr>\n<td><strong>Materi\u00e1l rukojeti<\/strong><\/td>\n<td>Hlin\u00edk 6061-T6, Frag Pattern (OD Green)<\/td>\n<\/tr>\n<tr>\n<td><strong>Hmotnost<\/strong><\/td>\n<td>5,00 oz<\/td>\n<\/tr>\n<tr>\n<td><strong>Zamknout<\/strong><\/td>\n<td>Bar Lock RAM-LOK<\/td>\n<\/tr>\n<tr>\n<td><strong>Styl \u010depele<\/strong><\/td>\n<td>Single Edge (S\/E)<\/td>\n<\/tr>\n<tr>\n<td><strong>Dokon\u010den\u00ed \u010depele<\/strong><\/td>\n<td>\u010cern\u00e1 (dvoubarevn\u00e1)<\/td>\n<\/tr>\n<tr>\n<td><strong>Typ okraje<\/strong><\/td>\n<td>Prost\u00fd<\/td>\n<\/tr>\n<tr>\n<td><strong>Zem\u011b p\u016fvodu<\/strong><\/td>\n<td>USA<\/td>\n<\/tr>\n<\/tbody>\n<\/table>\n","protected":false},"excerpt":{"rendered":"<p>Manu\u00e1ln\u00ed slo\u017eka MSI (Microtech Standard Issue) z hlin\u00edku OD Green Frag s dvoubarevn\u00fdm \u010dern\u00fdm jednob\u0159it\u00fdm ost\u0159\u00edm M390MK. Li\u0161tov\u00fd z\u00e1mek RAM-LOK s ikonick\u00fdm tla\u010d\u00edtkem X. 3,88\u2033 \u010depel, celkov\u00e1 8,93\u2033, 5,0 oz.<\/p>\n","protected":false},"featured_media":730976,"template":"","meta":{"_acf_changed":false},"product_brand":[15520],"product_cat":[15380,15362],"product_tag":[],"class_list":{"0":"post-732133","1":"product","2":"type-product","3":"status-publish","4":"has-post-thumbnail","6":"product_brand-microtech","7":"product_cat-folding-knives-sk","8":"product_cat-knives-cs","10":"first","11":"instock","12":"taxable","13":"shipping-taxable","14":"purchasable","15":"product-type-simple"},"acf":[],"_links":{"self":[{"href":"https:\/\/nbg.eu\/cs\/wp-json\/wp\/v2\/product\/732133","targetHints":{"allow":["GET"]}}],"collection":[{"href":"https:\/\/nbg.eu\/cs\/wp-json\/wp\/v2\/product"}],"about":[{"href":"https:\/\/nbg.eu\/cs\/wp-json\/wp\/v2\/types\/product"}],"wp:featuredmedia":[{"embeddable":true,"href":"https:\/\/nbg.eu\/cs\/wp-json\/wp\/v2\/media\/730976"}],"wp:attachment":[{"href":"https:\/\/nbg.eu\/cs\/wp-json\/wp\/v2\/media?parent=732133"}],"wp:term":[{"taxonomy":"product_brand","embeddable":true,"href":"https:\/\/nbg.eu\/cs\/wp-json\/wp\/v2\/product_brand?post=732133"},{"taxonomy":"product_cat","embeddable":true,"href":"https:\/\/nbg.eu\/cs\/wp-json\/wp\/v2\/product_cat?post=732133"},{"taxonomy":"product_tag","embeddable":true,"href":"https:\/\/nbg.eu\/cs\/wp-json\/wp\/v2\/product_tag?post=732133"}],"curies":[{"name":"wp","href":"https:\/\/api.w.org\/{rel}","templated":true}]}}