{"id":732134,"date":"2026-03-13T17:33:16","date_gmt":"2026-03-13T14:33:16","guid":{"rendered":"https:\/\/nbg.eu\/product\/microtech-dirac-delta-d-e-dlc-shadow-signature-series-2\/"},"modified":"2026-03-30T15:45:41","modified_gmt":"2026-03-30T12:45:41","slug":"microtech-dirac-delta-d-e-dlc-shadow-signature-series-2","status":"publish","type":"product","link":"https:\/\/nbg.eu\/cs\/produkt\/microtech-dirac-delta-d-e-dlc-shadow-signature-series-2\/","title":{"rendered":"Microtech Dirac Delta D\/E DLC Shadow Signature Series"},"content":{"rendered":"<h2>P\u0159ehled<\/h2>\n<p>Microtech Dirac Delta D\/E DLC Shadow je variantou \u0159ady Signature Series inovativn\u00ed automatiky OTF s nejvy\u0161\u0161\u00edm z\u00e1palem od Microtech. Delta se vzorem po pr\u016fkopnick\u00e9m Diracu m\u00e1 stejn\u00e9 ergonomick\u00e9 \u0161asi a inovativn\u00ed vnit\u0159n\u00ed mechanismus v robustn\u011bj\u0161\u00ed velikosti, p\u0159i\u010dem\u017e tato edice Shadow obsahuje kompletn\u00ed povlak DLC (Diamond-Like Carbon) na \u010depeli d\u00fdky M390MK, hlin\u00edkov\u00e9 rukojeti, hardwaru a kapesn\u00ed spon\u011b. Definuj\u00edc\u00ed naho\u0159e um\u00edst\u011bn\u00e9 vyst\u0159elovac\u00ed tla\u010d\u00edtko umo\u017e\u0148uje intuitivn\u00ed, oboustrann\u00e9 nasazen\u00ed a zata\u017een\u00ed \u010depele p\u0159irozen\u00fdm pohybem palce.<\/p>\n<h3>Naho\u0159e namontovan\u00e9 vypalovac\u00ed tla\u010d\u00edtko<\/h3>\n<p>Na rozd\u00edl od bo\u010dn\u00edch no\u017e\u016f OTF umo\u017e\u0148uje tla\u010d\u00edtko Dirac Delta na krytu p\u0159irozen\u00e9, intuitivn\u00ed stisknut\u00ed palce pro nasazen\u00ed a zata\u017een\u00ed \u010depele. Konstrukce umo\u017e\u0148uje skute\u010dn\u011b oboustrann\u00e9 ovl\u00e1d\u00e1n\u00ed bez zm\u011bny polohy ruky.<\/p>\n<h3>Ergonomick\u00fd podvozek inspirovan\u00fd HALO<\/h3>\n<p>\u0160asi Dirac Delta se vyzna\u010duje zak\u0159iven\u00fdmi liniemi inspirovan\u00fdmi legend\u00e1rn\u00edm Microtech HALO, co\u017e vytv\u00e1\u0159\u00ed charakteristick\u00fd pocit v ruce, kter\u00fd jej odli\u0161uje od tradi\u010dn\u00edch design\u016f OTF s rovn\u00fdmi stranami.<\/p>\n<h3>DLC Shadow Finish<\/h3>\n<p>Kompletn\u00ed povlak Diamond-like Carbon na v\u0161ech povr\u0161\u00edch poskytuje extr\u00e9mn\u00ed tvrdost, odolnost proti opot\u0159eben\u00ed a elegantn\u00ed zatemn\u011bnou estetiku. Povrchov\u00e1 \u00faprava DLC tak\u00e9 p\u0159id\u00e1v\u00e1 vrstvu ochrany proti korozi nad r\u00e1mec ji\u017e odoln\u00e9 oceli M390MK.<\/p>\n<h3>Pr\u00e9miov\u00e9 komponenty<\/h3>\n<ul>\n<li>Dvoub\u0159it\u00e1 \u010depel d\u00fdky Bohler M390MK s povlakem DLC<\/li>\n<li>Hlin\u00edkov\u00e1 rukoje\u0165 6061-T6 s povrchovou \u00fapravou DLC Shadow<\/li>\n<li>Hardware pota\u017een\u00fd DLC a kapesn\u00ed klip<\/li>\n<li>Naho\u0159e um\u00edst\u011bn\u00e9 vypalovac\u00ed tla\u010d\u00edtko pro oboustrann\u00e9 ovl\u00e1d\u00e1n\u00ed<\/li>\n<li>Integrovan\u00fd rozb\u00edje\u010d skla<\/li>\n<li>Ozna\u010den\u00ed \u0159ady Signature<\/li>\n<\/ul>\n<h3>Specifikace<\/h3>\n<table class=\"shop_attributes\">\n<tbody>\n<tr>\n<td><strong>Typ<\/strong><\/td>\n<td>Out-The-Front automaticky<\/td>\n<\/tr>\n<tr>\n<td><strong>D\u00e9lka \u010depele<\/strong><\/td>\n<td>3,79&#8243;<\/td>\n<\/tr>\n<tr>\n<td><strong>Celkov\u00e1 d\u00e9lka<\/strong><\/td>\n<td>9,40&#8243;<\/td>\n<\/tr>\n<tr>\n<td><strong>D\u00e9lka rukojeti<\/strong><\/td>\n<td>5,50&#8243;<\/td>\n<\/tr>\n<tr>\n<td><strong>Blade Steel<\/strong><\/td>\n<td>Bohler M390MK (DLC Coated)<\/td>\n<\/tr>\n<tr>\n<td><strong>Materi\u00e1l rukojeti<\/strong><\/td>\n<td>Hlin\u00edk 6061-T6 (DLC Shadow)<\/td>\n<\/tr>\n<tr>\n<td><strong>Hmotnost<\/strong><\/td>\n<td>4,60 oz<\/td>\n<\/tr>\n<tr>\n<td><strong>Styl \u010depele<\/strong><\/td>\n<td>D\u00fdka \/ dvojit\u00e1 hrana (D\/E)<\/td>\n<\/tr>\n<tr>\n<td><strong>Dokon\u010den\u00ed \u010depele<\/strong><\/td>\n<td>DLC Shadow<\/td>\n<\/tr>\n<tr>\n<td><strong>Hardware<\/strong><\/td>\n<td>DLC Coated<\/td>\n<\/tr>\n<tr>\n<td><strong>Typ okraje<\/strong><\/td>\n<td>Prost\u00fd<\/td>\n<\/tr>\n<tr>\n<td><strong>\u0158ada<\/strong><\/td>\n<td>S\u00e9rie podpis\u016f<\/td>\n<\/tr>\n<tr>\n<td><strong>Zem\u011b p\u016fvodu<\/strong><\/td>\n<td>USA<\/td>\n<\/tr>\n<\/tbody>\n<\/table>\n","protected":false},"excerpt":{"rendered":"<p>Automatick\u00e1 OTF \u0159ady Dirac Delta Signature s plnou povrchovou \u00fapravou DLC Shadow \u2013 dvoub\u0159it\u00e1 \u010depel d\u00fdky M390MK s povlakem DLC a hlin\u00edkov\u00e1 rukoje\u0165 DLC. Naho\u0159e um\u00edst\u011bn\u00e9 vyst\u0159elovac\u00ed tla\u010d\u00edtko. 3,79\u2033 \u010depel, celkov\u00e1 9,40\u2033, 4,6 oz.<\/p>\n","protected":false},"featured_media":730980,"template":"","meta":{"_acf_changed":false},"product_brand":[15520],"product_cat":[15362,15988],"product_tag":[],"class_list":{"0":"post-732134","1":"product","2":"type-product","3":"status-publish","4":"has-post-thumbnail","6":"product_brand-microtech","7":"product_cat-knives-cs","8":"product_cat-otf-knives-cs","10":"first","11":"outofstock","12":"taxable","13":"shipping-taxable","14":"purchasable","15":"product-type-simple"},"acf":[],"_links":{"self":[{"href":"https:\/\/nbg.eu\/cs\/wp-json\/wp\/v2\/product\/732134","targetHints":{"allow":["GET"]}}],"collection":[{"href":"https:\/\/nbg.eu\/cs\/wp-json\/wp\/v2\/product"}],"about":[{"href":"https:\/\/nbg.eu\/cs\/wp-json\/wp\/v2\/types\/product"}],"wp:featuredmedia":[{"embeddable":true,"href":"https:\/\/nbg.eu\/cs\/wp-json\/wp\/v2\/media\/730980"}],"wp:attachment":[{"href":"https:\/\/nbg.eu\/cs\/wp-json\/wp\/v2\/media?parent=732134"}],"wp:term":[{"taxonomy":"product_brand","embeddable":true,"href":"https:\/\/nbg.eu\/cs\/wp-json\/wp\/v2\/product_brand?post=732134"},{"taxonomy":"product_cat","embeddable":true,"href":"https:\/\/nbg.eu\/cs\/wp-json\/wp\/v2\/product_cat?post=732134"},{"taxonomy":"product_tag","embeddable":true,"href":"https:\/\/nbg.eu\/cs\/wp-json\/wp\/v2\/product_tag?post=732134"}],"curies":[{"name":"wp","href":"https:\/\/api.w.org\/{rel}","templated":true}]}}