{"id":732135,"date":"2026-03-13T17:33:20","date_gmt":"2026-03-13T14:33:20","guid":{"rendered":"https:\/\/nbg.eu\/product\/microtech-6-utility-knife-stonewash-titanium-bolster-black-g-10-2\/"},"modified":"2026-03-16T12:24:16","modified_gmt":"2026-03-16T09:24:16","slug":"microtech-6-utility-knife-stonewash-titanium-bolster-black-g-10-2","status":"publish","type":"product","link":"https:\/\/nbg.eu\/cs\/produkt\/microtech-6-utility-knife-stonewash-titanium-bolster-black-g-10-2\/","title":{"rendered":"Microtech 6&#8243; u\u017eitkov\u00fd n\u016f\u017e Stonewash Titanium Bolster Black G-10"},"content":{"rendered":"<h2>P\u0159ehled<\/h2>\n<p>U\u017eitkov\u00fd n\u016f\u017e Microtech 6&#8243; p\u0159in\u00e1\u0161\u00ed do kulin\u00e1\u0159sk\u00e9ho sv\u011bta stejnou nekompromisn\u00ed kvalitu a precizn\u00ed zpracov\u00e1n\u00ed jako u taktick\u00fdch no\u017e\u016f Microtech. Tento u\u017eitkov\u00fd n\u016f\u017e p\u0159eklenuje propast mezi no\u017eem na kr\u00e1jen\u00ed a no\u017eem \u0161\u00e9fkucha\u0159e se svoj\u00ed \u0161t\u00edhlou, ale pevnou 6palcovou \u010depel\u00ed M390MK, kter\u00e1 je ide\u00e1ln\u00ed pro kr\u00e1jen\u00ed ovoce, zeleniny a p\u0159\u00edli\u0161 velk\u00fdch pe\u010den\u00fdch v\u00fdrobk\u016f. potravinov\u011b bezpe\u010dn\u00fd povrch s n\u00edzk\u00fdm osln\u011bn\u00edm a vynikaj\u00edc\u00ed odolnost\u00ed proti korozi, zat\u00edmco titanov\u00e9 v\u00fdztuhy a \u010dern\u00e1 rukoje\u0165 G-10 poskytuj\u00ed profesion\u00e1ln\u00ed \u00fachop, kter\u00fd z\u016fst\u00e1v\u00e1 bezpe\u010dn\u00fd, i kdy\u017e je mokr\u00fd.<\/p>\n<h3>Kulin\u00e1rn\u00ed \u010depel M390MK<\/h3>\n<p>Stejn\u00e1 ocel Bohler M390MK pou\u017eit\u00e1 v taktick\u00fdch no\u017e\u00edch Microtech zaji\u0161\u0165uje zachov\u00e1n\u00ed ostr\u00fdch ost\u0159\u00ed, v\u00fdjime\u010dnou odolnost proti korozi a snadn\u00e9 p\u0159eost\u0159en\u00ed pro roky profesion\u00e1ln\u00edho pou\u017eit\u00ed v kuchyni.<\/p>\n<h3>Konstrukce titanov\u00e9 podp\u011bry<\/h3>\n<p>Otryskan\u00e9 titanov\u00e9 podlo\u017eky 6AL-4V poskytuj\u00ed pohodln\u00fd a vyv\u00e1\u017een\u00fd pocit s p\u0159irozen\u00fdm p\u0159echodem mezi rukojet\u00ed a \u010depel\u00ed. Titan nep\u0159id\u00e1v\u00e1 prakticky \u017e\u00e1dnou v\u00e1hu a z\u00e1rove\u0148 poskytuje v\u00fdjime\u010dnou odolnost.<\/p>\n<h3>V\u00e1hy s rukojet\u00ed G-10<\/h3>\n<p>\u010cern\u00e1 kompozitn\u00ed rukoje\u0165 G-10 nepropou\u0161t\u00ed vlhkost, teplo a chemik\u00e1lie, kter\u00e9 se vyskytuj\u00ed v profesion\u00e1ln\u00edch kuchyn\u00edch, a zaji\u0161\u0165uj\u00ed hygienick\u00fd a odoln\u00fd povrch uchopen\u00ed.<\/p>\n<h3>Pr\u00e9miov\u00e9 komponenty<\/h3>\n<ul>\n<li>\u010cepel Bohler M390MK s ploch\u00fdm brou\u0161en\u00edm a povrchovou \u00fapravou Stonewash<\/li>\n<li>Otryskan\u00e9 titanov\u00e9 podlo\u017eky 6AL-4V<\/li>\n<li>V\u00e1ha s \u010dernou rukojet\u00ed G-10<\/li>\n<li>Konstrukce odoln\u00e1 v\u016f\u010di korozi, bezpe\u010dn\u00e1 pro potraviny<\/li>\n<li>Do\u017eivotn\u00ed z\u00e1ruka<\/li>\n<\/ul>\n<h3>Specifikace<\/h3>\n<table class=\"shop_attributes\">\n<tbody>\n<tr>\n<td><strong>Typ<\/strong><\/td>\n<td>Pevn\u00e1 \u010depel (kulin\u00e1\u0159sk\u00e1)<\/td>\n<\/tr>\n<tr>\n<td><strong>D\u00e9lka \u010depele<\/strong><\/td>\n<td>6,00&#8243;<\/td>\n<\/tr>\n<tr>\n<td><strong>Celkov\u00e1 d\u00e9lka<\/strong><\/td>\n<td>10,54&#8243;<\/td>\n<\/tr>\n<tr>\n<td><strong>Blade Steel<\/strong><\/td>\n<td>Bohler M390MK<\/td>\n<\/tr>\n<tr>\n<td><strong>Dokon\u010den\u00ed \u010depele<\/strong><\/td>\n<td>Stoneash<\/td>\n<\/tr>\n<tr>\n<td><strong>Blade Grind<\/strong><\/td>\n<td>Ploch\u00e9<\/td>\n<\/tr>\n<tr>\n<td><strong>Materi\u00e1l rukojeti<\/strong><\/td>\n<td>\u010cern\u00fd G-10 s titanov\u00fdmi podp\u011brami<\/td>\n<\/tr>\n<tr>\n<td><strong>Materi\u00e1l podlo\u017eky<\/strong><\/td>\n<td>Bead-Basted 6AL-4V Titanium<\/td>\n<\/tr>\n<tr>\n<td><strong>Hmotnost<\/strong><\/td>\n<td>4,54 oz<\/td>\n<\/tr>\n<tr>\n<td><strong>Zem\u011b p\u016fvodu<\/strong><\/td>\n<td>USA<\/td>\n<\/tr>\n<\/tbody>\n<\/table>\n","protected":false},"excerpt":{"rendered":"<p>Microtech 6\u2033 kuchy\u0148sk\u00fd n\u016f\u017e s \u010depel\u00ed Stonewash M390MK, titanov\u00fdmi podp\u011brami a \u010dernou rukojet\u00ed z G-10. P\u0159eklenuje mezeru mezi kr\u00e1je\u010dem a kucha\u0159sk\u00fdm no\u017eem. 6,00\u2033 \u010depel, celkov\u00e1 d\u00e9lka 10,54\u2033, 4,54 oz.<\/p>\n","protected":false},"featured_media":730984,"template":"","meta":{"_acf_changed":false},"product_brand":[15520],"product_cat":[15853,15362],"product_tag":[],"class_list":{"0":"post-732135","1":"product","2":"type-product","3":"status-publish","4":"has-post-thumbnail","6":"product_brand-microtech","7":"product_cat-fixed-blade-knives-cs","8":"product_cat-knives-cs","10":"first","11":"outofstock","12":"taxable","13":"shipping-taxable","14":"purchasable","15":"product-type-simple"},"acf":[],"_links":{"self":[{"href":"https:\/\/nbg.eu\/cs\/wp-json\/wp\/v2\/product\/732135","targetHints":{"allow":["GET"]}}],"collection":[{"href":"https:\/\/nbg.eu\/cs\/wp-json\/wp\/v2\/product"}],"about":[{"href":"https:\/\/nbg.eu\/cs\/wp-json\/wp\/v2\/types\/product"}],"wp:featuredmedia":[{"embeddable":true,"href":"https:\/\/nbg.eu\/cs\/wp-json\/wp\/v2\/media\/730984"}],"wp:attachment":[{"href":"https:\/\/nbg.eu\/cs\/wp-json\/wp\/v2\/media?parent=732135"}],"wp:term":[{"taxonomy":"product_brand","embeddable":true,"href":"https:\/\/nbg.eu\/cs\/wp-json\/wp\/v2\/product_brand?post=732135"},{"taxonomy":"product_cat","embeddable":true,"href":"https:\/\/nbg.eu\/cs\/wp-json\/wp\/v2\/product_cat?post=732135"},{"taxonomy":"product_tag","embeddable":true,"href":"https:\/\/nbg.eu\/cs\/wp-json\/wp\/v2\/product_tag?post=732135"}],"curies":[{"name":"wp","href":"https:\/\/api.w.org\/{rel}","templated":true}]}}