{"id":747038,"date":"2026-04-16T10:51:25","date_gmt":"2026-04-16T07:51:25","guid":{"rendered":"https:\/\/nbg.eu\/product\/kmr-strenky-l-dotmatrix-kratke-pro-orca-emiq\/"},"modified":"2026-04-16T16:09:08","modified_gmt":"2026-04-16T13:09:08","slug":"kmr-strenky-l-dotmatrix-kratke-pro-orca-emiq","status":"publish","type":"product","link":"https:\/\/nbg.eu\/cs\/produkt\/kmr-strenky-l-dotmatrix-kratke-pro-orca-emiq\/","title":{"rendered":"KMR St\u0159enky L DotMatrix Kr\u00e1tk\u00e9 pro Orca, EMIQ"},"content":{"rendered":"<h2>ST\u0158ENKY KMR L DotMatrix<\/h2>\n<p>Enhance your shooting experience with the St\u0159enky KMR L DotMatrix. These durable grips are crafted from anodized duralumin and offer excellent grip and control.<\/p>\n<ul>\n<li>Durable anodized duralumin construction<\/li>\n<li>Aggressive texture for a secure grip<\/li>\n<li>Ideal for upgrading or competition firearms<\/li>\n<li>Includes torx screws for easy installation<\/li>\n<li>Features KMR logo<\/li>\n<li>Available in multiple colors<\/li>\n<\/ul>\n<dl class=\"data-sheet\">\n<dt class=\"name\">For Weapons KMR<\/dt>\n<dd class=\"value\">KMR L-02 EMIQ<br \/>\nKMR L-02 EMIQ (OR)<br \/>\nKMR L-02 ORCA (UNTIL 2023)<\/dd>\n<\/dl>\n","protected":false},"excerpt":{"rendered":"<p>KMR St\u0159enky &#8211; duralumin, ORCA, EMIQ. Golf ball pattern, short.<\/p>\n","protected":false},"featured_media":24286,"template":"","meta":{"_acf_changed":false},"product_brand":[11490],"product_cat":[12659,14865],"product_tag":[],"class_list":{"0":"post-747038","1":"product","2":"type-product","3":"status-publish","4":"has-post-thumbnail","6":"product_brand-kmr-precision","7":"product_cat-kmr-dily","8":"product_cat-pistol-grips-cs","10":"first","11":"instock","12":"taxable","13":"shipping-taxable","14":"purchasable","15":"product-type-variable","16":"wvs-archive-product-wrapper"},"acf":[],"_links":{"self":[{"href":"https:\/\/nbg.eu\/cs\/wp-json\/wp\/v2\/product\/747038","targetHints":{"allow":["GET"]}}],"collection":[{"href":"https:\/\/nbg.eu\/cs\/wp-json\/wp\/v2\/product"}],"about":[{"href":"https:\/\/nbg.eu\/cs\/wp-json\/wp\/v2\/types\/product"}],"wp:featuredmedia":[{"embeddable":true,"href":"https:\/\/nbg.eu\/cs\/wp-json\/wp\/v2\/media\/24286"}],"wp:attachment":[{"href":"https:\/\/nbg.eu\/cs\/wp-json\/wp\/v2\/media?parent=747038"}],"wp:term":[{"taxonomy":"product_brand","embeddable":true,"href":"https:\/\/nbg.eu\/cs\/wp-json\/wp\/v2\/product_brand?post=747038"},{"taxonomy":"product_cat","embeddable":true,"href":"https:\/\/nbg.eu\/cs\/wp-json\/wp\/v2\/product_cat?post=747038"},{"taxonomy":"product_tag","embeddable":true,"href":"https:\/\/nbg.eu\/cs\/wp-json\/wp\/v2\/product_tag?post=747038"}],"curies":[{"name":"wp","href":"https:\/\/api.w.org\/{rel}","templated":true}]}}