{"id":748656,"date":"2026-04-16T10:56:47","date_gmt":"2026-04-16T07:56:47","guid":{"rendered":"https:\/\/nbg.eu\/product\/kmr-vedeni-vratne-pruziny-nerez\/"},"modified":"2026-04-16T16:08:34","modified_gmt":"2026-04-16T13:08:34","slug":"kmr-vedeni-vratne-pruziny-nerez","status":"publish","type":"product","link":"https:\/\/nbg.eu\/cs\/produkt\/kmr-vedeni-vratne-pruziny-nerez\/","title":{"rendered":"KMR Veden\u00ed Vratn\u00e9 Pru\u017einy Nerez"},"content":{"rendered":"<h2>Veden\u00ed Vratn\u00e9 Pru\u017einy KMR 5&#8243; Nerez<\/h2>\n<p>Crafted from high-quality stainless steel, the Veden\u00ed Vratn\u00e9 Pru\u017einy KMR 5&#8243; Nerez provides enhanced durability and corrosion resistance. Its 5-inch length offers a perfect fit, providing the necessary stability and control during recoil.<\/p>\n<p>With its sleek and modern design, the Veden\u00ed Vratn\u00e9 Pru\u017einy KMR 5&#8243; Nerez not only improves the functionality of your weapon but also enhances its overall stability.<\/p>\n<p>For Weapons KMR<\/p>\n<p>KMR L-02 ORCA FROM 2024<\/p>\n<p>KMR L-02 ORCA UNTIL 2023<\/p>\n<p>KMR L-02 SPECTRA FROM 2024<\/p>\n<p>KMR L-02 SPECTRA UNTIL 2023<\/p>\n","protected":false},"excerpt":{"rendered":"<p>Veden\u00ed Vratn\u00e9 Pru\u017einy KMR 5&#8243; Nerez &#8211; KMR L-02 ORCA &amp; SPECTRA.<\/p>\n","protected":false},"featured_media":25654,"template":"","meta":{"_acf_changed":false},"product_brand":[11490],"product_cat":[12659,12677],"product_tag":[],"class_list":{"0":"post-748656","1":"product","2":"type-product","3":"status-publish","4":"has-post-thumbnail","6":"product_brand-kmr-precision","7":"product_cat-kmr-dily","8":"product_cat-pruziny","10":"first","11":"instock","12":"taxable","13":"shipping-taxable","14":"product-type-variable","15":"wvs-archive-product-wrapper"},"acf":[],"_links":{"self":[{"href":"https:\/\/nbg.eu\/cs\/wp-json\/wp\/v2\/product\/748656","targetHints":{"allow":["GET"]}}],"collection":[{"href":"https:\/\/nbg.eu\/cs\/wp-json\/wp\/v2\/product"}],"about":[{"href":"https:\/\/nbg.eu\/cs\/wp-json\/wp\/v2\/types\/product"}],"wp:featuredmedia":[{"embeddable":true,"href":"https:\/\/nbg.eu\/cs\/wp-json\/wp\/v2\/media\/25654"}],"wp:attachment":[{"href":"https:\/\/nbg.eu\/cs\/wp-json\/wp\/v2\/media?parent=748656"}],"wp:term":[{"taxonomy":"product_brand","embeddable":true,"href":"https:\/\/nbg.eu\/cs\/wp-json\/wp\/v2\/product_brand?post=748656"},{"taxonomy":"product_cat","embeddable":true,"href":"https:\/\/nbg.eu\/cs\/wp-json\/wp\/v2\/product_cat?post=748656"},{"taxonomy":"product_tag","embeddable":true,"href":"https:\/\/nbg.eu\/cs\/wp-json\/wp\/v2\/product_tag?post=748656"}],"curies":[{"name":"wp","href":"https:\/\/api.w.org\/{rel}","templated":true}]}}